{"id":26857,"date":"2025-06-16T14:26:49","date_gmt":"2025-06-16T14:26:49","guid":{"rendered":"https:\/\/para-pharmacity.tn\/?post_type=product&#038;p=26857"},"modified":"2025-06-16T14:26:49","modified_gmt":"2025-06-16T14:26:49","slug":"svr-xerial-gommage-corps-100g","status":"publish","type":"product","link":"https:\/\/para-pharmacity.tn\/?product=svr-xerial-gommage-corps-100g","title":{"rendered":"SVR XERIAL GOMMAGE CORPS 100G"},"content":{"rendered":"<p style=\"font-weight: 400;\">XERIAL Gommage, le 1er gommage* dermatologique en grains formul\u00e9 sans eau et 100% d\u2019origine naturelle pour \u00e9liminer rugosit\u00e9s et squames. Apr\u00e8s une seule utilisation, il \u00e9limine efficacement les cellules mortes, lisse la peau et uniformise le grain de peau et votre peau retrouve sa douceur !Son + : Sa dose personnalisable ! Uniquement compos\u00e9 de noyaux d\u2019olives et de p\u00e9pins de raisins, il permet de choisir la bonne quantit\u00e9 de grains : celle dont votre peau a besoin.<\/p>\n<p style=\"font-weight: 400;\">Formul\u00e9 pour :<\/p>\n<p style=\"font-weight: 400;\">Peaux \u00e9paissies, rugueuses avec des irr\u00e9gularit\u00e9s cutan\u00e9es, squames, poils incarn\u00e9s, tendance \u00e0 la k\u00e9ratose pilaire. Adapt\u00e9 aux peaux sensibles, aux peaux s\u00e8ches \u00e0 tr\u00e8s s\u00e8ches.<\/p>\n<p style=\"font-weight: 400;\">Graines de tailles diff\u00e9rentes :<\/p>\n<p style=\"font-weight: 400;\">M\u00e9lange de grains de tailles diff\u00e9rentes qui permet une exfoliation efficace sans faire mal<\/p>\n<p style=\"font-weight: 400;\"><b><strong>Conseils d&rsquo;utilisation :<\/strong><\/b><\/p>\n<p style=\"font-weight: 400;\">A utiliser sous la douche 1 \u00e0 2 fois par semaine pour \u00e9liminer imm\u00e9diatement les cellules mortes et r\u00e9duire l\u2019apparition de rugosit\u00e9s et de poils incarn\u00e9s.<\/p>\n<p style=\"font-weight: 400;\">2 utilisations possibles :<\/p>\n<p style=\"font-weight: 400;\">1\/ Seul pour une exfoliation intense : verser dans la main pr\u00e9alablement mouill\u00e9e la quantit\u00e9 de grains souhait\u00e9e. Masser en mouvement circulaire sur peau mouill\u00e9e pour d\u00e9loger les cellules mortes et redynamiser la peau. Insister sur les zones rugueuses. Rincer.<\/p>\n<p style=\"font-weight: 400;\">2\/ M\u00e9lang\u00e9 \u00e0 l\u2019Huile Lavante Topialyse ou votre produit d\u2019hygi\u00e8ne habituel pour plus de douceur : d\u00e9poser au creux de votre main votre soin lavant, rajouter par-dessus la quantit\u00e9 de grains souhait\u00e9e puis masser par mouvement circulaire sur peau mouill\u00e9e. Insister sur les zones rugueuses. Rincer.<\/p>\n<p style=\"font-weight: 400;\"><b><strong>Composition :<\/strong><\/b><\/p>\n<p style=\"font-weight: 400;\">vitis vinifera (grape) seed powder, olea europaea (olive) seed .<\/p>\n","protected":false},"excerpt":{"rendered":"<p>SVR Xerial Gommage Corps est un exfoliant dermatologique 100% naturel, sans eau, qui \u00e9limine les cellules mortes et lisse la peau. Sa formule personnalisable, \u00e0 base de noyaux d&rsquo;olives et de p\u00e9pins de raisins, convient aux peaux sensibles et rugueuses.<\/p>\n","protected":false},"featured_media":26858,"comment_status":"open","ping_status":"closed","template":"","meta":[],"product_cat":[235],"product_tag":[],"class_list":{"0":"post-26857","1":"product","2":"type-product","3":"status-publish","4":"has-post-thumbnail","6":"product_cat-corps","8":"first","9":"instock","10":"shipping-taxable","11":"purchasable","12":"product-type-simple"},"jetpack_sharing_enabled":true,"_links":{"self":[{"href":"https:\/\/para-pharmacity.tn\/index.php?rest_route=\/wp\/v2\/product\/26857","targetHints":{"allow":["GET"]}}],"collection":[{"href":"https:\/\/para-pharmacity.tn\/index.php?rest_route=\/wp\/v2\/product"}],"about":[{"href":"https:\/\/para-pharmacity.tn\/index.php?rest_route=\/wp\/v2\/types\/product"}],"replies":[{"embeddable":true,"href":"https:\/\/para-pharmacity.tn\/index.php?rest_route=%2Fwp%2Fv2%2Fcomments&post=26857"}],"version-history":[{"count":1,"href":"https:\/\/para-pharmacity.tn\/index.php?rest_route=\/wp\/v2\/product\/26857\/revisions"}],"predecessor-version":[{"id":26861,"href":"https:\/\/para-pharmacity.tn\/index.php?rest_route=\/wp\/v2\/product\/26857\/revisions\/26861"}],"wp:featuredmedia":[{"embeddable":true,"href":"https:\/\/para-pharmacity.tn\/index.php?rest_route=\/wp\/v2\/media\/26858"}],"wp:attachment":[{"href":"https:\/\/para-pharmacity.tn\/index.php?rest_route=%2Fwp%2Fv2%2Fmedia&parent=26857"}],"wp:term":[{"taxonomy":"product_cat","embeddable":true,"href":"https:\/\/para-pharmacity.tn\/index.php?rest_route=%2Fwp%2Fv2%2Fproduct_cat&post=26857"},{"taxonomy":"product_tag","embeddable":true,"href":"https:\/\/para-pharmacity.tn\/index.php?rest_route=%2Fwp%2Fv2%2Fproduct_tag&post=26857"}],"curies":[{"name":"wp","href":"https:\/\/api.w.org\/{rel}","templated":true}]}}