{"id":26462,"date":"2025-05-30T14:27:15","date_gmt":"2025-05-30T14:27:15","guid":{"rendered":"https:\/\/para-pharmacity.tn\/?post_type=product&#038;p=26462"},"modified":"2025-05-30T14:27:15","modified_gmt":"2025-05-30T14:27:15","slug":"vagi-germina-bte414-gellules","status":"publish","type":"product","link":"https:\/\/para-pharmacity.tn\/?product=vagi-germina-bte414-gellules","title":{"rendered":"VAGI GERMINA BTE4*14 GELLULES"},"content":{"rendered":"<h2>Xen vagi germina bo\u00eete 4*14 capsules vaginales<\/h2>\n<div>Vagi Germina est un dispositif m\u00e9dical contenant 1 milliard d\u2019UFC de la souche Lactobacillus crispatus. Cette bact\u00e9rie b\u00e9n\u00e9fique est naturellement pr\u00e9sente dans le vagin et poss\u00e8de une forte capacit\u00e9 d\u2019adh\u00e9sion \u00e0 la paroi vaginale. Vagi Germina fournit une quantit\u00e9 importante de lactobacilles pour restaurer une v\u00e9ritable barri\u00e8re au niveau de la muqueuse vaginale.<\/div>\n<h3>Conseils d\u2019utilisation<\/h3>\n<ul>\n<li><strong>Voie d\u2019administration :<\/strong>\u00a0Voie intravaginale profonde. Ne pas avaler.<\/li>\n<\/ul>\n","protected":false},"excerpt":{"rendered":"<p>Vagi Germina est un dispositif m\u00e9dical contenant 1\u00a0milliard d\u2019UFC de la souche Lactobacillus crispatus.<\/p>\n","protected":false},"featured_media":26463,"comment_status":"open","ping_status":"closed","template":"","meta":[],"product_cat":[286],"product_tag":[],"class_list":{"0":"post-26462","1":"product","2":"type-product","3":"status-publish","4":"has-post-thumbnail","6":"product_cat-complement-alimentaire","8":"first","9":"instock","10":"shipping-taxable","11":"purchasable","12":"product-type-simple"},"jetpack_sharing_enabled":true,"_links":{"self":[{"href":"https:\/\/para-pharmacity.tn\/index.php?rest_route=\/wp\/v2\/product\/26462","targetHints":{"allow":["GET"]}}],"collection":[{"href":"https:\/\/para-pharmacity.tn\/index.php?rest_route=\/wp\/v2\/product"}],"about":[{"href":"https:\/\/para-pharmacity.tn\/index.php?rest_route=\/wp\/v2\/types\/product"}],"replies":[{"embeddable":true,"href":"https:\/\/para-pharmacity.tn\/index.php?rest_route=%2Fwp%2Fv2%2Fcomments&post=26462"}],"version-history":[{"count":1,"href":"https:\/\/para-pharmacity.tn\/index.php?rest_route=\/wp\/v2\/product\/26462\/revisions"}],"predecessor-version":[{"id":26464,"href":"https:\/\/para-pharmacity.tn\/index.php?rest_route=\/wp\/v2\/product\/26462\/revisions\/26464"}],"wp:featuredmedia":[{"embeddable":true,"href":"https:\/\/para-pharmacity.tn\/index.php?rest_route=\/wp\/v2\/media\/26463"}],"wp:attachment":[{"href":"https:\/\/para-pharmacity.tn\/index.php?rest_route=%2Fwp%2Fv2%2Fmedia&parent=26462"}],"wp:term":[{"taxonomy":"product_cat","embeddable":true,"href":"https:\/\/para-pharmacity.tn\/index.php?rest_route=%2Fwp%2Fv2%2Fproduct_cat&post=26462"},{"taxonomy":"product_tag","embeddable":true,"href":"https:\/\/para-pharmacity.tn\/index.php?rest_route=%2Fwp%2Fv2%2Fproduct_tag&post=26462"}],"curies":[{"name":"wp","href":"https:\/\/api.w.org\/{rel}","templated":true}]}}