{"id":26402,"date":"2025-05-29T11:40:40","date_gmt":"2025-05-29T11:40:40","guid":{"rendered":"https:\/\/para-pharmacity.tn\/?post_type=product&#038;p=26402"},"modified":"2025-05-29T11:40:40","modified_gmt":"2025-05-29T11:40:40","slug":"vessie-a-glaces-15-cm-small","status":"publish","type":"product","link":"https:\/\/para-pharmacity.tn\/?product=vessie-a-glaces-15-cm-small","title":{"rendered":"VESSIE A GLACES 15 CM SMALL"},"content":{"rendered":"<h1>Vessie \u00e0 glace 15cm<\/h1>\n<p>La Vessie \u00e0 glace est fabriqu\u00e9e \u00e0 partir de mat\u00e9riaux en polyester de haute qualit\u00e9, avec une longue dur\u00e9e de vie et une r\u00e9sistance \u00e0 l\u2019usure, et l\u2019ext\u00e9rieur est recouvert de PVC pour \u00e9viter les fuites.<\/p>\n<p>Pendant la th\u00e9rapie par le froid, remplissez simplement le sac de glace avec les deux tiers de glace et d\u2019eau pour soulager les maux de t\u00eate, les ecchymoses, les migraines, les douleurs musculaires et les gonflements. Pendant l\u2019hyperthermie, veuillez ajouter de l\u2019eau ti\u00e8de pour soulager les maux d\u2019estomac, les migraines, les sinus et les douleurs articulaires.<\/p>\n<p>Il convient \u00e0 la th\u00e9rapie par le froid, qui aide \u00e0 r\u00e9duire la douleur et l\u2019enflure caus\u00e9es par des \u00e9corchures mineures, des ecchymoses, des douleurs musculaires, des entorses et des foulures. Il est recommand\u00e9 pour aider \u00e0 soulager la douleur, r\u00e9duire l\u2019enflure et acc\u00e9l\u00e9rer la r\u00e9cup\u00e9ration.<\/p>\n<p>La conception compacte et confortable du sac de glace vous permet de transporter le sac de glace dans votre bureau, votre voiture et votre maison, ce qui est pratique \u00e0 transporter et \u00e9vite la douleur.<\/p>\n","protected":false},"excerpt":{"rendered":"<p><strong>Vessie \u00e0 glace<\/strong>\u00a0en tissu: Dispositif utilis\u00e9 pour appliquer de la glace sur une partie du corps pour la refroidir et ainsi d\u00e9congestionner ou calmer la douleur. Vessie \u00e0 glace disponible en trois dimensions au choix.<\/p>\n","protected":false},"featured_media":26403,"comment_status":"open","ping_status":"closed","template":"","meta":[],"product_cat":[202],"product_tag":[],"class_list":{"0":"post-26402","1":"product","2":"type-product","3":"status-publish","4":"has-post-thumbnail","6":"product_cat-consommable","8":"first","9":"instock","10":"shipping-taxable","11":"purchasable","12":"product-type-simple"},"jetpack_sharing_enabled":true,"_links":{"self":[{"href":"https:\/\/para-pharmacity.tn\/index.php?rest_route=\/wp\/v2\/product\/26402","targetHints":{"allow":["GET"]}}],"collection":[{"href":"https:\/\/para-pharmacity.tn\/index.php?rest_route=\/wp\/v2\/product"}],"about":[{"href":"https:\/\/para-pharmacity.tn\/index.php?rest_route=\/wp\/v2\/types\/product"}],"replies":[{"embeddable":true,"href":"https:\/\/para-pharmacity.tn\/index.php?rest_route=%2Fwp%2Fv2%2Fcomments&post=26402"}],"version-history":[{"count":1,"href":"https:\/\/para-pharmacity.tn\/index.php?rest_route=\/wp\/v2\/product\/26402\/revisions"}],"predecessor-version":[{"id":26404,"href":"https:\/\/para-pharmacity.tn\/index.php?rest_route=\/wp\/v2\/product\/26402\/revisions\/26404"}],"wp:featuredmedia":[{"embeddable":true,"href":"https:\/\/para-pharmacity.tn\/index.php?rest_route=\/wp\/v2\/media\/26403"}],"wp:attachment":[{"href":"https:\/\/para-pharmacity.tn\/index.php?rest_route=%2Fwp%2Fv2%2Fmedia&parent=26402"}],"wp:term":[{"taxonomy":"product_cat","embeddable":true,"href":"https:\/\/para-pharmacity.tn\/index.php?rest_route=%2Fwp%2Fv2%2Fproduct_cat&post=26402"},{"taxonomy":"product_tag","embeddable":true,"href":"https:\/\/para-pharmacity.tn\/index.php?rest_route=%2Fwp%2Fv2%2Fproduct_tag&post=26402"}],"curies":[{"name":"wp","href":"https:\/\/api.w.org\/{rel}","templated":true}]}}