{"id":26373,"date":"2025-05-23T16:50:34","date_gmt":"2025-05-23T16:50:34","guid":{"rendered":"https:\/\/para-pharmacity.tn\/?post_type=product&#038;p=26373"},"modified":"2026-01-21T10:34:20","modified_gmt":"2026-01-21T10:34:20","slug":"vitabiotics-neurozan-original-b30","status":"publish","type":"product","link":"https:\/\/para-pharmacity.tn\/?product=vitabiotics-neurozan-original-b30","title":{"rendered":"VITABIOTICS NEUROZAN ORIGINAL B30"},"content":{"rendered":"<p>D\u00e9couvrez notre nouvelle formule am\u00e9lior\u00e9e, enrichie en 5-HTP. Le cerveau, en tant que machine la plus complexe de l&rsquo;univers et composante essentielle du syst\u00e8me nerveux, abrite plus de 10 milliards de neurones interconnect\u00e9s, reliant nos sens, nos mouvements et notre m\u00e9moire. Il n\u00e9cessite une vari\u00e9t\u00e9 de nutriments qui agissent en synergie pour garantir sa sant\u00e9 et son efficacit\u00e9, consommant \u00e0 lui seul environ 30 % de l&rsquo;\u00e9nergie tir\u00e9e de notre alimentation. Tout comme une machine, la qualit\u00e9 de ce que vous fournissez \u00e0 votre cerveau influence ses performances.<\/p>\n<p>&nbsp;<\/p>\n<p>Pour soutenir la sant\u00e9 \u00e0 long terme de votre cerveau, un r\u00e9gime \u00e9quilibr\u00e9, riche en fruits et l\u00e9gumes frais, ainsi qu&rsquo;en prot\u00e9ines, graisses saines et glucides, est essentiel. Certains nutriments se r\u00e9v\u00e8lent particuli\u00e8rement b\u00e9n\u00e9fiques. Neurozan est la premi\u00e8re \u00ab capsule intelligente \u00bb \u00e0 int\u00e9grer de la phosphatidyls\u00e9rine, du DHA hautement concentr\u00e9 et d&rsquo;autres nutriments essentiels au bon fonctionnement c\u00e9r\u00e9bral.<\/p>\n<p>&nbsp;<\/p>\n<p>Neurozan a \u00e9t\u00e9 con\u00e7u pour soutenir divers aspects de la sant\u00e9 cognitive, y compris le fonctionnement et la performance du cerveau. Sa combinaison unique d&rsquo;ingr\u00e9dients favorables \u00e0 la sant\u00e9 c\u00e9r\u00e9brale inclut la phosphatidyls\u00e9rine, la coenzyme Q10 et un DHA tr\u00e8s concentr\u00e9 (50 %).<\/p>\n<p>&nbsp;<\/p>\n<p>&#8211; Phosphatidyls\u00e9rine : Composant essentiel des membranes cellulaires, elle joue de nombreux r\u00f4les structurels et fonctionnels dans le syst\u00e8me nerveux, aidant \u00e0 maintenir les fonctions c\u00e9r\u00e9brales souvent affect\u00e9es par le vieillissement.<\/p>\n<p>&#8211; Coenzyme Q10 : Nutriment pr\u00e9cieux agissant comme antioxydant et cofacteur dans le transport d&rsquo;\u00e9lectrons, dont les niveaux diminuent avec l&rsquo;\u00e2ge.<\/p>\n<p>&#8211; DHA concentr\u00e9 (50 %) : Un acide gras essentiel pour le syst\u00e8me nerveux central et les membranes neuronales.<\/p>\n<p>&#8211; L-Arginine : Pr\u00e9curseur de l&rsquo;oxyde nitrique, un messager entre les neurones.<\/p>\n<p>&#8211; Glutamine : Utilis\u00e9e par les neurones pour synth\u00e9tiser le neurotransmetteur glutamate.<\/p>\n<p>&#8211; Acide folique : Impliqu\u00e9 dans la structure neuronale et la synth\u00e8se de la S-ad\u00e9nosylm\u00e9thionine (SAM).<\/p>\n<p>&#8211; Vitamine C : Prot\u00e8ge contre le stress oxydatif dans le syst\u00e8me nerveux central.<\/p>\n<p>&#8211; Vitamine E : Antioxydant liposoluble crucial pour d\u00e9fendre les neurones contre les radicaux libres.<\/p>\n<p>&#8211; Zinc : Pr\u00e9sent en forte concentration dans certains neurones.<\/p>\n<p>&#8211; Fer : Essentiel pour les fonctions c\u00e9r\u00e9brales, en particulier l&rsquo;apprentissage et la m\u00e9moire.<\/p>\n<p>&nbsp;<\/p>\n<p>Neurozan Capsules ne contiennent ni colorants artificiels, ni gluten, ni conservateurs, ni sucre, ni sel, ni levure.<\/p>\n<p>&nbsp;<\/p>\n<p><strong>Mode d&#8217;emploi :\u00a0<\/strong><\/p>\n<p>Prenez une capsule par jour avec votre repas principal.<\/p>\n","protected":false},"excerpt":{"rendered":"<p>Soutien essentiel pour maintenir une fonction cognitive optimale et une sant\u00e9 mentale robuste<\/p>\n","protected":false},"featured_media":26374,"comment_status":"open","ping_status":"closed","template":"","meta":[],"product_cat":[20],"product_tag":[],"class_list":{"0":"post-26373","1":"product","2":"type-product","3":"status-publish","4":"has-post-thumbnail","6":"product_cat-accessories","8":"first","9":"instock","10":"shipping-taxable","11":"purchasable","12":"product-type-simple"},"jetpack_sharing_enabled":true,"_links":{"self":[{"href":"https:\/\/para-pharmacity.tn\/index.php?rest_route=\/wp\/v2\/product\/26373","targetHints":{"allow":["GET"]}}],"collection":[{"href":"https:\/\/para-pharmacity.tn\/index.php?rest_route=\/wp\/v2\/product"}],"about":[{"href":"https:\/\/para-pharmacity.tn\/index.php?rest_route=\/wp\/v2\/types\/product"}],"replies":[{"embeddable":true,"href":"https:\/\/para-pharmacity.tn\/index.php?rest_route=%2Fwp%2Fv2%2Fcomments&post=26373"}],"version-history":[{"count":1,"href":"https:\/\/para-pharmacity.tn\/index.php?rest_route=\/wp\/v2\/product\/26373\/revisions"}],"predecessor-version":[{"id":26375,"href":"https:\/\/para-pharmacity.tn\/index.php?rest_route=\/wp\/v2\/product\/26373\/revisions\/26375"}],"wp:featuredmedia":[{"embeddable":true,"href":"https:\/\/para-pharmacity.tn\/index.php?rest_route=\/wp\/v2\/media\/26374"}],"wp:attachment":[{"href":"https:\/\/para-pharmacity.tn\/index.php?rest_route=%2Fwp%2Fv2%2Fmedia&parent=26373"}],"wp:term":[{"taxonomy":"product_cat","embeddable":true,"href":"https:\/\/para-pharmacity.tn\/index.php?rest_route=%2Fwp%2Fv2%2Fproduct_cat&post=26373"},{"taxonomy":"product_tag","embeddable":true,"href":"https:\/\/para-pharmacity.tn\/index.php?rest_route=%2Fwp%2Fv2%2Fproduct_tag&post=26373"}],"curies":[{"name":"wp","href":"https:\/\/api.w.org\/{rel}","templated":true}]}}