{"id":26366,"date":"2025-05-23T16:18:51","date_gmt":"2025-05-23T16:18:51","guid":{"rendered":"https:\/\/para-pharmacity.tn\/?post_type=product&#038;p=26366"},"modified":"2025-05-23T16:18:51","modified_gmt":"2025-05-23T16:18:51","slug":"vitabiotics-osteocare-vitamine-d-b90","status":"publish","type":"product","link":"https:\/\/para-pharmacity.tn\/?product=vitabiotics-osteocare-vitamine-d-b90","title":{"rendered":"VITABIOTICS OSTEOCARE VITAMINE D B90"},"content":{"rendered":"<h2>Vitabiotics Osteocare Original 90 Comprim\u00e9s<\/h2>\n<p>-La science de la bonne structure osseuse Le num\u00e9ro un suppl\u00e9ment de calcium dans le Royaume-Uni, la formule originale de la tablette Osteocare a \u00e9t\u00e9 d\u00e9velopp\u00e9 par d\u2019\u00e9minents m\u00e9decins et les pharmaciens.<\/p>\n<p>-La formule bien \u00e9quilibr\u00e9e fournit une riche source de calcium avec des cofacteurs pour aider \u00e0 maintenir des os solides et des dents, ainsi que la sant\u00e9 du cur, les muscles et les nerfs.<\/p>\n<p>-La formule comprend les indemnit\u00e9s plein quotidienne recommand\u00e9e de calcium et de magn\u00e9sium, qui jouent un r\u00f4le vital dans le d\u00e9veloppement des os, avec la vitamine D3 et zinc.<\/p>\n<p>-Avec vitamine D (sous la forme D3 de pr\u00e9f\u00e9rence) et de zinc La vitamine D contribue \u00e0 la croissance normale des os et d\u00e9veloppement en aidant les os \u00e0 absorber le calcium.<\/p>\n<p><strong>Mode d\u2019emploi<\/strong><\/p>\n<p>Prendre deux comprim\u00e9s par jour avec un repas principal.<\/p>\n<p><strong>Ingr\u00e9dients<\/strong><\/p>\n<p>Calcium, Magn\u00e9sium, Le zinc, Vitamine D, Mangan\u00e8se Selenium, Cuivre, Boron.<\/p>\n","protected":false},"excerpt":{"rendered":"<p>La science de la bonne structure osseuse Le num\u00e9ro un suppl\u00e9ment de calcium dans le Royaume-Uni, la formule originale de la tablette Osteocare a \u00e9t\u00e9 d\u00e9velopp\u00e9 par d\u2019\u00e9minents m\u00e9decins et les pharmaciens. La formule bien \u00e9quilibr\u00e9e fournit une riche source de calcium avec des co-facteurs pour aider \u00e0 maintenir des os solides et des dents, ainsi que la sant\u00e9 du cur, les muscles et les nerfs. La formule comprend les indemnit\u00e9s plein quotidienne recommand\u00e9e de calcium et de magn\u00e9sium, qui jouent un r\u00f4le vital dans le d\u00e9veloppement des os, avec la vitamine D3 et zinc. Avec vitamine D (sous la forme D3 de pr\u00e9f\u00e9rence) et de zinc La vitamine D contribue \u00e0 la croissance normale des os et d\u00e9veloppement en aidant les os \u00e0 absorber le calcium.<\/p>\n","protected":false},"featured_media":26367,"comment_status":"open","ping_status":"closed","template":"","meta":[],"product_cat":[286],"product_tag":[],"class_list":{"0":"post-26366","1":"product","2":"type-product","3":"status-publish","4":"has-post-thumbnail","6":"product_cat-complement-alimentaire","8":"first","9":"instock","10":"shipping-taxable","11":"purchasable","12":"product-type-simple"},"jetpack_sharing_enabled":true,"_links":{"self":[{"href":"https:\/\/para-pharmacity.tn\/index.php?rest_route=\/wp\/v2\/product\/26366","targetHints":{"allow":["GET"]}}],"collection":[{"href":"https:\/\/para-pharmacity.tn\/index.php?rest_route=\/wp\/v2\/product"}],"about":[{"href":"https:\/\/para-pharmacity.tn\/index.php?rest_route=\/wp\/v2\/types\/product"}],"replies":[{"embeddable":true,"href":"https:\/\/para-pharmacity.tn\/index.php?rest_route=%2Fwp%2Fv2%2Fcomments&post=26366"}],"version-history":[{"count":2,"href":"https:\/\/para-pharmacity.tn\/index.php?rest_route=\/wp\/v2\/product\/26366\/revisions"}],"predecessor-version":[{"id":26369,"href":"https:\/\/para-pharmacity.tn\/index.php?rest_route=\/wp\/v2\/product\/26366\/revisions\/26369"}],"wp:featuredmedia":[{"embeddable":true,"href":"https:\/\/para-pharmacity.tn\/index.php?rest_route=\/wp\/v2\/media\/26367"}],"wp:attachment":[{"href":"https:\/\/para-pharmacity.tn\/index.php?rest_route=%2Fwp%2Fv2%2Fmedia&parent=26366"}],"wp:term":[{"taxonomy":"product_cat","embeddable":true,"href":"https:\/\/para-pharmacity.tn\/index.php?rest_route=%2Fwp%2Fv2%2Fproduct_cat&post=26366"},{"taxonomy":"product_tag","embeddable":true,"href":"https:\/\/para-pharmacity.tn\/index.php?rest_route=%2Fwp%2Fv2%2Fproduct_tag&post=26366"}],"curies":[{"name":"wp","href":"https:\/\/api.w.org\/{rel}","templated":true}]}}