{"id":25871,"date":"2025-05-06T13:02:52","date_gmt":"2025-05-06T13:02:52","guid":{"rendered":"https:\/\/para-pharmacity.tn\/?post_type=product&#038;p=25871"},"modified":"2025-05-06T13:02:52","modified_gmt":"2025-05-06T13:02:52","slug":"xen-cica-xen-50ml","status":"publish","type":"product","link":"https:\/\/para-pharmacity.tn\/?product=xen-cica-xen-50ml","title":{"rendered":"XEN CICA XEN 50ML"},"content":{"rendered":"<h2>xen CICA cr\u00e8me cicatrisante 50ml<\/h2>\n<p>cr\u00e8me cicatrisante, sans parfum et sans parab\u00e8nes, \u00e0 base d\u2019acide hyaluronique et d\u2019actifs anti-inflammatoires. cr\u00e9\u00e9 un milieu humide au niveau de la plaie, acc\u00e9l\u00e9rant le ph\u00e9nom\u00e8ne de granulation pour permettre la cicatrisation et la r\u00e9\u00e9pith\u00e9lialisation\u00a0 de la peau.<\/p>\n<h3>Conseils d\u2019utilisation :<\/h3>\n<ul>\n<li>commencez par bien nettoyer et d\u00e9sinfecter votre peau, puis s\u00e9chez-la parfaitement.<\/li>\n<li>massez ensuite d\u00e9licatement la zone concern\u00e9e avec votre cr\u00e8me cicatrisante, en une \u00e0 deux fois par jour, jusqu\u2019\u00e0 p\u00e9n\u00e9tration totale de celle-ci.<\/li>\n<li>renouvellez l\u2019operation jusqu\u2019\u00e0 compl\u00e8te gu\u00e9rison de la peau.<\/li>\n<\/ul>\n<h3>Composition :<\/h3>\n<p>PHYTOLIQUID CENTELLA, EXTRAIT ARNICA, EXTRAIT DE MIMOSA, EXTRAIT DE BARDANE, ACIDE HYALURONIQUE, VITAMINE E.<\/p>\n<h3>Indication :<\/h3>\n<p>cr\u00e8me cicatrisante \u00e0 usage exterme.<\/p>\n","protected":false},"excerpt":{"rendered":"<p>Cr\u00e8me cicatrisante sans parfum ni parab\u00e8nes, formul\u00e9e \u00e0 base d\u2019acide hyaluronique et d\u2019actifs anti-inflammatoires. Elle favorise la cicatrisation rapide en maintenant un milieu humide et en stimulant la r\u00e9g\u00e9n\u00e9ration de la peau.<\/p>\n","protected":false},"featured_media":25872,"comment_status":"open","ping_status":"closed","template":"","meta":[],"product_cat":[213],"product_tag":[],"class_list":{"0":"post-25871","1":"product","2":"type-product","3":"status-publish","4":"has-post-thumbnail","6":"product_cat-visage","8":"first","9":"instock","10":"shipping-taxable","11":"purchasable","12":"product-type-simple"},"jetpack_sharing_enabled":true,"_links":{"self":[{"href":"https:\/\/para-pharmacity.tn\/index.php?rest_route=\/wp\/v2\/product\/25871","targetHints":{"allow":["GET"]}}],"collection":[{"href":"https:\/\/para-pharmacity.tn\/index.php?rest_route=\/wp\/v2\/product"}],"about":[{"href":"https:\/\/para-pharmacity.tn\/index.php?rest_route=\/wp\/v2\/types\/product"}],"replies":[{"embeddable":true,"href":"https:\/\/para-pharmacity.tn\/index.php?rest_route=%2Fwp%2Fv2%2Fcomments&post=25871"}],"version-history":[{"count":1,"href":"https:\/\/para-pharmacity.tn\/index.php?rest_route=\/wp\/v2\/product\/25871\/revisions"}],"predecessor-version":[{"id":25873,"href":"https:\/\/para-pharmacity.tn\/index.php?rest_route=\/wp\/v2\/product\/25871\/revisions\/25873"}],"wp:featuredmedia":[{"embeddable":true,"href":"https:\/\/para-pharmacity.tn\/index.php?rest_route=\/wp\/v2\/media\/25872"}],"wp:attachment":[{"href":"https:\/\/para-pharmacity.tn\/index.php?rest_route=%2Fwp%2Fv2%2Fmedia&parent=25871"}],"wp:term":[{"taxonomy":"product_cat","embeddable":true,"href":"https:\/\/para-pharmacity.tn\/index.php?rest_route=%2Fwp%2Fv2%2Fproduct_cat&post=25871"},{"taxonomy":"product_tag","embeddable":true,"href":"https:\/\/para-pharmacity.tn\/index.php?rest_route=%2Fwp%2Fv2%2Fproduct_tag&post=25871"}],"curies":[{"name":"wp","href":"https:\/\/api.w.org\/{rel}","templated":true}]}}