{"id":25816,"date":"2025-05-05T12:45:12","date_gmt":"2025-05-05T12:45:12","guid":{"rendered":"https:\/\/para-pharmacity.tn\/?post_type=product&#038;p=25816"},"modified":"2025-05-05T12:45:13","modified_gmt":"2025-05-05T12:45:13","slug":"xen-k-citril-b60","status":"publish","type":"product","link":"https:\/\/para-pharmacity.tn\/?product=xen-k-citril-b60","title":{"rendered":"XEN K CITRIL B60"},"content":{"rendered":"<p><strong>Description :<\/strong><\/p>\n<ul>\n<li>Ceci est un compl\u00e9ment alimentaire, ce n&rsquo;est pas un m\u00e9dicament. Un compl\u00e9ment alimentaire ne peut pas \u00eatre utilis\u00e9 en remplacement d&rsquo;une alimentation \u00e9quilibr\u00e9e et vari\u00e9e et d&rsquo;un style de vie sain.<\/li>\n<li>\u00a0Lire attentivement la notice.<\/li>\n<li>Ne pas laisser \u00e0 la port\u00e9e des enfants.<\/li>\n<li>A conserver \u00e0 une temp\u00e9rature inf\u00e9rieure \u00e0 25\u00b0C Na et \u00e0 l&rsquo;abri de l&rsquo;humidit\u00e9.<\/li>\n<\/ul>\n<p><strong>Conseils d&rsquo;utilisation :<\/strong><\/p>\n<p>Il est recommand\u00e9 de prendre quotidiennement, 4 g\u00e9lules, au cours des repas et avec un verre d&rsquo;eau.<\/p>\n<p>-Il est recommand\u00e9 de boire au moins 1,5 litres d&rsquo;eau par jour pour \u00e9viter la concentration des urines.<\/p>\n<p>&#8211; A utiliser en compl\u00e9ment d&rsquo;une alimentation vari\u00e9e, \u00e9quilibr\u00e9e et d&rsquo;un mode de vie sain.<\/p>\n<p>Dur\u00e9e d&rsquo;utilisation: Suivre les recommandations de votre professionnel de sant\u00e9.<\/p>\n","protected":false},"excerpt":{"rendered":"<p>Ceci est un compl\u00e9ment alimentaire, ce n\u2019est pas un m\u00e9dicament. Un compl\u00e9ment alimentaire ne peut pas \u00eatre utilis\u00e9 en remplacement d\u2019une alimentation \u00e9quilibr\u00e9e et vari\u00e9e et d\u2019un style de vie sain.<\/p>\n","protected":false},"featured_media":25817,"comment_status":"open","ping_status":"closed","template":"","meta":[],"product_cat":[20],"product_tag":[],"class_list":{"0":"post-25816","1":"product","2":"type-product","3":"status-publish","4":"has-post-thumbnail","6":"product_cat-accessories","8":"first","9":"instock","10":"shipping-taxable","11":"purchasable","12":"product-type-simple"},"jetpack_sharing_enabled":true,"_links":{"self":[{"href":"https:\/\/para-pharmacity.tn\/index.php?rest_route=\/wp\/v2\/product\/25816","targetHints":{"allow":["GET"]}}],"collection":[{"href":"https:\/\/para-pharmacity.tn\/index.php?rest_route=\/wp\/v2\/product"}],"about":[{"href":"https:\/\/para-pharmacity.tn\/index.php?rest_route=\/wp\/v2\/types\/product"}],"replies":[{"embeddable":true,"href":"https:\/\/para-pharmacity.tn\/index.php?rest_route=%2Fwp%2Fv2%2Fcomments&post=25816"}],"version-history":[{"count":1,"href":"https:\/\/para-pharmacity.tn\/index.php?rest_route=\/wp\/v2\/product\/25816\/revisions"}],"predecessor-version":[{"id":25818,"href":"https:\/\/para-pharmacity.tn\/index.php?rest_route=\/wp\/v2\/product\/25816\/revisions\/25818"}],"wp:featuredmedia":[{"embeddable":true,"href":"https:\/\/para-pharmacity.tn\/index.php?rest_route=\/wp\/v2\/media\/25817"}],"wp:attachment":[{"href":"https:\/\/para-pharmacity.tn\/index.php?rest_route=%2Fwp%2Fv2%2Fmedia&parent=25816"}],"wp:term":[{"taxonomy":"product_cat","embeddable":true,"href":"https:\/\/para-pharmacity.tn\/index.php?rest_route=%2Fwp%2Fv2%2Fproduct_cat&post=25816"},{"taxonomy":"product_tag","embeddable":true,"href":"https:\/\/para-pharmacity.tn\/index.php?rest_route=%2Fwp%2Fv2%2Fproduct_tag&post=25816"}],"curies":[{"name":"wp","href":"https:\/\/api.w.org\/{rel}","templated":true}]}}