{"id":25806,"date":"2025-05-05T12:24:11","date_gmt":"2025-05-05T12:24:11","guid":{"rendered":"https:\/\/para-pharmacity.tn\/?post_type=product&#038;p=25806"},"modified":"2025-05-05T12:24:11","modified_gmt":"2025-05-05T12:24:11","slug":"xen-kela-fer-120-lipo-b30","status":"publish","type":"product","link":"https:\/\/para-pharmacity.tn\/?product=xen-kela-fer-120-lipo-b30","title":{"rendered":"XEN KELA FER 120 LIPO B30"},"content":{"rendered":"<p>KELA FER 120MG LIPO est un compl\u00e9ment alimentaire contenant du fer bisglycinate liposomal, accompagn\u00e9 de vitamine C. Cette formule unique assure une absorption optimale du fer par l\u2019organisme.<\/p>\n<p>Le fer est un min\u00e9ral essentiel pour la formation des globules rouges et le transport de l\u2019oxyg\u00e8ne dans le corps. Le bisglycinate liposomal est une forme de fer hautement biodisponible, bien tol\u00e9r\u00e9e et facilement absorb\u00e9e par l\u2019organisme, ce qui r\u00e9duit le risque de troubles gastro-intestinaux souvent associ\u00e9s \u00e0 d\u2019autres formes de fer.<\/p>\n<p>La pr\u00e9sence de vitamine C dans ce compl\u00e9ment alimentaire est importante car elle am\u00e9liore l\u2019absorption du fer non h\u00e9mique, tel que celui contenu dans ce produit. La vitamine C favorise \u00e9galement la formation de collag\u00e8ne, contribuant ainsi \u00e0 la sant\u00e9 de la peau, des os et des vaisseaux sanguins.<\/p>\n<p><b><strong>Conseils d\u2019utilisation :<\/strong><\/b><\/p>\n<p>Il est recommand\u00e9 de prendre 1 capsule de KELA FER\u00a0\u00a0par jour.<\/p>\n<p>Avant de commencer \u00e0 prendre KELA FER, veuillez consulter votre m\u00e9decin concernant les risques et les avantages du traitement.<\/p>\n<p>N\u2019utilisez pas ce compl\u00e9ment alimentaire si vous \u00eates allergique \u00e0 l\u2019un de ses constituants.<\/p>\n<p>En cas de surdosage du produit ou de prise sup\u00e9rieure \u00e0 la dose recommand\u00e9e, contactez imm\u00e9diatement votre m\u00e9decin.<\/p>\n<p>Conservez toujours ce compl\u00e9ment alimentaire hors de port\u00e9e des enfants dans un endroit prot\u00e9g\u00e9 de l\u2019humidit\u00e9 et \u00e0 une temp\u00e9rature qui ne d\u00e9passe pas 25\u00b0C.<\/p>\n","protected":false},"excerpt":{"rendered":"<p>KELA FER 120MG LIPO est un compl\u00e9ment alimentaire contenant du fer bisglycinate liposomal, accompagn\u00e9 de vitamine C. Cette formule unique assure une absorption optimale du fer par l&rsquo;organisme.<\/p>\n","protected":false},"featured_media":25807,"comment_status":"open","ping_status":"closed","template":"","meta":[],"product_cat":[20],"product_tag":[],"class_list":{"0":"post-25806","1":"product","2":"type-product","3":"status-publish","4":"has-post-thumbnail","6":"product_cat-accessories","8":"first","9":"instock","10":"shipping-taxable","11":"purchasable","12":"product-type-simple"},"jetpack_sharing_enabled":true,"_links":{"self":[{"href":"https:\/\/para-pharmacity.tn\/index.php?rest_route=\/wp\/v2\/product\/25806","targetHints":{"allow":["GET"]}}],"collection":[{"href":"https:\/\/para-pharmacity.tn\/index.php?rest_route=\/wp\/v2\/product"}],"about":[{"href":"https:\/\/para-pharmacity.tn\/index.php?rest_route=\/wp\/v2\/types\/product"}],"replies":[{"embeddable":true,"href":"https:\/\/para-pharmacity.tn\/index.php?rest_route=%2Fwp%2Fv2%2Fcomments&post=25806"}],"version-history":[{"count":1,"href":"https:\/\/para-pharmacity.tn\/index.php?rest_route=\/wp\/v2\/product\/25806\/revisions"}],"predecessor-version":[{"id":25808,"href":"https:\/\/para-pharmacity.tn\/index.php?rest_route=\/wp\/v2\/product\/25806\/revisions\/25808"}],"wp:featuredmedia":[{"embeddable":true,"href":"https:\/\/para-pharmacity.tn\/index.php?rest_route=\/wp\/v2\/media\/25807"}],"wp:attachment":[{"href":"https:\/\/para-pharmacity.tn\/index.php?rest_route=%2Fwp%2Fv2%2Fmedia&parent=25806"}],"wp:term":[{"taxonomy":"product_cat","embeddable":true,"href":"https:\/\/para-pharmacity.tn\/index.php?rest_route=%2Fwp%2Fv2%2Fproduct_cat&post=25806"},{"taxonomy":"product_tag","embeddable":true,"href":"https:\/\/para-pharmacity.tn\/index.php?rest_route=%2Fwp%2Fv2%2Fproduct_tag&post=25806"}],"curies":[{"name":"wp","href":"https:\/\/api.w.org\/{rel}","templated":true}]}}