{"id":25795,"date":"2025-05-05T11:10:25","date_gmt":"2025-05-05T11:10:25","guid":{"rendered":"https:\/\/para-pharmacity.tn\/?post_type=product&#038;p=25795"},"modified":"2025-05-05T11:10:25","modified_gmt":"2025-05-05T11:10:25","slug":"xen-kela-fer-g-lipo-b60","status":"publish","type":"product","link":"https:\/\/para-pharmacity.tn\/?product=xen-kela-fer-g-lipo-b60","title":{"rendered":"XEN KELA FER G LIPO B60"},"content":{"rendered":"<h2><em><strong>Kela fer G lipo B60<\/strong><\/em><\/h2>\n<p><b><strong>Description :<\/strong><\/b><\/p>\n<p>KELA FER G LIPO est un compl\u00e9ment alimentaire sp\u00e9cialement con\u00e7u pour les p\u00e9riodes de pr\u00e9conception et de grossesse. Sa formule unique contient :<\/p>\n<p>Fer bisglycinate liposomal : une forme de fer hautement biodisponible et facilement absorb\u00e9e par l\u2019organisme, essentielle pour pr\u00e9venir l\u2019an\u00e9mie ferriprive chez la m\u00e8re et assurer le bon d\u00e9veloppement du f\u0153tus.<\/p>\n<p>Om\u00e9ga-3 : des acides gras essentiels qui soutiennent la sant\u00e9 cardiovasculaire, le d\u00e9veloppement neurologique du b\u00e9b\u00e9 et contribuent \u00e0 r\u00e9duire l\u2019inflammation.<\/p>\n<p>Iode : un min\u00e9ral crucial pour le bon fonctionnement de la glande thyro\u00efde, particuli\u00e8rement important pendant la grossesse pour le d\u00e9veloppement c\u00e9r\u00e9bral du b\u00e9b\u00e9.<\/p>\n<p>Multivitamines : une combinaison de vitamines essentielles telles que la vitamine C, B1, B5, B6, B12 et B9 (acide folique), qui soutiennent le syst\u00e8me immunitaire, le m\u00e9tabolisme \u00e9nerg\u00e9tique, la formation des globules rouges et la sant\u00e9 g\u00e9n\u00e9rale de la m\u00e8re et du b\u00e9b\u00e9.<\/p>\n<p>Ce compl\u00e9ment alimentaire aide \u00e0 couvrir les besoins nutritionnels accrus pendant la p\u00e9riode de pr\u00e9conception et tout au long de la grossesse.<\/p>\n<p><b><strong>Conseils d\u2019utilisation :<\/strong><\/b><\/p>\n<p>Il est recommand\u00e9 de prendre 1 capsule par jour.<\/p>\n<p>Avant de commencer \u00e0 prendre KELA FER G, veuillez consulter votre m\u00e9decin concernant les risques et les avantages du traitement.<\/p>\n<p>N\u2019utilisez pas ce compl\u00e9ment alimentaire si vous \u00eates allergique \u00e0 l\u2019un de ses constituants.<\/p>\n<p>En cas de surdosage du produit ou de prise sup\u00e9rieure \u00e0 la dose recommand\u00e9e, contactez imm\u00e9diatement votre m\u00e9decin.<\/p>\n<p>Conservez toujours ce compl\u00e9ment alimentaire hors de port\u00e9e des enfants dans un endroit prot\u00e9g\u00e9 de l\u2019humidit\u00e9 et \u00e0 une temp\u00e9rature qui ne d\u00e9passe pas 25\u00b0C.<\/p>\n","protected":false},"excerpt":{"rendered":"<p>KELA FER G LIPO est un compl\u00e9ment alimentaire sp\u00e9cialement con\u00e7u pour les p\u00e9riodes de pr\u00e9conception et de grossesse.<\/p>\n","protected":false},"featured_media":25796,"comment_status":"open","ping_status":"closed","template":"","meta":[],"product_cat":[286],"product_tag":[],"class_list":{"0":"post-25795","1":"product","2":"type-product","3":"status-publish","4":"has-post-thumbnail","6":"product_cat-complement-alimentaire","8":"first","9":"instock","10":"shipping-taxable","11":"purchasable","12":"product-type-simple"},"jetpack_sharing_enabled":true,"_links":{"self":[{"href":"https:\/\/para-pharmacity.tn\/index.php?rest_route=\/wp\/v2\/product\/25795","targetHints":{"allow":["GET"]}}],"collection":[{"href":"https:\/\/para-pharmacity.tn\/index.php?rest_route=\/wp\/v2\/product"}],"about":[{"href":"https:\/\/para-pharmacity.tn\/index.php?rest_route=\/wp\/v2\/types\/product"}],"replies":[{"embeddable":true,"href":"https:\/\/para-pharmacity.tn\/index.php?rest_route=%2Fwp%2Fv2%2Fcomments&post=25795"}],"version-history":[{"count":1,"href":"https:\/\/para-pharmacity.tn\/index.php?rest_route=\/wp\/v2\/product\/25795\/revisions"}],"predecessor-version":[{"id":25797,"href":"https:\/\/para-pharmacity.tn\/index.php?rest_route=\/wp\/v2\/product\/25795\/revisions\/25797"}],"wp:featuredmedia":[{"embeddable":true,"href":"https:\/\/para-pharmacity.tn\/index.php?rest_route=\/wp\/v2\/media\/25796"}],"wp:attachment":[{"href":"https:\/\/para-pharmacity.tn\/index.php?rest_route=%2Fwp%2Fv2%2Fmedia&parent=25795"}],"wp:term":[{"taxonomy":"product_cat","embeddable":true,"href":"https:\/\/para-pharmacity.tn\/index.php?rest_route=%2Fwp%2Fv2%2Fproduct_cat&post=25795"},{"taxonomy":"product_tag","embeddable":true,"href":"https:\/\/para-pharmacity.tn\/index.php?rest_route=%2Fwp%2Fv2%2Fproduct_tag&post=25795"}],"curies":[{"name":"wp","href":"https:\/\/api.w.org\/{rel}","templated":true}]}}