{"id":25579,"date":"2025-04-24T10:22:24","date_gmt":"2025-04-24T10:22:24","guid":{"rendered":"https:\/\/para-pharmacity.tn\/?post_type=product&#038;p=25579"},"modified":"2025-04-24T10:22:24","modified_gmt":"2025-04-24T10:22:24","slug":"bavette-lavable-unite-1-c-3-plies","status":"publish","type":"product","link":"https:\/\/para-pharmacity.tn\/?product=bavette-lavable-unite-1-c-3-plies","title":{"rendered":"BAVETTE LAVABLE UNITE 1 C 3 PLIES"},"content":{"rendered":"<p class=\"\" data-start=\"245\" data-end=\"402\"><span class=\"relative -mx-px my-[-0.2rem] rounded px-px py-[0.2rem] transition-colors duration-100 ease-in-out\">Cette <strong data-start=\"6\" data-end=\"32\">bavette lavable 3 plis<\/strong> est con\u00e7ue pour offrir une protection efficace tout en \u00e9tant confortable \u00e0 porter.<\/span> <span class=\"relative -mx-px my-[-0.2rem] rounded px-px py-[0.2rem] transition-colors duration-100 ease-in-out\">Elle est fabriqu\u00e9e \u00e0 partir de <strong data-start=\"31\" data-end=\"56\">tissu non tiss\u00e9 (TNT)<\/strong>, conforme aux normes en vigueur, et comporte trois couches pour une filtration optimale.<\/span> <span class=\"relative -mx-px my-[-0.2rem] rounded px-px py-[0.2rem] transition-colors duration-100 ease-in-out\">La pince nasale int\u00e9gr\u00e9e permet un ajustement personnalis\u00e9, assurant ainsi une meilleure \u00e9tanch\u00e9it\u00e9 et un maintien s\u00e9curis\u00e9.<\/span>\u200b<\/p>\n<p class=\"\" data-start=\"404\" data-end=\"426\"><strong data-start=\"404\" data-end=\"426\">Caract\u00e9ristiques :<\/strong><\/p>\n<ul data-start=\"428\" data-end=\"757\">\n<li class=\"\" data-start=\"428\" data-end=\"485\">\n<p class=\"\" data-start=\"430\" data-end=\"485\"><strong data-start=\"430\" data-end=\"447\">Composition :<\/strong> <span class=\"relative -mx-px my-[-0.2rem] rounded px-px py-[0.2rem] transition-colors duration-100 ease-in-out\">3 couches de tissu non tiss\u00e9 (TNT).<\/span><\/p>\n<\/li>\n<li class=\"\" data-start=\"486\" data-end=\"542\">\n<p class=\"\" data-start=\"488\" data-end=\"542\"><strong data-start=\"488\" data-end=\"504\">Ajustement :<\/strong> <span class=\"relative -mx-px my-[-0.2rem] rounded px-px py-[0.2rem] transition-colors duration-100 ease-in-out\">Pince nasale pour un meilleur maintien.<\/span><\/p>\n<\/li>\n<li class=\"\" data-start=\"543\" data-end=\"596\">\n<p class=\"\" data-start=\"545\" data-end=\"596\"><strong data-start=\"545\" data-end=\"556\">Usage :<\/strong> <span class=\"relative -mx-px my-[-0.2rem] rounded px-px py-[0.2rem] transition-colors duration-100 ease-in-out\">Lavable et r\u00e9utilisable.<\/span><\/p>\n<\/li>\n<li class=\"\" data-start=\"597\" data-end=\"652\">\n<p class=\"\" data-start=\"599\" data-end=\"652\"><strong data-start=\"599\" data-end=\"612\">Couleur :<\/strong> <span class=\"relative -mx-px my-[-0.2rem] rounded px-px py-[0.2rem] transition-colors duration-100 ease-in-out\">Blanc.<\/span><\/p>\n<\/li>\n<li class=\"\" data-start=\"653\" data-end=\"757\">\n<p class=\"\" data-start=\"655\" data-end=\"757\"><strong data-start=\"655\" data-end=\"671\">Dimensions :<\/strong> <span class=\"relative -mx-px my-[-0.2rem] rounded px-px py-[0.2rem] transition-colors duration-100 ease-in-out\">20 cm x 20 cm.<\/span><\/p>\n<\/li>\n<\/ul>\n<p class=\"\" data-start=\"759\" data-end=\"774\"><strong data-start=\"759\" data-end=\"774\">Entretien :<\/strong><\/p>\n<ul data-start=\"776\" data-end=\"1002\">\n<li class=\"\" data-start=\"776\" data-end=\"830\">\n<p class=\"\" data-start=\"778\" data-end=\"830\"><strong data-start=\"778\" data-end=\"790\">Lavage :<\/strong> <span class=\"relative -mx-px my-[-0.2rem] rounded px-px py-[0.2rem] transition-colors duration-100 ease-in-out\">\u00c0 la main ou en machine \u00e0 une temp\u00e9rature maximale de 60\u00b0C.<\/span><\/p>\n<\/li>\n<li class=\"\" data-start=\"831\" data-end=\"888\">\n<p class=\"\" data-start=\"833\" data-end=\"888\"><strong data-start=\"833\" data-end=\"848\">Repassage :<\/strong> <span class=\"relative -mx-px my-[-0.2rem] rounded px-px py-[0.2rem] transition-colors duration-100 ease-in-out\">\u00c0 une temp\u00e9rature comprise entre 120\u00b0C et 130\u00b0C.<\/span><\/p>\n<\/li>\n<li class=\"\" data-start=\"889\" data-end=\"1002\">\n<p class=\"\" data-start=\"891\" data-end=\"1002\"><strong data-start=\"891\" data-end=\"916\">Dur\u00e9e d&rsquo;utilisation :<\/strong> <span class=\"relative -mx-px my-[-0.2rem] rounded px-px py-[0.2rem] transition-colors duration-100 ease-in-out\">Jusqu&rsquo;\u00e0 4 heures d&rsquo;utilisation continue.<\/span>\u200b<\/p>\n<\/li>\n<\/ul>\n<p class=\"\" data-start=\"1004\" data-end=\"1089\"><span class=\"relative -mx-px my-[-0.2rem] rounded px-px py-[0.2rem] transition-colors duration-100 ease-in-out\">Cette bavette est id\u00e9ale pour une utilisation quotidienne, offrant une protection efficace tout en \u00e9tant respectueuse de l&rsquo;environnement gr\u00e2ce \u00e0 sa conception lavable et r\u00e9utilisable.<\/span>\u200b<\/p>\n","protected":false},"excerpt":{"rendered":"<p>Bavette de protection lavable, compos\u00e9e de 3 couches de tissu, \u00e9quip\u00e9e d&rsquo;une pince nasale pour un ajustement optimal<\/p>\n","protected":false},"featured_media":25580,"comment_status":"open","ping_status":"closed","template":"","meta":[],"product_cat":[20],"product_tag":[],"class_list":{"0":"post-25579","1":"product","2":"type-product","3":"status-publish","4":"has-post-thumbnail","6":"product_cat-accessories","8":"first","9":"instock","10":"shipping-taxable","11":"purchasable","12":"product-type-simple"},"jetpack_sharing_enabled":true,"_links":{"self":[{"href":"https:\/\/para-pharmacity.tn\/index.php?rest_route=\/wp\/v2\/product\/25579","targetHints":{"allow":["GET"]}}],"collection":[{"href":"https:\/\/para-pharmacity.tn\/index.php?rest_route=\/wp\/v2\/product"}],"about":[{"href":"https:\/\/para-pharmacity.tn\/index.php?rest_route=\/wp\/v2\/types\/product"}],"replies":[{"embeddable":true,"href":"https:\/\/para-pharmacity.tn\/index.php?rest_route=%2Fwp%2Fv2%2Fcomments&post=25579"}],"version-history":[{"count":1,"href":"https:\/\/para-pharmacity.tn\/index.php?rest_route=\/wp\/v2\/product\/25579\/revisions"}],"predecessor-version":[{"id":25581,"href":"https:\/\/para-pharmacity.tn\/index.php?rest_route=\/wp\/v2\/product\/25579\/revisions\/25581"}],"wp:featuredmedia":[{"embeddable":true,"href":"https:\/\/para-pharmacity.tn\/index.php?rest_route=\/wp\/v2\/media\/25580"}],"wp:attachment":[{"href":"https:\/\/para-pharmacity.tn\/index.php?rest_route=%2Fwp%2Fv2%2Fmedia&parent=25579"}],"wp:term":[{"taxonomy":"product_cat","embeddable":true,"href":"https:\/\/para-pharmacity.tn\/index.php?rest_route=%2Fwp%2Fv2%2Fproduct_cat&post=25579"},{"taxonomy":"product_tag","embeddable":true,"href":"https:\/\/para-pharmacity.tn\/index.php?rest_route=%2Fwp%2Fv2%2Fproduct_tag&post=25579"}],"curies":[{"name":"wp","href":"https:\/\/api.w.org\/{rel}","templated":true}]}}