{"id":25336,"date":"2025-04-18T14:56:42","date_gmt":"2025-04-18T14:56:42","guid":{"rendered":"https:\/\/para-pharmacity.tn\/?post_type=product&#038;p=25336"},"modified":"2025-04-18T14:56:42","modified_gmt":"2025-04-18T14:56:42","slug":"avent-tire-lait-bib-manuel-430-10","status":"publish","type":"product","link":"https:\/\/para-pharmacity.tn\/?product=avent-tire-lait-bib-manuel-430-10","title":{"rendered":"AVENT TIRE LAIT BIB MANUEL 430\/10"},"content":{"rendered":"<p class=\"\" data-start=\"354\" data-end=\"513\"><span class=\"relative -mx-px my-[-0.2rem] rounded px-px py-[0.2rem] transition-colors duration-100 ease-in-out\">Le <strong data-start=\"3\" data-end=\"47\">tire-lait manuel Philips Avent SCF430\/10<\/strong> est con\u00e7u pour offrir une exp\u00e9rience d&rsquo;expression du lait aussi naturelle et confortable que possible.<\/span> <span class=\"relative -mx-px my-[-0.2rem] rounded px-px py-[0.2rem] transition-colors duration-100 ease-in-out\">Sa technologie <strong data-start=\"15\" data-end=\"33\">Natural Motion<\/strong> imite l&rsquo;action de succion de b\u00e9b\u00e9, facilitant ainsi une mont\u00e9e de lait rapide et efficace.<\/span> <span class=\"relative -mx-px my-[-0.2rem] rounded px-px py-[0.2rem] transition-colors duration-100 ease-in-out\">Le coussin en silicone souple s&rsquo;adapte en douceur \u00e0 votre mamelon, convenant ainsi \u00e0 99,98\u202f% des tailles de mamelons jusqu&rsquo;\u00e0 30\u202fmm.<\/span>\u200b<\/p>\n<p class=\"\" data-start=\"515\" data-end=\"549\"><strong data-start=\"515\" data-end=\"549\">Caract\u00e9ristiques principales :<\/strong><\/p>\n<ul data-start=\"551\" data-end=\"1139\">\n<li class=\"\" data-start=\"551\" data-end=\"671\">\n<p class=\"\" data-start=\"553\" data-end=\"671\"><strong data-start=\"553\" data-end=\"583\">Technologie Natural Motion<\/strong> : <span class=\"relative -mx-px my-[-0.2rem] rounded px-px py-[0.2rem] transition-colors duration-100 ease-in-out\">stimule le mamelon pour une mont\u00e9e de lait rapide.<\/span>\u200b<\/p>\n<\/li>\n<li class=\"\" data-start=\"673\" data-end=\"793\">\n<p class=\"\" data-start=\"675\" data-end=\"793\"><strong data-start=\"675\" data-end=\"705\">Coussin en silicone souple<\/strong> : <span class=\"relative -mx-px my-[-0.2rem] rounded px-px py-[0.2rem] transition-colors duration-100 ease-in-out\">s&rsquo;adapte en douceur \u00e0 votre mamelon.<\/span>\u200b<\/p>\n<\/li>\n<li class=\"\" data-start=\"795\" data-end=\"912\">\n<p class=\"\" data-start=\"797\" data-end=\"912\"><strong data-start=\"797\" data-end=\"824\">Design compact et l\u00e9ger<\/strong> : <span class=\"relative -mx-px my-[-0.2rem] rounded px-px py-[0.2rem] transition-colors duration-100 ease-in-out\">facile \u00e0 transporter et \u00e0 utiliser discr\u00e8tement.<\/span>\u200b<\/p>\n<\/li>\n<li class=\"\" data-start=\"914\" data-end=\"1028\">\n<p class=\"\" data-start=\"916\" data-end=\"1028\"><strong data-start=\"916\" data-end=\"940\">Facilit\u00e9 d&rsquo;entretien<\/strong> : <span class=\"relative -mx-px my-[-0.2rem] rounded px-px py-[0.2rem] transition-colors duration-100 ease-in-out\">compos\u00e9 de peu de pi\u00e8ces, il est facile \u00e0 assembler, \u00e0 utiliser et \u00e0 nettoyer.<\/span>\u200b<\/p>\n<\/li>\n<li class=\"\" data-start=\"1030\" data-end=\"1139\">\n<p class=\"\" data-start=\"1032\" data-end=\"1139\"><strong data-start=\"1032\" data-end=\"1051\">Contenu du pack<\/strong> : <span class=\"relative -mx-px my-[-0.2rem] rounded px-px py-[0.2rem] transition-colors duration-100 ease-in-out\">tire-lait manuel, biberon 125\u202fml, t\u00e9tine 0\u202fm+, 2 coussinets d\u2019allaitement jetables, disque d\u2019\u00e9tanch\u00e9it\u00e9.<\/span>\u200b<\/p>\n<\/li>\n<\/ul>\n<p class=\"\" data-start=\"1141\" data-end=\"1226\"><span class=\"relative -mx-px my-[-0.2rem] rounded px-px py-[0.2rem] transition-colors duration-100 ease-in-out\">Ce tire-lait est id\u00e9al pour les mamans qui souhaitent exprimer leur lait de mani\u00e8re confortable et efficace, tout en ayant la possibilit\u00e9 de le faire discr\u00e8tement, que ce soit \u00e0 la maison ou en d\u00e9placement.<\/span><\/p>\n","protected":false},"excerpt":{"rendered":"<p><span class=\"relative -mx-px my-[-0.2rem] rounded px-px py-[0.2rem] transition-colors duration-100 ease-in-out\">Le tire-lait manuel Philips Avent SCF430\/10 est dot\u00e9 de la technologie Natural Motion, inspir\u00e9e par la mani\u00e8re de t\u00e9ter des b\u00e9b\u00e9s, pour une mont\u00e9e de lait rapide.<\/span> <span class=\"relative -mx-px my-[-0.2rem] rounded px-px py-[0.2rem] transition-colors duration-100 ease-in-out\">Il est \u00e9quip\u00e9 d&rsquo;un coussin en silicone souple qui s&rsquo;adapte \u00e0 votre mamelon, offrant ainsi un confort optimal.<\/span> <span class=\"relative -mx-px my-[-0.2rem] rounded px-px py-[0.2rem] transition-colors duration-100 ease-in-out\">Compact et l\u00e9ger, il est id\u00e9al pour une utilisation discr\u00e8te et pratique, que ce soit \u00e0 la maison ou en d\u00e9placement.<\/span><\/p>\n","protected":false},"featured_media":25337,"comment_status":"open","ping_status":"closed","template":"","meta":[],"product_cat":[243],"product_tag":[],"class_list":{"0":"post-25336","1":"product","2":"type-product","3":"status-publish","4":"has-post-thumbnail","6":"product_cat-bebe-et-maman","8":"first","9":"instock","10":"shipping-taxable","11":"purchasable","12":"product-type-simple"},"jetpack_sharing_enabled":true,"_links":{"self":[{"href":"https:\/\/para-pharmacity.tn\/index.php?rest_route=\/wp\/v2\/product\/25336","targetHints":{"allow":["GET"]}}],"collection":[{"href":"https:\/\/para-pharmacity.tn\/index.php?rest_route=\/wp\/v2\/product"}],"about":[{"href":"https:\/\/para-pharmacity.tn\/index.php?rest_route=\/wp\/v2\/types\/product"}],"replies":[{"embeddable":true,"href":"https:\/\/para-pharmacity.tn\/index.php?rest_route=%2Fwp%2Fv2%2Fcomments&post=25336"}],"version-history":[{"count":1,"href":"https:\/\/para-pharmacity.tn\/index.php?rest_route=\/wp\/v2\/product\/25336\/revisions"}],"predecessor-version":[{"id":25338,"href":"https:\/\/para-pharmacity.tn\/index.php?rest_route=\/wp\/v2\/product\/25336\/revisions\/25338"}],"wp:featuredmedia":[{"embeddable":true,"href":"https:\/\/para-pharmacity.tn\/index.php?rest_route=\/wp\/v2\/media\/25337"}],"wp:attachment":[{"href":"https:\/\/para-pharmacity.tn\/index.php?rest_route=%2Fwp%2Fv2%2Fmedia&parent=25336"}],"wp:term":[{"taxonomy":"product_cat","embeddable":true,"href":"https:\/\/para-pharmacity.tn\/index.php?rest_route=%2Fwp%2Fv2%2Fproduct_cat&post=25336"},{"taxonomy":"product_tag","embeddable":true,"href":"https:\/\/para-pharmacity.tn\/index.php?rest_route=%2Fwp%2Fv2%2Fproduct_tag&post=25336"}],"curies":[{"name":"wp","href":"https:\/\/api.w.org\/{rel}","templated":true}]}}