{"id":25305,"date":"2025-04-16T13:25:51","date_gmt":"2025-04-16T13:25:51","guid":{"rendered":"https:\/\/para-pharmacity.tn\/?post_type=product&#038;p=25305"},"modified":"2025-04-16T13:25:52","modified_gmt":"2025-04-16T13:25:52","slug":"avent-bib-en-verre-natural-120ml-0m-930-01","status":"publish","type":"product","link":"https:\/\/para-pharmacity.tn\/?product=avent-bib-en-verre-natural-120ml-0m-930-01","title":{"rendered":"AVENT BIB EN VERRE NATURAL 120ML 0M+ 930\/01"},"content":{"rendered":"<p class=\"\" data-start=\"353\" data-end=\"472\"><span class=\"relative -mx-px my-[-0.2rem] rounded px-px py-[0.2rem] transition-colors duration-100 ease-in-out\">Le biberon en verre Philips Avent Natural Response 120 ml (r\u00e9f. SCY930\/01) est sp\u00e9cialement con\u00e7u pour les nourrissons d\u00e8s la naissance.<\/span> <span class=\"relative -mx-px my-[-0.2rem] rounded px-px py-[0.2rem] transition-colors duration-100 ease-in-out\">Il est fabriqu\u00e9 en verre borosilicat\u00e9 de qualit\u00e9 pharmaceutique, offrant une r\u00e9sistance \u00e0 la chaleur et aux chocs thermiques, ce qui permet de le st\u00e9riliser, de le chauffer et de le stocker en toute s\u00e9curit\u00e9.<\/span>\u200b<\/p>\n<p class=\"\" data-start=\"474\" data-end=\"599\"><span class=\"relative -mx-px my-[-0.2rem] rounded px-px py-[0.2rem] transition-colors duration-100 ease-in-out\">La t\u00e9tine Natural Response, en silicone souple, imite la forme et la sensation du sein, facilitant ainsi l&rsquo;alternance entre l&rsquo;allaitement au sein et au biberon.<\/span> <span class=\"relative -mx-px my-[-0.2rem] rounded px-px py-[0.2rem] transition-colors duration-100 ease-in-out\">Son ouverture unique lib\u00e8re le lait uniquement lorsque b\u00e9b\u00e9 t\u00e8te activement, respectant ainsi son rythme naturel de succion, d&rsquo;avalement et de respiration.<\/span>\u200b<\/p>\n<p class=\"\" data-start=\"601\" data-end=\"726\"><span class=\"relative -mx-px my-[-0.2rem] rounded px-px py-[0.2rem] transition-colors duration-100 ease-in-out\">\u00c9quip\u00e9 d&rsquo;une valve anti-coliques, ce biberon permet de r\u00e9duire l&rsquo;ingestion d&rsquo;air, diminuant ainsi les risques de coliques et d&rsquo;inconfort.<\/span> <span class=\"relative -mx-px my-[-0.2rem] rounded px-px py-[0.2rem] transition-colors duration-100 ease-in-out\">Son large goulot facilite le remplissage et le nettoyage, et il est compatible avec les autres produits de la gamme Philips Avent Natural, \u00e0 l&rsquo;exception des poign\u00e9es de tasse et des biberons Classic.<\/span>\u200b<\/p>\n<p class=\"\" data-start=\"728\" data-end=\"813\"><span class=\"relative -mx-px my-[-0.2rem] rounded px-px py-[0.2rem] transition-colors duration-100 ease-in-out\">Ce biberon est sans BPA, conform\u00e9ment au r\u00e8glement europ\u00e9en 10\/2011, garantissant ainsi une alimentation s\u00fbre pour votre b\u00e9b\u00e9.<\/span><\/p>\n","protected":false},"excerpt":{"rendered":"<p><span class=\"relative -mx-px my-[-0.2rem] rounded px-px py-[0.2rem] bg-[#FCECC1] dark:bg-[#64572A] transition-colors duration-100 ease-in-out\">Biberon en verre borosilicat\u00e9 de qualit\u00e9 pharmaceutique, con\u00e7u pour les nourrissons d\u00e8s la naissance.<\/span> <span class=\"relative -mx-px my-[-0.2rem] rounded px-px py-[0.2rem] transition-colors duration-100 ease-in-out\">Dot\u00e9 d&rsquo;une t\u00e9tine Natural Response qui lib\u00e8re le lait uniquement lorsque b\u00e9b\u00e9 t\u00e8te activement, imitant ainsi l&rsquo;allaitement naturel.<\/span> <span class=\"relative -mx-px my-[-0.2rem] rounded px-px py-[0.2rem] transition-colors duration-100 ease-in-out\">\u00c9quip\u00e9 d&rsquo;une valve anti-coliques pour r\u00e9duire les risques d&rsquo;inconfort.<\/span> <span class=\"relative -mx-px my-[-0.2rem] rounded px-px py-[0.2rem] transition-colors duration-100 ease-in-out\">Facile \u00e0 assembler, \u00e0 nettoyer et compatible avec les autres produits de la gamme Philips Avent Natural.<\/span><\/p>\n","protected":false},"featured_media":25306,"comment_status":"open","ping_status":"closed","template":"","meta":[],"product_cat":[243],"product_tag":[],"class_list":{"0":"post-25305","1":"product","2":"type-product","3":"status-publish","4":"has-post-thumbnail","6":"product_cat-bebe-et-maman","8":"first","9":"instock","10":"shipping-taxable","11":"purchasable","12":"product-type-simple"},"jetpack_sharing_enabled":true,"_links":{"self":[{"href":"https:\/\/para-pharmacity.tn\/index.php?rest_route=\/wp\/v2\/product\/25305","targetHints":{"allow":["GET"]}}],"collection":[{"href":"https:\/\/para-pharmacity.tn\/index.php?rest_route=\/wp\/v2\/product"}],"about":[{"href":"https:\/\/para-pharmacity.tn\/index.php?rest_route=\/wp\/v2\/types\/product"}],"replies":[{"embeddable":true,"href":"https:\/\/para-pharmacity.tn\/index.php?rest_route=%2Fwp%2Fv2%2Fcomments&post=25305"}],"version-history":[{"count":1,"href":"https:\/\/para-pharmacity.tn\/index.php?rest_route=\/wp\/v2\/product\/25305\/revisions"}],"predecessor-version":[{"id":25307,"href":"https:\/\/para-pharmacity.tn\/index.php?rest_route=\/wp\/v2\/product\/25305\/revisions\/25307"}],"wp:featuredmedia":[{"embeddable":true,"href":"https:\/\/para-pharmacity.tn\/index.php?rest_route=\/wp\/v2\/media\/25306"}],"wp:attachment":[{"href":"https:\/\/para-pharmacity.tn\/index.php?rest_route=%2Fwp%2Fv2%2Fmedia&parent=25305"}],"wp:term":[{"taxonomy":"product_cat","embeddable":true,"href":"https:\/\/para-pharmacity.tn\/index.php?rest_route=%2Fwp%2Fv2%2Fproduct_cat&post=25305"},{"taxonomy":"product_tag","embeddable":true,"href":"https:\/\/para-pharmacity.tn\/index.php?rest_route=%2Fwp%2Fv2%2Fproduct_tag&post=25305"}],"curies":[{"name":"wp","href":"https:\/\/api.w.org\/{rel}","templated":true}]}}