{"id":25242,"date":"2025-04-16T10:01:13","date_gmt":"2025-04-16T10:01:13","guid":{"rendered":"https:\/\/para-pharmacity.tn\/?post_type=product&#038;p=25242"},"modified":"2025-04-16T10:01:13","modified_gmt":"2025-04-16T10:01:13","slug":"atherolive-b30","status":"publish","type":"product","link":"https:\/\/para-pharmacity.tn\/?product=atherolive-b30","title":{"rendered":"ATHEROLIVE B30"},"content":{"rendered":"<p class=\"\" data-start=\"363\" data-end=\"830\"><strong data-start=\"363\" data-end=\"381\">Atherolive B30<\/strong> est un compl\u00e9ment alimentaire hom\u00e9opathique formul\u00e9 pour aider \u00e0 soulager les douleurs articulaires et soutenir la mobilit\u00e9. Sa composition est sp\u00e9cialement con\u00e7ue pour r\u00e9duire les inflammations et am\u00e9liorer le confort des articulations, en particulier pour les personnes souffrant de rhumatismes, arthrose ou douleurs chroniques. Ce produit agit en profondeur pour apporter un soulagement durable, tout en respectant l&rsquo;\u00e9quilibre naturel du corps.<\/p>\n<p class=\"\" data-start=\"832\" data-end=\"858\"><strong data-start=\"832\" data-end=\"858\">Bienfaits principaux :<\/strong><\/p>\n<ul data-start=\"859\" data-end=\"1072\">\n<li class=\"\" data-start=\"859\" data-end=\"913\">\n<p class=\"\" data-start=\"861\" data-end=\"913\">Soulagement des douleurs articulaires et musculaires<\/p>\n<\/li>\n<li class=\"\" data-start=\"914\" data-end=\"943\">\n<p class=\"\" data-start=\"916\" data-end=\"943\">R\u00e9duction de l&rsquo;inflammation<\/p>\n<\/li>\n<li class=\"\" data-start=\"944\" data-end=\"1012\">\n<p class=\"\" data-start=\"946\" data-end=\"1012\">Am\u00e9lioration de la mobilit\u00e9 et de la flexibilit\u00e9 des articulations<\/p>\n<\/li>\n<li class=\"\" data-start=\"1013\" data-end=\"1072\">\n<p class=\"\" data-start=\"1015\" data-end=\"1072\">Produit hom\u00e9opathique respectueux de l&rsquo;\u00e9quilibre du corps<\/p>\n<\/li>\n<\/ul>\n<p class=\"\" data-start=\"1074\" data-end=\"1263\"><strong data-start=\"1074\" data-end=\"1102\">Conseils d&rsquo;utilisation :<\/strong> Prendre 1 \u00e0 2 comprim\u00e9s par jour ou selon les recommandations d\u2019un professionnel de sant\u00e9. Il est conseill\u00e9 de suivre une cure r\u00e9guli\u00e8re pour un effet optimal.<\/p>\n<p class=\"\" data-start=\"1265\" data-end=\"1284\"><strong data-start=\"1265\" data-end=\"1282\">Pr\u00e9cautions :<\/strong><\/p>\n<ul data-start=\"1285\" data-end=\"1401\">\n<li class=\"\" data-start=\"1285\" data-end=\"1323\">\n<p class=\"\" data-start=\"1287\" data-end=\"1323\">Ne pas d\u00e9passer la dose recommand\u00e9e.<\/p>\n<\/li>\n<li class=\"\" data-start=\"1324\" data-end=\"1401\">\n<p class=\"\" data-start=\"1326\" data-end=\"1401\">Consulter un m\u00e9decin en cas de grossesse ou de traitement m\u00e9dical en cours.<\/p>\n<\/li>\n<\/ul>\n","protected":false},"excerpt":{"rendered":"<p>Atherolive B30 est un compl\u00e9ment alimentaire hom\u00e9opathique destin\u00e9 \u00e0 soutenir la sant\u00e9 articulaire. Il aide \u00e0 r\u00e9duire l&rsquo;inflammation et \u00e0 apaiser les douleurs li\u00e9es aux affections articulaires, favorisant ainsi la mobilit\u00e9 et le confort.<\/p>\n","protected":false},"featured_media":25243,"comment_status":"open","ping_status":"closed","template":"","meta":[],"product_cat":[204],"product_tag":[],"class_list":{"0":"post-25242","1":"product","2":"type-product","3":"status-publish","4":"has-post-thumbnail","6":"product_cat-complement","8":"first","9":"instock","10":"shipping-taxable","11":"purchasable","12":"product-type-simple"},"jetpack_sharing_enabled":true,"_links":{"self":[{"href":"https:\/\/para-pharmacity.tn\/index.php?rest_route=\/wp\/v2\/product\/25242","targetHints":{"allow":["GET"]}}],"collection":[{"href":"https:\/\/para-pharmacity.tn\/index.php?rest_route=\/wp\/v2\/product"}],"about":[{"href":"https:\/\/para-pharmacity.tn\/index.php?rest_route=\/wp\/v2\/types\/product"}],"replies":[{"embeddable":true,"href":"https:\/\/para-pharmacity.tn\/index.php?rest_route=%2Fwp%2Fv2%2Fcomments&post=25242"}],"version-history":[{"count":1,"href":"https:\/\/para-pharmacity.tn\/index.php?rest_route=\/wp\/v2\/product\/25242\/revisions"}],"predecessor-version":[{"id":25244,"href":"https:\/\/para-pharmacity.tn\/index.php?rest_route=\/wp\/v2\/product\/25242\/revisions\/25244"}],"wp:featuredmedia":[{"embeddable":true,"href":"https:\/\/para-pharmacity.tn\/index.php?rest_route=\/wp\/v2\/media\/25243"}],"wp:attachment":[{"href":"https:\/\/para-pharmacity.tn\/index.php?rest_route=%2Fwp%2Fv2%2Fmedia&parent=25242"}],"wp:term":[{"taxonomy":"product_cat","embeddable":true,"href":"https:\/\/para-pharmacity.tn\/index.php?rest_route=%2Fwp%2Fv2%2Fproduct_cat&post=25242"},{"taxonomy":"product_tag","embeddable":true,"href":"https:\/\/para-pharmacity.tn\/index.php?rest_route=%2Fwp%2Fv2%2Fproduct_tag&post=25242"}],"curies":[{"name":"wp","href":"https:\/\/api.w.org\/{rel}","templated":true}]}}