{"id":25062,"date":"2025-04-15T10:28:49","date_gmt":"2025-04-15T10:28:49","guid":{"rendered":"https:\/\/para-pharmacity.tn\/?post_type=product&#038;p=25062"},"modified":"2025-04-15T10:28:50","modified_gmt":"2025-04-15T10:28:50","slug":"aleonat-quintux-fumeur-b20","status":"publish","type":"product","link":"https:\/\/para-pharmacity.tn\/?product=aleonat-quintux-fumeur-b20","title":{"rendered":"ALEONAT QUINTUX FUMEUR B20"},"content":{"rendered":"<p class=\"\" data-start=\"387\" data-end=\"745\"><strong data-start=\"387\" data-end=\"417\">Aleonat Quintux Fumeur B20<\/strong> est un compl\u00e9ment alimentaire sp\u00e9cialement formul\u00e9 pour les <strong data-start=\"478\" data-end=\"507\">fumeurs actifs ou anciens<\/strong>. Gr\u00e2ce \u00e0 une synergie de <strong data-start=\"533\" data-end=\"556\">plantes m\u00e9dicinales<\/strong> aux propri\u00e9t\u00e9s <strong data-start=\"572\" data-end=\"589\">expectorantes<\/strong>, <strong data-start=\"591\" data-end=\"605\">apaisantes<\/strong> et <strong data-start=\"609\" data-end=\"626\">d\u00e9toxifiantes<\/strong>, il contribue \u00e0 <strong data-start=\"643\" data-end=\"668\">nettoyer les bronches<\/strong>, <strong data-start=\"670\" data-end=\"689\">r\u00e9duire la toux<\/strong> li\u00e9e au tabac et soutenir la <strong data-start=\"719\" data-end=\"744\">fonction respiratoire<\/strong>.<\/p>\n<ul data-start=\"747\" data-end=\"952\">\n<li class=\"\" data-start=\"747\" data-end=\"791\">\n<p class=\"\" data-start=\"749\" data-end=\"791\">Id\u00e9al pour apaiser la <strong data-start=\"771\" data-end=\"789\">toux du fumeur<\/strong><\/p>\n<\/li>\n<li class=\"\" data-start=\"792\" data-end=\"857\">\n<p class=\"\" data-start=\"794\" data-end=\"857\">Aide \u00e0 <strong data-start=\"801\" data-end=\"827\">\u00e9liminer les mucosit\u00e9s<\/strong> et <strong data-start=\"831\" data-end=\"855\">purifier les poumons<\/strong><\/p>\n<\/li>\n<li class=\"\" data-start=\"858\" data-end=\"903\">\n<p class=\"\" data-start=\"860\" data-end=\"903\">Bo\u00eete de <strong data-start=\"869\" data-end=\"883\">20 g\u00e9lules<\/strong> faciles \u00e0 prendre<\/p>\n<\/li>\n<li class=\"\" data-start=\"904\" data-end=\"952\">\n<p class=\"\" data-start=\"906\" data-end=\"952\">\u00c0 base de <strong data-start=\"916\" data-end=\"938\">plantes naturelles<\/strong> bien tol\u00e9r\u00e9es<\/p>\n<\/li>\n<\/ul>\n","protected":false},"excerpt":{"rendered":"<p class=\"\" data-start=\"124\" data-end=\"284\"><strong data-start=\"124\" data-end=\"154\">Aleonat Quintux Fumeur B20<\/strong><br data-start=\"154\" data-end=\"157\" \/>Compl\u00e9ment naturel con\u00e7u pour les <strong data-start=\"191\" data-end=\"202\">fumeurs<\/strong>, aide \u00e0 <strong data-start=\"211\" data-end=\"247\">nettoyer les voies respiratoires<\/strong> et calmer la <strong data-start=\"261\" data-end=\"281\">toux persistante<\/strong>.<\/p>\n<p class=\"\" data-start=\"287\" data-end=\"312\">Bo\u00eete de <strong data-start=\"296\" data-end=\"310\">20 g\u00e9lules<\/strong><\/p>\n<p class=\"\" data-start=\"315\" data-end=\"347\">Favorise la <strong data-start=\"327\" data-end=\"347\">d\u00e9tox pulmonaire<\/strong><\/p>\n","protected":false},"featured_media":25063,"comment_status":"open","ping_status":"closed","template":"","meta":[],"product_cat":[204],"product_tag":[],"class_list":{"0":"post-25062","1":"product","2":"type-product","3":"status-publish","4":"has-post-thumbnail","6":"product_cat-complement","8":"first","9":"instock","10":"shipping-taxable","11":"purchasable","12":"product-type-simple"},"jetpack_sharing_enabled":true,"_links":{"self":[{"href":"https:\/\/para-pharmacity.tn\/index.php?rest_route=\/wp\/v2\/product\/25062","targetHints":{"allow":["GET"]}}],"collection":[{"href":"https:\/\/para-pharmacity.tn\/index.php?rest_route=\/wp\/v2\/product"}],"about":[{"href":"https:\/\/para-pharmacity.tn\/index.php?rest_route=\/wp\/v2\/types\/product"}],"replies":[{"embeddable":true,"href":"https:\/\/para-pharmacity.tn\/index.php?rest_route=%2Fwp%2Fv2%2Fcomments&post=25062"}],"version-history":[{"count":1,"href":"https:\/\/para-pharmacity.tn\/index.php?rest_route=\/wp\/v2\/product\/25062\/revisions"}],"predecessor-version":[{"id":25064,"href":"https:\/\/para-pharmacity.tn\/index.php?rest_route=\/wp\/v2\/product\/25062\/revisions\/25064"}],"wp:featuredmedia":[{"embeddable":true,"href":"https:\/\/para-pharmacity.tn\/index.php?rest_route=\/wp\/v2\/media\/25063"}],"wp:attachment":[{"href":"https:\/\/para-pharmacity.tn\/index.php?rest_route=%2Fwp%2Fv2%2Fmedia&parent=25062"}],"wp:term":[{"taxonomy":"product_cat","embeddable":true,"href":"https:\/\/para-pharmacity.tn\/index.php?rest_route=%2Fwp%2Fv2%2Fproduct_cat&post=25062"},{"taxonomy":"product_tag","embeddable":true,"href":"https:\/\/para-pharmacity.tn\/index.php?rest_route=%2Fwp%2Fv2%2Fproduct_tag&post=25062"}],"curies":[{"name":"wp","href":"https:\/\/api.w.org\/{rel}","templated":true}]}}