{"id":25047,"date":"2025-04-15T09:50:52","date_gmt":"2025-04-15T09:50:52","guid":{"rendered":"https:\/\/para-pharmacity.tn\/?post_type=product&#038;p=25047"},"modified":"2025-04-15T09:50:53","modified_gmt":"2025-04-15T09:50:53","slug":"alcool-pad-b50","status":"publish","type":"product","link":"https:\/\/para-pharmacity.tn\/?product=alcool-pad-b50","title":{"rendered":"ALCOOL PAD B50"},"content":{"rendered":"<p class=\"\" data-start=\"110\" data-end=\"225\"><strong data-start=\"110\" data-end=\"128\">Alcool Pad B50<\/strong><br data-start=\"128\" data-end=\"131\" \/>Compresses impr\u00e9gn\u00e9es d&rsquo;<strong data-start=\"155\" data-end=\"171\">alcool \u00e0 70%<\/strong>, pr\u00eates \u00e0 l\u2019emploi pour la <strong data-start=\"199\" data-end=\"222\">d\u00e9sinfection rapide<\/strong>.<\/p>\n<p class=\"\" data-start=\"228\" data-end=\"252\">Bo\u00eete de <strong data-start=\"237\" data-end=\"250\">50 unit\u00e9s<\/strong><\/p>\n<p class=\"\" data-start=\"255\" data-end=\"325\">Id\u00e9al avant <strong data-start=\"267\" data-end=\"281\">injections<\/strong>, <strong data-start=\"283\" data-end=\"301\">prises de sang<\/strong>, ou pour petits soins<\/p>\n<p class=\"\" data-start=\"328\" data-end=\"364\">Format <strong data-start=\"335\" data-end=\"346\">st\u00e9rile<\/strong> et <strong data-start=\"350\" data-end=\"364\">individuel<\/strong><\/p>\n","protected":false},"excerpt":{"rendered":"<p class=\"\" data-start=\"402\" data-end=\"808\"><strong data-start=\"402\" data-end=\"420\">Alcool Pad B50<\/strong><br data-start=\"420\" data-end=\"423\" \/>Les <strong data-start=\"427\" data-end=\"446\">Alcool Pads B50<\/strong> sont des tampons st\u00e9riles \u00e0 usage unique, impr\u00e9gn\u00e9s d\u2019<strong data-start=\"501\" data-end=\"531\">alcool isopropylique \u00e0 70%<\/strong>, con\u00e7us pour la <strong data-start=\"548\" data-end=\"575\">d\u00e9sinfection de la peau<\/strong> avant les actes m\u00e9dicaux tels que les <strong data-start=\"614\" data-end=\"628\">injections<\/strong>, <strong data-start=\"630\" data-end=\"646\">vaccinations<\/strong> ou <strong data-start=\"650\" data-end=\"668\">prises de sang<\/strong>. Pratiques et hygi\u00e9niques, ils s\u2019utilisent \u00e9galement pour les <strong data-start=\"731\" data-end=\"749\">petites plaies<\/strong>, le <strong data-start=\"754\" data-end=\"779\">nettoyage de mat\u00e9riel<\/strong> ou l\u2019hygi\u00e8ne en d\u00e9placement.<\/p>\n<p class=\"\" data-start=\"812\" data-end=\"867\"><strong data-start=\"812\" data-end=\"838\">Bo\u00eete de 50 compresses<\/strong> emball\u00e9es individuellement<\/p>\n<p class=\"\" data-start=\"870\" data-end=\"944\">Contient <strong data-start=\"879\" data-end=\"909\">70% d&rsquo;alcool isopropylique<\/strong> : efficacit\u00e9 antiseptique \u00e9lev\u00e9e<\/p>\n<p class=\"\" data-start=\"947\" data-end=\"1021\">Convient pour un <strong data-start=\"964\" data-end=\"981\">usage m\u00e9dical<\/strong>, <strong data-start=\"983\" data-end=\"997\">domestique<\/strong> ou <strong data-start=\"1001\" data-end=\"1019\">en d\u00e9placement<\/strong><\/p>\n<p class=\"\" data-start=\"1024\" data-end=\"1066\">Format <strong data-start=\"1031\" data-end=\"1042\">compact<\/strong> et facile \u00e0 transporter<\/p>\n","protected":false},"featured_media":25048,"comment_status":"open","ping_status":"closed","template":"","meta":[],"product_cat":[202],"product_tag":[],"class_list":{"0":"post-25047","1":"product","2":"type-product","3":"status-publish","4":"has-post-thumbnail","6":"product_cat-consommable","8":"first","9":"instock","10":"shipping-taxable","11":"purchasable","12":"product-type-simple"},"jetpack_sharing_enabled":true,"_links":{"self":[{"href":"https:\/\/para-pharmacity.tn\/index.php?rest_route=\/wp\/v2\/product\/25047","targetHints":{"allow":["GET"]}}],"collection":[{"href":"https:\/\/para-pharmacity.tn\/index.php?rest_route=\/wp\/v2\/product"}],"about":[{"href":"https:\/\/para-pharmacity.tn\/index.php?rest_route=\/wp\/v2\/types\/product"}],"replies":[{"embeddable":true,"href":"https:\/\/para-pharmacity.tn\/index.php?rest_route=%2Fwp%2Fv2%2Fcomments&post=25047"}],"version-history":[{"count":1,"href":"https:\/\/para-pharmacity.tn\/index.php?rest_route=\/wp\/v2\/product\/25047\/revisions"}],"predecessor-version":[{"id":25049,"href":"https:\/\/para-pharmacity.tn\/index.php?rest_route=\/wp\/v2\/product\/25047\/revisions\/25049"}],"wp:featuredmedia":[{"embeddable":true,"href":"https:\/\/para-pharmacity.tn\/index.php?rest_route=\/wp\/v2\/media\/25048"}],"wp:attachment":[{"href":"https:\/\/para-pharmacity.tn\/index.php?rest_route=%2Fwp%2Fv2%2Fmedia&parent=25047"}],"wp:term":[{"taxonomy":"product_cat","embeddable":true,"href":"https:\/\/para-pharmacity.tn\/index.php?rest_route=%2Fwp%2Fv2%2Fproduct_cat&post=25047"},{"taxonomy":"product_tag","embeddable":true,"href":"https:\/\/para-pharmacity.tn\/index.php?rest_route=%2Fwp%2Fv2%2Fproduct_tag&post=25047"}],"curies":[{"name":"wp","href":"https:\/\/api.w.org\/{rel}","templated":true}]}}