{"id":25042,"date":"2025-04-15T09:38:51","date_gmt":"2025-04-15T09:38:51","guid":{"rendered":"https:\/\/para-pharmacity.tn\/?post_type=product&#038;p=25042"},"modified":"2025-04-15T09:39:23","modified_gmt":"2025-04-15T09:39:23","slug":"alcool-modifiee-ipa-96-ph-1l-ben-pharma","status":"publish","type":"product","link":"https:\/\/para-pharmacity.tn\/?product=alcool-modifiee-ipa-96-ph-1l-ben-pharma","title":{"rendered":"ALCOOL MODIFIEE IPA 96\u00b0 PH 1L BEN PHARMA"},"content":{"rendered":"<p class=\"\" data-start=\"482\" data-end=\"969\"><strong data-start=\"482\" data-end=\"526\">Alcool Modifi\u00e9e IPA 96\u00b0 PH 1L Ben Pharma<\/strong><br data-start=\"526\" data-end=\"529\" \/>L\u2019<strong data-start=\"531\" data-end=\"569\">alcool isopropylique modifi\u00e9 \u00e0 96\u00b0<\/strong> est une solution ultra-concentr\u00e9e con\u00e7ue pour les usages <strong data-start=\"627\" data-end=\"645\">professionnels<\/strong>, <strong data-start=\"647\" data-end=\"659\">m\u00e9dicaux<\/strong> et <strong data-start=\"663\" data-end=\"677\">techniques<\/strong>. Gr\u00e2ce \u00e0 sa forte concentration, il agit comme un <strong data-start=\"728\" data-end=\"753\">d\u00e9sinfectant puissant<\/strong>, \u00e9liminant efficacement <strong data-start=\"778\" data-end=\"791\">bact\u00e9ries<\/strong>, <strong data-start=\"793\" data-end=\"802\">virus<\/strong> et autres agents pathog\u00e8nes. Il est \u00e9galement utilis\u00e9 pour le <strong data-start=\"865\" data-end=\"903\">nettoyage de mat\u00e9riel \u00e9lectronique<\/strong>, la <strong data-start=\"908\" data-end=\"935\">pr\u00e9paration de surfaces<\/strong>, ou comme <strong data-start=\"946\" data-end=\"968\" data-is-only-node=\"\">solvant industriel<\/strong>.<\/p>\n<p class=\"\" data-start=\"973\" data-end=\"1035\"><strong data-start=\"973\" data-end=\"991\">Alcool IPA 96%<\/strong> : action d\u00e9sinfectante rapide et efficace<\/p>\n<p class=\"\" data-start=\"1038\" data-end=\"1108\">Utilisation en <strong data-start=\"1053\" data-end=\"1071\">milieu m\u00e9dical<\/strong>, <strong data-start=\"1073\" data-end=\"1087\">cosm\u00e9tique<\/strong>, ou <strong data-start=\"1092\" data-end=\"1106\">industriel<\/strong><\/p>\n<p class=\"\" data-start=\"1111\" data-end=\"1189\">Convient au <strong data-start=\"1123\" data-end=\"1157\">nettoyage de mat\u00e9riel sensible<\/strong> (optique, \u00e9lectronique, etc.)<\/p>\n<p class=\"\" data-start=\"1192\" data-end=\"1257\"><strong data-start=\"1192\" data-end=\"1208\">Flacon de 1L<\/strong> : \u00e9conomique et pratique pour les professionnels<\/p>\n","protected":false},"excerpt":{"rendered":"<p class=\"\" data-start=\"137\" data-end=\"284\"><strong data-start=\"137\" data-end=\"181\">Alcool Modifi\u00e9e IPA 96\u00b0 PH 1L Ben Pharma<\/strong><br data-start=\"181\" data-end=\"184\" \/>Alcool isopropylique \u00e0 <strong data-start=\"207\" data-end=\"214\">96%<\/strong>, puissant d\u00e9sinfectant pour un usage <strong data-start=\"252\" data-end=\"263\">m\u00e9dical<\/strong> et <strong data-start=\"267\" data-end=\"281\">industriel<\/strong>.<\/p>\n<ul data-start=\"285\" data-end=\"443\">\n<li class=\"\" data-start=\"285\" data-end=\"356\">\n<p class=\"\" data-start=\"287\" data-end=\"356\">Haute efficacit\u00e9 contre <strong data-start=\"311\" data-end=\"320\">virus<\/strong>, <strong data-start=\"322\" data-end=\"335\">bact\u00e9ries<\/strong> et <strong data-start=\"339\" data-end=\"354\">champignons<\/strong><\/p>\n<\/li>\n<li class=\"\" data-start=\"357\" data-end=\"380\">\n<p class=\"\" data-start=\"359\" data-end=\"380\"><strong data-start=\"359\" data-end=\"378\">Contenance : 1L<\/strong><\/p>\n<\/li>\n<li class=\"\" data-start=\"381\" data-end=\"443\">\n<p class=\"\" data-start=\"383\" data-end=\"443\">Id\u00e9al pour la <strong data-start=\"397\" data-end=\"413\">d\u00e9sinfection<\/strong> et le <strong data-start=\"420\" data-end=\"443\">nettoyage technique<\/strong><\/p>\n<\/li>\n<\/ul>\n","protected":false},"featured_media":25044,"comment_status":"open","ping_status":"closed","template":"","meta":[],"product_cat":[202],"product_tag":[],"class_list":{"0":"post-25042","1":"product","2":"type-product","3":"status-publish","4":"has-post-thumbnail","6":"product_cat-consommable","8":"first","9":"instock","10":"shipping-taxable","11":"purchasable","12":"product-type-simple"},"jetpack_sharing_enabled":true,"_links":{"self":[{"href":"https:\/\/para-pharmacity.tn\/index.php?rest_route=\/wp\/v2\/product\/25042","targetHints":{"allow":["GET"]}}],"collection":[{"href":"https:\/\/para-pharmacity.tn\/index.php?rest_route=\/wp\/v2\/product"}],"about":[{"href":"https:\/\/para-pharmacity.tn\/index.php?rest_route=\/wp\/v2\/types\/product"}],"replies":[{"embeddable":true,"href":"https:\/\/para-pharmacity.tn\/index.php?rest_route=%2Fwp%2Fv2%2Fcomments&post=25042"}],"version-history":[{"count":2,"href":"https:\/\/para-pharmacity.tn\/index.php?rest_route=\/wp\/v2\/product\/25042\/revisions"}],"predecessor-version":[{"id":25046,"href":"https:\/\/para-pharmacity.tn\/index.php?rest_route=\/wp\/v2\/product\/25042\/revisions\/25046"}],"wp:featuredmedia":[{"embeddable":true,"href":"https:\/\/para-pharmacity.tn\/index.php?rest_route=\/wp\/v2\/media\/25044"}],"wp:attachment":[{"href":"https:\/\/para-pharmacity.tn\/index.php?rest_route=%2Fwp%2Fv2%2Fmedia&parent=25042"}],"wp:term":[{"taxonomy":"product_cat","embeddable":true,"href":"https:\/\/para-pharmacity.tn\/index.php?rest_route=%2Fwp%2Fv2%2Fproduct_cat&post=25042"},{"taxonomy":"product_tag","embeddable":true,"href":"https:\/\/para-pharmacity.tn\/index.php?rest_route=%2Fwp%2Fv2%2Fproduct_tag&post=25042"}],"curies":[{"name":"wp","href":"https:\/\/api.w.org\/{rel}","templated":true}]}}