{"id":25034,"date":"2025-04-14T14:06:53","date_gmt":"2025-04-14T14:06:53","guid":{"rendered":"https:\/\/para-pharmacity.tn\/?post_type=product&#038;p=25034"},"modified":"2026-04-05T09:51:20","modified_gmt":"2026-04-05T09:51:20","slug":"alcool-modifiee-ipa-60-1l-ben-pharma","status":"publish","type":"product","link":"https:\/\/para-pharmacity.tn\/?product=alcool-modifiee-ipa-60-1l-ben-pharma","title":{"rendered":"ALCOOL MODIFIEE IPA 60\u00b0 1L BEN PHARMA"},"content":{"rendered":"<p class=\"\" data-start=\"482\" data-end=\"974\"><strong data-start=\"482\" data-end=\"523\">Alcool Modifi\u00e9e IPA 60\u00b0 1L Ben Pharma<\/strong><br data-start=\"523\" data-end=\"526\" \/>L&rsquo;<strong data-start=\"528\" data-end=\"555\">Alcool Modifi\u00e9e IPA 60\u00b0<\/strong> (alcool isopropylique) est un antiseptique puissant utilis\u00e9 principalement pour la <strong data-start=\"639\" data-end=\"655\">d\u00e9sinfection<\/strong> et la <strong data-start=\"662\" data-end=\"679\">st\u00e9rilisation<\/strong>. \u00c0 <strong data-start=\"683\" data-end=\"690\">60%<\/strong>, il est efficace contre un large spectre de <strong data-start=\"735\" data-end=\"755\">micro-organismes<\/strong>, tout en \u00e9tant doux pour les surfaces et les instruments. Il est couramment utilis\u00e9 dans les environnements m\u00e9dicaux, industriels et domestiques pour <strong data-start=\"906\" data-end=\"931\">d\u00e9sinfecter les mains<\/strong>, les <strong data-start=\"937\" data-end=\"949\">surfaces<\/strong>, et les <strong data-start=\"958\" data-end=\"973\">\u00e9quipements<\/strong>.<\/p>\n<p class=\"\" data-start=\"978\" data-end=\"1059\"><strong data-start=\"978\" data-end=\"1014\">Alcool isopropylique (IPA) \u00e0 60%<\/strong> : id\u00e9al pour les <strong data-start=\"1032\" data-end=\"1057\">d\u00e9sinfections rapides<\/strong><\/p>\n<p class=\"\" data-start=\"1062\" data-end=\"1173\"><strong data-start=\"1062\" data-end=\"1078\">Multi-usages<\/strong> : pour la d\u00e9sinfection des <strong data-start=\"1106\" data-end=\"1118\">surfaces<\/strong>, <strong data-start=\"1120\" data-end=\"1144\">instruments m\u00e9dicaux<\/strong>, et m\u00eame comme <strong data-start=\"1160\" data-end=\"1171\">solvant<\/strong><\/p>\n<p class=\"\" data-start=\"1176\" data-end=\"1252\"><strong data-start=\"1176\" data-end=\"1188\">Efficace<\/strong> contre les <strong data-start=\"1200\" data-end=\"1213\">bact\u00e9ries<\/strong>, <strong data-start=\"1215\" data-end=\"1224\">virus<\/strong> et autres agents pathog\u00e8nes<\/p>\n","protected":false},"excerpt":{"rendered":"<p class=\"\" data-start=\"127\" data-end=\"253\"><strong data-start=\"127\" data-end=\"168\">Alcool Modifi\u00e9e IPA 60\u00b0 1L Ben Pharma<\/strong><br data-start=\"168\" data-end=\"171\" \/>Alcool isopropylique \u00e0 <strong data-start=\"194\" data-end=\"201\">60%<\/strong>, id\u00e9al pour la <strong data-start=\"217\" data-end=\"233\">d\u00e9sinfection<\/strong> et l&rsquo;<strong data-start=\"239\" data-end=\"250\">hygi\u00e8ne<\/strong>.<\/p>\n<p class=\"\" data-start=\"256\" data-end=\"314\">Utilis\u00e9 pour d\u00e9sinfecter les surfaces et les \u00e9quipements<\/p>\n<p class=\"\" data-start=\"317\" data-end=\"390\"><strong data-start=\"317\" data-end=\"336\">Contenance : 1L<\/strong>, pratique pour un usage domestique ou professionnel<\/p>\n<p class=\"\" data-start=\"393\" data-end=\"445\"><strong data-start=\"393\" data-end=\"415\">Efficacit\u00e9 prouv\u00e9e<\/strong> contre les bact\u00e9ries et virus<\/p>\n","protected":false},"featured_media":25035,"comment_status":"open","ping_status":"closed","template":"","meta":[],"product_cat":[202],"product_tag":[],"class_list":{"0":"post-25034","1":"product","2":"type-product","3":"status-publish","4":"has-post-thumbnail","6":"product_cat-consommable","8":"first","9":"instock","10":"shipping-taxable","11":"purchasable","12":"product-type-simple"},"jetpack_sharing_enabled":true,"_links":{"self":[{"href":"https:\/\/para-pharmacity.tn\/index.php?rest_route=\/wp\/v2\/product\/25034","targetHints":{"allow":["GET"]}}],"collection":[{"href":"https:\/\/para-pharmacity.tn\/index.php?rest_route=\/wp\/v2\/product"}],"about":[{"href":"https:\/\/para-pharmacity.tn\/index.php?rest_route=\/wp\/v2\/types\/product"}],"replies":[{"embeddable":true,"href":"https:\/\/para-pharmacity.tn\/index.php?rest_route=%2Fwp%2Fv2%2Fcomments&post=25034"}],"version-history":[{"count":2,"href":"https:\/\/para-pharmacity.tn\/index.php?rest_route=\/wp\/v2\/product\/25034\/revisions"}],"predecessor-version":[{"id":25038,"href":"https:\/\/para-pharmacity.tn\/index.php?rest_route=\/wp\/v2\/product\/25034\/revisions\/25038"}],"wp:featuredmedia":[{"embeddable":true,"href":"https:\/\/para-pharmacity.tn\/index.php?rest_route=\/wp\/v2\/media\/25035"}],"wp:attachment":[{"href":"https:\/\/para-pharmacity.tn\/index.php?rest_route=%2Fwp%2Fv2%2Fmedia&parent=25034"}],"wp:term":[{"taxonomy":"product_cat","embeddable":true,"href":"https:\/\/para-pharmacity.tn\/index.php?rest_route=%2Fwp%2Fv2%2Fproduct_cat&post=25034"},{"taxonomy":"product_tag","embeddable":true,"href":"https:\/\/para-pharmacity.tn\/index.php?rest_route=%2Fwp%2Fv2%2Fproduct_tag&post=25034"}],"curies":[{"name":"wp","href":"https:\/\/api.w.org\/{rel}","templated":true}]}}