{"id":25031,"date":"2025-04-14T14:00:24","date_gmt":"2025-04-14T14:00:24","guid":{"rendered":"https:\/\/para-pharmacity.tn\/?post_type=product&#038;p=25031"},"modified":"2025-04-14T14:00:24","modified_gmt":"2025-04-14T14:00:24","slug":"alcool-de-menthe-50ml-pro-lion","status":"publish","type":"product","link":"https:\/\/para-pharmacity.tn\/?product=alcool-de-menthe-50ml-pro-lion","title":{"rendered":"ALCOOL DE MENTHE 50ML PRO-LION"},"content":{"rendered":"<p class=\"\" data-start=\"467\" data-end=\"920\"><strong data-start=\"467\" data-end=\"501\">Alcool de Menthe 50ml Pro-Lion<\/strong><br data-start=\"501\" data-end=\"504\" \/>L&rsquo;<strong data-start=\"506\" data-end=\"526\">Alcool de Menthe<\/strong> Pro-Lion est une solution rafra\u00eechissante et revitalisante, souvent utilis\u00e9e pour <strong data-start=\"609\" data-end=\"638\">soulager les maux de t\u00eate<\/strong>, apaiser les <strong data-start=\"652\" data-end=\"676\">inconforts digestifs<\/strong> ou pour offrir une sensation de <strong data-start=\"709\" data-end=\"732\">fra\u00eecheur imm\u00e9diate<\/strong>. Son <strong data-start=\"738\" data-end=\"756\">ar\u00f4me menthol\u00e9<\/strong> agr\u00e9able en fait \u00e9galement un excellent produit pour l&rsquo;<strong data-start=\"812\" data-end=\"838\">hygi\u00e8ne bucco-dentaire<\/strong> et pour un usage cosm\u00e9tique, tel que les bains de bouche ou les soins de la peau.<\/p>\n<ul data-start=\"922\" data-end=\"1189\">\n<li class=\"\" data-start=\"922\" data-end=\"1013\">\n<p class=\"\" data-start=\"924\" data-end=\"1013\"><strong data-start=\"924\" data-end=\"934\">Menthe<\/strong> : apporte une sensation de <strong data-start=\"962\" data-end=\"975\">fra\u00eecheur<\/strong> et aide \u00e0 <strong data-start=\"986\" data-end=\"1011\">soulager les tensions<\/strong><\/p>\n<\/li>\n<li class=\"\" data-start=\"1014\" data-end=\"1086\">\n<p class=\"\" data-start=\"1016\" data-end=\"1086\">Utilis\u00e9 pour <strong data-start=\"1029\" data-end=\"1043\">rafra\u00eechir<\/strong> et pour ses propri\u00e9t\u00e9s <strong data-start=\"1067\" data-end=\"1084\">antiseptiques<\/strong><\/p>\n<\/li>\n<li class=\"\" data-start=\"1087\" data-end=\"1189\">\n<p class=\"\" data-start=\"1089\" data-end=\"1189\"><strong data-start=\"1089\" data-end=\"1101\">Pratique<\/strong> gr\u00e2ce \u00e0 sa <strong data-start=\"1113\" data-end=\"1138\">petite taille de 50ml<\/strong>, id\u00e9ale pour un usage \u00e0 domicile ou en d\u00e9placement<\/p>\n<\/li>\n<\/ul>\n<p class=\"\" data-start=\"1191\" data-end=\"1324\">\n","protected":false},"excerpt":{"rendered":"<p class=\"\" data-start=\"120\" data-end=\"238\"><strong data-start=\"120\" data-end=\"154\">Alcool de Menthe 50ml Pro-Lion<\/strong><br data-start=\"154\" data-end=\"157\" \/>Alcool aromatis\u00e9 \u00e0 la <strong data-start=\"179\" data-end=\"189\">menthe<\/strong>, id\u00e9al pour la <strong data-start=\"205\" data-end=\"218\">fra\u00eecheur<\/strong> et l&rsquo;<strong data-start=\"224\" data-end=\"235\">hygi\u00e8ne<\/strong>.<\/p>\n<ul data-start=\"239\" data-end=\"430\">\n<li class=\"\" data-start=\"239\" data-end=\"317\">\n<p class=\"\" data-start=\"241\" data-end=\"317\"><strong data-start=\"241\" data-end=\"270\">Utilisation th\u00e9rapeutique<\/strong> pour soulager les maux de t\u00eate et la fatigue<\/p>\n<\/li>\n<li class=\"\" data-start=\"318\" data-end=\"370\">\n<p class=\"\" data-start=\"320\" data-end=\"370\">Apporte une <strong data-start=\"332\" data-end=\"358\">sensation de fra\u00eecheur<\/strong> imm\u00e9diate<\/p>\n<\/li>\n<li class=\"\" data-start=\"371\" data-end=\"430\">\n<p class=\"\" data-start=\"373\" data-end=\"430\"><strong data-start=\"373\" data-end=\"394\">Contenance : 50ml<\/strong>, pratique et facile \u00e0 transporter<\/p>\n<\/li>\n<\/ul>\n","protected":false},"featured_media":25032,"comment_status":"open","ping_status":"closed","template":"","meta":[],"product_cat":[202],"product_tag":[],"class_list":{"0":"post-25031","1":"product","2":"type-product","3":"status-publish","4":"has-post-thumbnail","6":"product_cat-consommable","8":"first","9":"instock","10":"shipping-taxable","11":"purchasable","12":"product-type-simple"},"jetpack_sharing_enabled":true,"_links":{"self":[{"href":"https:\/\/para-pharmacity.tn\/index.php?rest_route=\/wp\/v2\/product\/25031","targetHints":{"allow":["GET"]}}],"collection":[{"href":"https:\/\/para-pharmacity.tn\/index.php?rest_route=\/wp\/v2\/product"}],"about":[{"href":"https:\/\/para-pharmacity.tn\/index.php?rest_route=\/wp\/v2\/types\/product"}],"replies":[{"embeddable":true,"href":"https:\/\/para-pharmacity.tn\/index.php?rest_route=%2Fwp%2Fv2%2Fcomments&post=25031"}],"version-history":[{"count":1,"href":"https:\/\/para-pharmacity.tn\/index.php?rest_route=\/wp\/v2\/product\/25031\/revisions"}],"predecessor-version":[{"id":25033,"href":"https:\/\/para-pharmacity.tn\/index.php?rest_route=\/wp\/v2\/product\/25031\/revisions\/25033"}],"wp:featuredmedia":[{"embeddable":true,"href":"https:\/\/para-pharmacity.tn\/index.php?rest_route=\/wp\/v2\/media\/25032"}],"wp:attachment":[{"href":"https:\/\/para-pharmacity.tn\/index.php?rest_route=%2Fwp%2Fv2%2Fmedia&parent=25031"}],"wp:term":[{"taxonomy":"product_cat","embeddable":true,"href":"https:\/\/para-pharmacity.tn\/index.php?rest_route=%2Fwp%2Fv2%2Fproduct_cat&post=25031"},{"taxonomy":"product_tag","embeddable":true,"href":"https:\/\/para-pharmacity.tn\/index.php?rest_route=%2Fwp%2Fv2%2Fproduct_tag&post=25031"}],"curies":[{"name":"wp","href":"https:\/\/api.w.org\/{rel}","templated":true}]}}