{"id":25028,"date":"2025-04-14T13:34:50","date_gmt":"2025-04-14T13:34:50","guid":{"rendered":"https:\/\/para-pharmacity.tn\/?post_type=product&#038;p=25028"},"modified":"2025-04-14T13:34:50","modified_gmt":"2025-04-14T13:34:50","slug":"alcool-1l-prolion-95","status":"publish","type":"product","link":"https:\/\/para-pharmacity.tn\/?product=alcool-1l-prolion-95","title":{"rendered":"ALCOOL 1L PROLION 95%"},"content":{"rendered":"<p class=\"\" data-start=\"397\" data-end=\"794\"><strong data-start=\"397\" data-end=\"422\">Alcool 1L Prolion 95%<\/strong><br data-start=\"422\" data-end=\"425\" \/>Cet alcool \u00e9thylique \u00e0 <strong data-start=\"448\" data-end=\"455\">95%<\/strong> est sp\u00e9cialement con\u00e7u pour r\u00e9pondre \u00e0 divers besoins <strong data-start=\"510\" data-end=\"523\">d\u2019hygi\u00e8ne<\/strong> et <strong data-start=\"527\" data-end=\"546\">de d\u00e9sinfection<\/strong>. Gr\u00e2ce \u00e0 son <strong data-start=\"560\" data-end=\"589\">fort pouvoir antiseptique<\/strong>, il est id\u00e9al pour <strong data-start=\"609\" data-end=\"624\">d\u00e9sinfecter<\/strong> les surfaces, les instruments m\u00e9dicaux, ou pour des usages dans la fabrication de produits <strong data-start=\"716\" data-end=\"731\">cosm\u00e9tiques<\/strong> ou comme <strong data-start=\"741\" data-end=\"752\">solvant<\/strong> dans diverses applications industrielles.<\/p>\n<ul data-start=\"796\" data-end=\"1050\">\n<li class=\"\" data-start=\"796\" data-end=\"885\">\n<p class=\"\" data-start=\"798\" data-end=\"885\"><strong data-start=\"798\" data-end=\"824\">Alcool \u00e9thylique \u00e0 95%<\/strong> : hautement efficace pour \u00e9liminer les germes et bact\u00e9ries<\/p>\n<\/li>\n<li class=\"\" data-start=\"886\" data-end=\"974\">\n<p class=\"\" data-start=\"888\" data-end=\"974\">Utilis\u00e9 pour la <strong data-start=\"904\" data-end=\"920\">d\u00e9sinfection<\/strong> des mains, des surfaces et des \u00e9quipements m\u00e9dicaux<\/p>\n<\/li>\n<li class=\"\" data-start=\"975\" data-end=\"1050\">\n<p class=\"\" data-start=\"977\" data-end=\"1050\">Convient \u00e9galement pour la fabrication de solutions d\u00e9sinfectantes maison<\/p>\n<\/li>\n<\/ul>\n<p class=\"\" data-start=\"1052\" data-end=\"1157\"><strong data-start=\"1052\" data-end=\"1078\">Conseils d&rsquo;utilisation<\/strong> : Appliquer directement sur les zones \u00e0 d\u00e9sinfecter ou utiliser comme solvant.<\/p>\n","protected":false},"excerpt":{"rendered":"<p class=\"\" data-start=\"111\" data-end=\"221\"><strong data-start=\"111\" data-end=\"136\">Alcool 1L Prolion 95%<\/strong><br data-start=\"136\" data-end=\"139\" \/>Alcool \u00e9thylique pur \u00e0 <strong data-start=\"162\" data-end=\"169\">95%<\/strong>, id\u00e9al pour la <strong data-start=\"185\" data-end=\"201\">d\u00e9sinfection<\/strong> et l&rsquo;<strong data-start=\"207\" data-end=\"218\">hygi\u00e8ne<\/strong>.<\/p>\n<ul data-start=\"222\" data-end=\"360\">\n<li class=\"\" data-start=\"222\" data-end=\"302\">\n<p class=\"\" data-start=\"224\" data-end=\"302\">Utilis\u00e9 dans les <strong data-start=\"241\" data-end=\"259\">soins m\u00e9dicaux<\/strong>, la <strong data-start=\"264\" data-end=\"278\">cosm\u00e9tique<\/strong>, et comme <strong data-start=\"289\" data-end=\"300\">solvant<\/strong><\/p>\n<\/li>\n<li class=\"\" data-start=\"303\" data-end=\"326\">\n<p class=\"\" data-start=\"305\" data-end=\"326\"><strong data-start=\"305\" data-end=\"324\">Contenance : 1L<\/strong><\/p>\n<\/li>\n<li class=\"\" data-start=\"327\" data-end=\"360\">\n<p class=\"\" data-start=\"329\" data-end=\"360\"><strong data-start=\"329\" data-end=\"358\">Fort pouvoir antiseptique<\/strong><\/p>\n<\/li>\n<\/ul>\n","protected":false},"featured_media":25029,"comment_status":"open","ping_status":"closed","template":"","meta":[],"product_cat":[202],"product_tag":[],"class_list":{"0":"post-25028","1":"product","2":"type-product","3":"status-publish","4":"has-post-thumbnail","6":"product_cat-consommable","8":"first","9":"instock","10":"shipping-taxable","11":"purchasable","12":"product-type-simple"},"jetpack_sharing_enabled":true,"_links":{"self":[{"href":"https:\/\/para-pharmacity.tn\/index.php?rest_route=\/wp\/v2\/product\/25028","targetHints":{"allow":["GET"]}}],"collection":[{"href":"https:\/\/para-pharmacity.tn\/index.php?rest_route=\/wp\/v2\/product"}],"about":[{"href":"https:\/\/para-pharmacity.tn\/index.php?rest_route=\/wp\/v2\/types\/product"}],"replies":[{"embeddable":true,"href":"https:\/\/para-pharmacity.tn\/index.php?rest_route=%2Fwp%2Fv2%2Fcomments&post=25028"}],"version-history":[{"count":1,"href":"https:\/\/para-pharmacity.tn\/index.php?rest_route=\/wp\/v2\/product\/25028\/revisions"}],"predecessor-version":[{"id":25030,"href":"https:\/\/para-pharmacity.tn\/index.php?rest_route=\/wp\/v2\/product\/25028\/revisions\/25030"}],"wp:featuredmedia":[{"embeddable":true,"href":"https:\/\/para-pharmacity.tn\/index.php?rest_route=\/wp\/v2\/media\/25029"}],"wp:attachment":[{"href":"https:\/\/para-pharmacity.tn\/index.php?rest_route=%2Fwp%2Fv2%2Fmedia&parent=25028"}],"wp:term":[{"taxonomy":"product_cat","embeddable":true,"href":"https:\/\/para-pharmacity.tn\/index.php?rest_route=%2Fwp%2Fv2%2Fproduct_cat&post=25028"},{"taxonomy":"product_tag","embeddable":true,"href":"https:\/\/para-pharmacity.tn\/index.php?rest_route=%2Fwp%2Fv2%2Fproduct_tag&post=25028"}],"curies":[{"name":"wp","href":"https:\/\/api.w.org\/{rel}","templated":true}]}}