{"id":25003,"date":"2025-04-14T11:25:22","date_gmt":"2025-04-14T11:25:22","guid":{"rendered":"https:\/\/para-pharmacity.tn\/?post_type=product&#038;p=25003"},"modified":"2025-04-14T11:25:23","modified_gmt":"2025-04-14T11:25:23","slug":"aiguille-18g","status":"publish","type":"product","link":"https:\/\/para-pharmacity.tn\/?product=aiguille-18g","title":{"rendered":"AIGUILLE 18G"},"content":{"rendered":"<p class=\"\" data-start=\"69\" data-end=\"131\"><strong data-start=\"69\" data-end=\"85\">Aiguille 18G<\/strong><br data-start=\"85\" data-end=\"88\" \/>Aiguille m\u00e9dicale st\u00e9rile \u00e0 usage unique.<\/p>\n<ul data-start=\"132\" data-end=\"331\">\n<li class=\"\" data-start=\"132\" data-end=\"224\">\n<p class=\"\" data-start=\"134\" data-end=\"224\"><strong data-start=\"134\" data-end=\"151\">Calibre : 18G<\/strong> \u2013 id\u00e9ale pour injections de solutions \u00e9paisses ou pr\u00e9l\u00e8vements rapides<\/p>\n<\/li>\n<li class=\"\" data-start=\"225\" data-end=\"262\">\n<p class=\"\" data-start=\"227\" data-end=\"262\"><strong data-start=\"227\" data-end=\"260\">Longueur variable selon usage<\/strong><\/p>\n<\/li>\n<li class=\"\" data-start=\"263\" data-end=\"294\">\n<p class=\"\" data-start=\"265\" data-end=\"294\"><strong data-start=\"265\" data-end=\"292\">Connexion standard Luer<\/strong><\/p>\n<\/li>\n<li class=\"\" data-start=\"295\" data-end=\"331\">\n<p class=\"\" data-start=\"297\" data-end=\"331\">St\u00e9rile, non toxique, non pyrog\u00e8ne<\/p>\n<\/li>\n<\/ul>\n","protected":false},"excerpt":{"rendered":"<p>Aiguille 18GAiguille m\u00e9dicale st\u00e9rile \u00e0 usage unique. Calibre : 18G \u2013 id\u00e9ale pour injections de solutions \u00e9paisses ou pr\u00e9l\u00e8vements rapides<\/p>\n","protected":false},"featured_media":25004,"comment_status":"open","ping_status":"closed","template":"","meta":[],"product_cat":[202],"product_tag":[],"class_list":{"0":"post-25003","1":"product","2":"type-product","3":"status-publish","4":"has-post-thumbnail","6":"product_cat-consommable","8":"first","9":"instock","10":"shipping-taxable","11":"purchasable","12":"product-type-simple"},"jetpack_sharing_enabled":true,"_links":{"self":[{"href":"https:\/\/para-pharmacity.tn\/index.php?rest_route=\/wp\/v2\/product\/25003","targetHints":{"allow":["GET"]}}],"collection":[{"href":"https:\/\/para-pharmacity.tn\/index.php?rest_route=\/wp\/v2\/product"}],"about":[{"href":"https:\/\/para-pharmacity.tn\/index.php?rest_route=\/wp\/v2\/types\/product"}],"replies":[{"embeddable":true,"href":"https:\/\/para-pharmacity.tn\/index.php?rest_route=%2Fwp%2Fv2%2Fcomments&post=25003"}],"version-history":[{"count":1,"href":"https:\/\/para-pharmacity.tn\/index.php?rest_route=\/wp\/v2\/product\/25003\/revisions"}],"predecessor-version":[{"id":25005,"href":"https:\/\/para-pharmacity.tn\/index.php?rest_route=\/wp\/v2\/product\/25003\/revisions\/25005"}],"wp:featuredmedia":[{"embeddable":true,"href":"https:\/\/para-pharmacity.tn\/index.php?rest_route=\/wp\/v2\/media\/25004"}],"wp:attachment":[{"href":"https:\/\/para-pharmacity.tn\/index.php?rest_route=%2Fwp%2Fv2%2Fmedia&parent=25003"}],"wp:term":[{"taxonomy":"product_cat","embeddable":true,"href":"https:\/\/para-pharmacity.tn\/index.php?rest_route=%2Fwp%2Fv2%2Fproduct_cat&post=25003"},{"taxonomy":"product_tag","embeddable":true,"href":"https:\/\/para-pharmacity.tn\/index.php?rest_route=%2Fwp%2Fv2%2Fproduct_tag&post=25003"}],"curies":[{"name":"wp","href":"https:\/\/api.w.org\/{rel}","templated":true}]}}