{"id":24999,"date":"2025-04-14T10:48:48","date_gmt":"2025-04-14T10:48:48","guid":{"rendered":"https:\/\/para-pharmacity.tn\/?post_type=product&#038;p=24999"},"modified":"2025-04-14T11:12:49","modified_gmt":"2025-04-14T11:12:49","slug":"adhels-pansement-durillon-9-pcs","status":"publish","type":"product","link":"https:\/\/para-pharmacity.tn\/?product=adhels-pansement-durillon-9-pcs","title":{"rendered":"ADHELS PANSEMENT DURILLON 9 PCS"},"content":{"rendered":"<p><strong data-start=\"44\" data-end=\"81\">ADHELS Pansement Durillon \u2013 9 pcs<\/strong><br data-start=\"81\" data-end=\"84\" \/>Prot\u00e8ge et soulage les durillons.<br data-start=\"117\" data-end=\"120\" data-is-only-node=\"\" \/>Ramollit la peau \u00e9paissie pour une \u00e9limination progressive.<br data-start=\"179\" data-end=\"182\" \/>Confortable, discret et facile \u00e0 appliquer.<\/p>\n","protected":false},"excerpt":{"rendered":"<p>ADHELS Pansement Durillon \u2013 9 pcsProt\u00e8ge et soulage les durillons.Ramollit la peau \u00e9paissie pour une \u00e9limination progressive.Confortable, discret et facile<\/p>\n","protected":false},"featured_media":25000,"comment_status":"open","ping_status":"closed","template":"","meta":[],"product_cat":[202],"product_tag":[],"class_list":{"0":"post-24999","1":"product","2":"type-product","3":"status-publish","4":"has-post-thumbnail","6":"product_cat-consommable","8":"first","9":"instock","10":"shipping-taxable","11":"purchasable","12":"product-type-simple"},"jetpack_sharing_enabled":true,"_links":{"self":[{"href":"https:\/\/para-pharmacity.tn\/index.php?rest_route=\/wp\/v2\/product\/24999","targetHints":{"allow":["GET"]}}],"collection":[{"href":"https:\/\/para-pharmacity.tn\/index.php?rest_route=\/wp\/v2\/product"}],"about":[{"href":"https:\/\/para-pharmacity.tn\/index.php?rest_route=\/wp\/v2\/types\/product"}],"replies":[{"embeddable":true,"href":"https:\/\/para-pharmacity.tn\/index.php?rest_route=%2Fwp%2Fv2%2Fcomments&post=24999"}],"version-history":[{"count":1,"href":"https:\/\/para-pharmacity.tn\/index.php?rest_route=\/wp\/v2\/product\/24999\/revisions"}],"predecessor-version":[{"id":25002,"href":"https:\/\/para-pharmacity.tn\/index.php?rest_route=\/wp\/v2\/product\/24999\/revisions\/25002"}],"wp:featuredmedia":[{"embeddable":true,"href":"https:\/\/para-pharmacity.tn\/index.php?rest_route=\/wp\/v2\/media\/25000"}],"wp:attachment":[{"href":"https:\/\/para-pharmacity.tn\/index.php?rest_route=%2Fwp%2Fv2%2Fmedia&parent=24999"}],"wp:term":[{"taxonomy":"product_cat","embeddable":true,"href":"https:\/\/para-pharmacity.tn\/index.php?rest_route=%2Fwp%2Fv2%2Fproduct_cat&post=24999"},{"taxonomy":"product_tag","embeddable":true,"href":"https:\/\/para-pharmacity.tn\/index.php?rest_route=%2Fwp%2Fv2%2Fproduct_tag&post=24999"}],"curies":[{"name":"wp","href":"https:\/\/api.w.org\/{rel}","templated":true}]}}