{"id":24996,"date":"2025-04-14T10:28:00","date_gmt":"2025-04-14T10:28:00","guid":{"rendered":"https:\/\/para-pharmacity.tn\/?post_type=product&#038;p=24996"},"modified":"2025-04-14T10:28:00","modified_gmt":"2025-04-14T10:28:00","slug":"adhe-els-protecteur-resistant-16-strips","status":"publish","type":"product","link":"https:\/\/para-pharmacity.tn\/?product=adhe-els-protecteur-resistant-16-strips","title":{"rendered":"ADHE-ELS PROTECTEUR RESISTANT 16 STRIPS"},"content":{"rendered":"<p class=\"\" data-start=\"64\" data-end=\"175\"><strong data-start=\"64\" data-end=\"83\">Soin des Plaies<\/strong><br data-start=\"83\" data-end=\"86\" \/>Gamme de produits destin\u00e9s \u00e0 nettoyer, prot\u00e9ger et favoriser la cicatrisation des plaies.<\/p>\n<ul data-start=\"177\" data-end=\"514\">\n<li class=\"\" data-start=\"177\" data-end=\"254\">\n<p class=\"\" data-start=\"179\" data-end=\"254\"><strong data-start=\"179\" data-end=\"197\">Nettoyage doux<\/strong> pour \u00e9liminer les impuret\u00e9s et pr\u00e9venir les infections<\/p>\n<\/li>\n<li class=\"\" data-start=\"255\" data-end=\"337\">\n<p class=\"\" data-start=\"257\" data-end=\"337\"><strong data-start=\"257\" data-end=\"280\">Protection efficace<\/strong> contre les agressions ext\u00e9rieures (bact\u00e9ries, salet\u00e9s)<\/p>\n<\/li>\n<li class=\"\" data-start=\"338\" data-end=\"392\">\n<p class=\"\" data-start=\"340\" data-end=\"392\"><strong data-start=\"340\" data-end=\"369\">Favorise la cicatrisation<\/strong> naturelle de la peau<\/p>\n<\/li>\n<li class=\"\" data-start=\"393\" data-end=\"464\">\n<p class=\"\" data-start=\"395\" data-end=\"464\">Convient pour <strong data-start=\"409\" data-end=\"462\">coupures, \u00e9raflures, br\u00fblures l\u00e9g\u00e8res, \u00e9corchures<\/strong><\/p>\n<\/li>\n<li class=\"\" data-start=\"465\" data-end=\"514\">\n<p class=\"\" data-start=\"467\" data-end=\"514\">Utilisation facile \u00e0 domicile ou en d\u00e9placement<\/p>\n<\/li>\n<\/ul>\n<p class=\"\" data-start=\"516\" data-end=\"586\"><strong data-start=\"516\" data-end=\"586\">Disponible sous forme de sprays, cr\u00e8mes, pansements ou compresses.<\/strong><\/p>\n","protected":false},"excerpt":{"rendered":"<p>Soin des PlaiesGamme de produits destin\u00e9s \u00e0 nettoyer, prot\u00e9ger et favoriser la cicatrisation des plaies. Nettoyage doux pour \u00e9liminer les<\/p>\n","protected":false},"featured_media":24997,"comment_status":"open","ping_status":"closed","template":"","meta":[],"product_cat":[202],"product_tag":[],"class_list":{"0":"post-24996","1":"product","2":"type-product","3":"status-publish","4":"has-post-thumbnail","6":"product_cat-consommable","8":"first","9":"instock","10":"shipping-taxable","11":"purchasable","12":"product-type-simple"},"jetpack_sharing_enabled":true,"_links":{"self":[{"href":"https:\/\/para-pharmacity.tn\/index.php?rest_route=\/wp\/v2\/product\/24996","targetHints":{"allow":["GET"]}}],"collection":[{"href":"https:\/\/para-pharmacity.tn\/index.php?rest_route=\/wp\/v2\/product"}],"about":[{"href":"https:\/\/para-pharmacity.tn\/index.php?rest_route=\/wp\/v2\/types\/product"}],"replies":[{"embeddable":true,"href":"https:\/\/para-pharmacity.tn\/index.php?rest_route=%2Fwp%2Fv2%2Fcomments&post=24996"}],"version-history":[{"count":1,"href":"https:\/\/para-pharmacity.tn\/index.php?rest_route=\/wp\/v2\/product\/24996\/revisions"}],"predecessor-version":[{"id":24998,"href":"https:\/\/para-pharmacity.tn\/index.php?rest_route=\/wp\/v2\/product\/24996\/revisions\/24998"}],"wp:featuredmedia":[{"embeddable":true,"href":"https:\/\/para-pharmacity.tn\/index.php?rest_route=\/wp\/v2\/media\/24997"}],"wp:attachment":[{"href":"https:\/\/para-pharmacity.tn\/index.php?rest_route=%2Fwp%2Fv2%2Fmedia&parent=24996"}],"wp:term":[{"taxonomy":"product_cat","embeddable":true,"href":"https:\/\/para-pharmacity.tn\/index.php?rest_route=%2Fwp%2Fv2%2Fproduct_cat&post=24996"},{"taxonomy":"product_tag","embeddable":true,"href":"https:\/\/para-pharmacity.tn\/index.php?rest_route=%2Fwp%2Fv2%2Fproduct_tag&post=24996"}],"curies":[{"name":"wp","href":"https:\/\/api.w.org\/{rel}","templated":true}]}}