{"id":22416,"date":"2024-07-11T10:30:53","date_gmt":"2024-07-11T10:30:53","guid":{"rendered":"https:\/\/para-pharmacity.tn\/?product=vital-pedia-creme-pour-le-change"},"modified":"2025-05-16T15:05:51","modified_gmt":"2025-05-16T15:05:51","slug":"vital-pedia-creme-pour-le-change","status":"publish","type":"product","link":"https:\/\/para-pharmacity.tn\/?product=vital-pedia-creme-pour-le-change","title":{"rendered":"VITAL PEDIA CREME POUR LE CHANGE"},"content":{"rendered":"<p style=\"font-weight: 400;\"><strong style=\"font-weight: 400;\">P\u00e9diakids Cr\u00e8me de change<\/strong>\u00a0est une formule sp\u00e9cialement \u00e9labor\u00e9e pour le change de b\u00e9b\u00e9 et adapt\u00e9e \u00e0 l\u2019 \u00e9piderme fessier et aux agressions qu\u2019 il subit \u00e0 savoir :<\/p>\n<p style=\"font-weight: 400;\">&#8211; Irritations par le port prolong\u00e9 de couches<\/p>\n<p style=\"font-weight: 400;\">&#8211; Humidit\u00e9<\/p>\n<p style=\"font-weight: 400;\">&#8211; Contact prolong\u00e9 avec les urines et les selles<\/p>\n<p style=\"font-weight: 400;\">&#8211; Agressions des d\u00e9tergents et des produits d\u2019 hygi\u00e8ne du b\u00e9b\u00e9<\/p>\n<h2 style=\"font-weight: 400;\">Indication :<\/h2>\n<p style=\"font-weight: 400;\">Traitement pr\u00e9ventif et curatif des \u00e9ryth\u00e8mes fessiers<\/p>\n<p style=\"font-weight: 400;\">Aucune contre-indication<\/p>\n<h2 style=\"font-weight: 400;\">Composition :<\/h2>\n<p style=\"font-weight: 400;\">Vaseline blanche, Huile de paraffine, Lanoline, Oxyde de Zinc Borate de soude, Amidon, Parfum de lavande<\/p>\n<h2 style=\"font-weight: 400;\">Conseils d&rsquo;utilisation :<\/h2>\n<p style=\"font-weight: 400;\">A chaque change, appliquer une couche \u00e9paisse sur la peau parfaitement propre et s\u00e8che.<\/p>\n<h2 style=\"font-weight: 400;\">Contenance : 40gr<\/h2>\n","protected":false},"excerpt":{"rendered":"<p>P\u00e9diakids Cr\u00e8me de change est une formule sp\u00e9cialement \u00e9labor\u00e9e pour le change de b\u00e9b\u00e9 et adapt\u00e9e \u00e0 l \u00e9piderme fessier et aux agressions qu il subit \u00e0 savoir :- Irritations par le port prolong\u00e9 de couches &#8211; Humidit\u00e9- Contact prolong\u00e9 avec les urines et les selles &#8211; Agressions des d\u00e9tergents et des produits d hygi\u00e8ne du b\u00e9b\u00e9<\/p>\n","protected":false},"featured_media":26164,"comment_status":"open","ping_status":"closed","template":"","meta":[],"product_cat":[243],"product_tag":[],"class_list":{"0":"post-22416","1":"product","2":"type-product","3":"status-publish","4":"has-post-thumbnail","6":"product_cat-bebe-et-maman","8":"first","9":"instock","10":"shipping-taxable","11":"purchasable","12":"product-type-simple"},"jetpack_sharing_enabled":true,"_links":{"self":[{"href":"https:\/\/para-pharmacity.tn\/index.php?rest_route=\/wp\/v2\/product\/22416","targetHints":{"allow":["GET"]}}],"collection":[{"href":"https:\/\/para-pharmacity.tn\/index.php?rest_route=\/wp\/v2\/product"}],"about":[{"href":"https:\/\/para-pharmacity.tn\/index.php?rest_route=\/wp\/v2\/types\/product"}],"replies":[{"embeddable":true,"href":"https:\/\/para-pharmacity.tn\/index.php?rest_route=%2Fwp%2Fv2%2Fcomments&post=22416"}],"version-history":[{"count":2,"href":"https:\/\/para-pharmacity.tn\/index.php?rest_route=\/wp\/v2\/product\/22416\/revisions"}],"predecessor-version":[{"id":26165,"href":"https:\/\/para-pharmacity.tn\/index.php?rest_route=\/wp\/v2\/product\/22416\/revisions\/26165"}],"wp:featuredmedia":[{"embeddable":true,"href":"https:\/\/para-pharmacity.tn\/index.php?rest_route=\/wp\/v2\/media\/26164"}],"wp:attachment":[{"href":"https:\/\/para-pharmacity.tn\/index.php?rest_route=%2Fwp%2Fv2%2Fmedia&parent=22416"}],"wp:term":[{"taxonomy":"product_cat","embeddable":true,"href":"https:\/\/para-pharmacity.tn\/index.php?rest_route=%2Fwp%2Fv2%2Fproduct_cat&post=22416"},{"taxonomy":"product_tag","embeddable":true,"href":"https:\/\/para-pharmacity.tn\/index.php?rest_route=%2Fwp%2Fv2%2Fproduct_tag&post=22416"}],"curies":[{"name":"wp","href":"https:\/\/api.w.org\/{rel}","templated":true}]}}