{"id":22395,"date":"2024-07-11T10:30:42","date_gmt":"2024-07-11T10:30:42","guid":{"rendered":"https:\/\/para-pharmacity.tn\/?product=baume-a-essence-vert"},"modified":"2025-04-24T09:39:52","modified_gmt":"2025-04-24T09:39:52","slug":"baume-a-essence-vert","status":"publish","type":"product","link":"https:\/\/para-pharmacity.tn\/?product=baume-a-essence-vert","title":{"rendered":"BAUME A ESSENCE VERT"},"content":{"rendered":"<p class=\"\" data-start=\"234\" data-end=\"545\">Le <strong data-start=\"237\" data-end=\"261\">Baume \u00e0 Essence Vert<\/strong> est un onguent traditionnel formul\u00e9 \u00e0 base de menthol, camphre et d\u2019huiles essentielles naturelles. Recherch\u00e9 pour son effet rafra\u00eechissant imm\u00e9diat, il est id\u00e9al pour apaiser les douleurs musculaires, les courbatures, les maux de t\u00eate, les d\u00e9mangeaisons ou les piq\u00fbres d\u2019insectes.<\/p>\n<p class=\"\" data-start=\"549\" data-end=\"757\">Son parfum v\u00e9g\u00e9tal et ses propri\u00e9t\u00e9s anti-inflammatoires en font un produit indispensable \u00e0 avoir dans son sac ou sa trousse de premiers soins. Sa texture non grasse permet une application facile sur la peau.<\/p>\n","protected":false},"excerpt":{"rendered":"<p class=\"\" data-start=\"95\" data-end=\"193\">Baume aux herbes rafra\u00eechissant, soulage rapidement douleurs musculaires, piq\u00fbres et maux de t\u00eate.<\/p>\n","protected":false},"featured_media":25556,"comment_status":"open","ping_status":"closed","template":"","meta":[],"product_cat":[243],"product_tag":[],"class_list":{"0":"post-22395","1":"product","2":"type-product","3":"status-publish","4":"has-post-thumbnail","6":"product_cat-bebe-et-maman","8":"first","9":"instock","10":"shipping-taxable","11":"purchasable","12":"product-type-simple"},"jetpack_sharing_enabled":true,"_links":{"self":[{"href":"https:\/\/para-pharmacity.tn\/index.php?rest_route=\/wp\/v2\/product\/22395","targetHints":{"allow":["GET"]}}],"collection":[{"href":"https:\/\/para-pharmacity.tn\/index.php?rest_route=\/wp\/v2\/product"}],"about":[{"href":"https:\/\/para-pharmacity.tn\/index.php?rest_route=\/wp\/v2\/types\/product"}],"replies":[{"embeddable":true,"href":"https:\/\/para-pharmacity.tn\/index.php?rest_route=%2Fwp%2Fv2%2Fcomments&post=22395"}],"version-history":[{"count":2,"href":"https:\/\/para-pharmacity.tn\/index.php?rest_route=\/wp\/v2\/product\/22395\/revisions"}],"predecessor-version":[{"id":25560,"href":"https:\/\/para-pharmacity.tn\/index.php?rest_route=\/wp\/v2\/product\/22395\/revisions\/25560"}],"wp:featuredmedia":[{"embeddable":true,"href":"https:\/\/para-pharmacity.tn\/index.php?rest_route=\/wp\/v2\/media\/25556"}],"wp:attachment":[{"href":"https:\/\/para-pharmacity.tn\/index.php?rest_route=%2Fwp%2Fv2%2Fmedia&parent=22395"}],"wp:term":[{"taxonomy":"product_cat","embeddable":true,"href":"https:\/\/para-pharmacity.tn\/index.php?rest_route=%2Fwp%2Fv2%2Fproduct_cat&post=22395"},{"taxonomy":"product_tag","embeddable":true,"href":"https:\/\/para-pharmacity.tn\/index.php?rest_route=%2Fwp%2Fv2%2Fproduct_tag&post=22395"}],"curies":[{"name":"wp","href":"https:\/\/api.w.org\/{rel}","templated":true}]}}