{"id":22394,"date":"2024-07-11T10:30:41","date_gmt":"2024-07-11T10:30:41","guid":{"rendered":"https:\/\/para-pharmacity.tn\/?product=vital-fersang"},"modified":"2025-05-22T14:07:15","modified_gmt":"2025-05-22T14:07:15","slug":"vital-fersang","status":"publish","type":"product","link":"https:\/\/para-pharmacity.tn\/?product=vital-fersang","title":{"rendered":"VITAL FERSANG 60G"},"content":{"rendered":"<h1>VITAL FERSANG 60 G\u00c9LULES<\/h1>\n<p><strong>VITAL FERSANG 60 G\u00c9LULES\u00a0<\/strong>\u00a0est un compl\u00e9ment alimentaire qui apporte \u00e0 l\u2019organisme les \u00e9l\u00e9ments essentiels pour la formation des globules rouges.<\/p>\n<h3 class=\"tab-title\"><strong>INDICATIONS<\/strong><\/h3>\n<div class=\"tab\">\n<div class=\"tab-content\">\n<ul>\n<li>Pr\u00e9vention de la carence martiale<\/li>\n<li>Traitement de l\u2019an\u00e9mie chez l\u2019adulte, l\u2019enfant et la femme enceinte<\/li>\n<li>Restitution des r\u00e9serves en fer<\/li>\n<li>R\u00e9duit le risque de constipation<\/li>\n<li>Fortifie le sang<\/li>\n<\/ul>\n<\/div>\n<\/div>\n","protected":false},"excerpt":{"rendered":"<p>VITAL FERSANG est un compl\u00e9ment anti-an\u00e9mique qui aide \u00e0 pr\u00e9venir la carence en fer. Il convient aux adultes, enfants et femmes enceintes pour restaurer efficacement leurs r\u00e9serves en fer.<\/p>\n","protected":false},"featured_media":26285,"comment_status":"open","ping_status":"closed","template":"","meta":[],"product_cat":[286],"product_tag":[],"class_list":{"0":"post-22394","1":"product","2":"type-product","3":"status-publish","4":"has-post-thumbnail","6":"product_cat-complement-alimentaire","8":"first","9":"instock","10":"shipping-taxable","11":"purchasable","12":"product-type-simple"},"jetpack_sharing_enabled":true,"_links":{"self":[{"href":"https:\/\/para-pharmacity.tn\/index.php?rest_route=\/wp\/v2\/product\/22394","targetHints":{"allow":["GET"]}}],"collection":[{"href":"https:\/\/para-pharmacity.tn\/index.php?rest_route=\/wp\/v2\/product"}],"about":[{"href":"https:\/\/para-pharmacity.tn\/index.php?rest_route=\/wp\/v2\/types\/product"}],"replies":[{"embeddable":true,"href":"https:\/\/para-pharmacity.tn\/index.php?rest_route=%2Fwp%2Fv2%2Fcomments&post=22394"}],"version-history":[{"count":2,"href":"https:\/\/para-pharmacity.tn\/index.php?rest_route=\/wp\/v2\/product\/22394\/revisions"}],"predecessor-version":[{"id":26286,"href":"https:\/\/para-pharmacity.tn\/index.php?rest_route=\/wp\/v2\/product\/22394\/revisions\/26286"}],"wp:featuredmedia":[{"embeddable":true,"href":"https:\/\/para-pharmacity.tn\/index.php?rest_route=\/wp\/v2\/media\/26285"}],"wp:attachment":[{"href":"https:\/\/para-pharmacity.tn\/index.php?rest_route=%2Fwp%2Fv2%2Fmedia&parent=22394"}],"wp:term":[{"taxonomy":"product_cat","embeddable":true,"href":"https:\/\/para-pharmacity.tn\/index.php?rest_route=%2Fwp%2Fv2%2Fproduct_cat&post=22394"},{"taxonomy":"product_tag","embeddable":true,"href":"https:\/\/para-pharmacity.tn\/index.php?rest_route=%2Fwp%2Fv2%2Fproduct_tag&post=22394"}],"curies":[{"name":"wp","href":"https:\/\/api.w.org\/{rel}","templated":true}]}}