{"id":22391,"date":"2024-07-11T10:30:40","date_gmt":"2024-07-11T10:30:40","guid":{"rendered":"https:\/\/para-pharmacity.tn\/?product=thermometre-digital-accutherm-rigide"},"modified":"2025-06-12T16:33:51","modified_gmt":"2025-06-12T16:33:51","slug":"thermometre-digital-accutherm-rigide","status":"publish","type":"product","link":"https:\/\/para-pharmacity.tn\/?product=thermometre-digital-accutherm-rigide","title":{"rendered":"THERMOMETRE DIGITAL ACCUTHERM RIGIDE"},"content":{"rendered":"<p>Le\u00a0<b>thermom\u00e8tre digital<\/b>\u00a0est la version classique de l\u2019instrument de mesure. Facile \u00e0 utiliser, simple \u00e0 manipuler, vous pouvez l\u2019emmener partout avec vous que vous soyez un professionnel de la sant\u00e9 ou un particulier.<\/p>\n<p>Le\u00a0<b>fonctionnement du thermom\u00e8tre \u00e9lectronique<\/b>\u00a0est tr\u00e8s simple : le r\u00e9sultat de la mesure s\u2019obtient \u00e0 l\u2019aide de la sonde situ\u00e9e sur l\u2019extr\u00e9mit\u00e9 de l\u2019appareil. Gr\u00e2ce \u00e0 ce syst\u00e8me, le r\u00e9sultat s\u2019affiche sur l\u2019\u00e9cran en quelques secondes et avec une grande pr\u00e9cision.<\/p>\n<p>De plus, vous pouvez vous en servir en toute tranquillit\u00e9, car il ne contient pas de mercure.<\/p>\n","protected":false},"excerpt":{"rendered":"<p>Thermom\u00e8tre Flexible accutherm Ce thermom\u00e8tre \u00e9lectronique flexible permet de mesurer tr\u00e8s rapidement la temp\u00e9rature du corps<\/p>\n","protected":false},"featured_media":26731,"comment_status":"open","ping_status":"closed","template":"","meta":[],"product_cat":[20],"product_tag":[],"class_list":{"0":"post-22391","1":"product","2":"type-product","3":"status-publish","4":"has-post-thumbnail","6":"product_cat-accessories","8":"first","9":"instock","10":"shipping-taxable","11":"purchasable","12":"product-type-simple"},"jetpack_sharing_enabled":true,"_links":{"self":[{"href":"https:\/\/para-pharmacity.tn\/index.php?rest_route=\/wp\/v2\/product\/22391","targetHints":{"allow":["GET"]}}],"collection":[{"href":"https:\/\/para-pharmacity.tn\/index.php?rest_route=\/wp\/v2\/product"}],"about":[{"href":"https:\/\/para-pharmacity.tn\/index.php?rest_route=\/wp\/v2\/types\/product"}],"replies":[{"embeddable":true,"href":"https:\/\/para-pharmacity.tn\/index.php?rest_route=%2Fwp%2Fv2%2Fcomments&post=22391"}],"version-history":[{"count":2,"href":"https:\/\/para-pharmacity.tn\/index.php?rest_route=\/wp\/v2\/product\/22391\/revisions"}],"predecessor-version":[{"id":26732,"href":"https:\/\/para-pharmacity.tn\/index.php?rest_route=\/wp\/v2\/product\/22391\/revisions\/26732"}],"wp:featuredmedia":[{"embeddable":true,"href":"https:\/\/para-pharmacity.tn\/index.php?rest_route=\/wp\/v2\/media\/26731"}],"wp:attachment":[{"href":"https:\/\/para-pharmacity.tn\/index.php?rest_route=%2Fwp%2Fv2%2Fmedia&parent=22391"}],"wp:term":[{"taxonomy":"product_cat","embeddable":true,"href":"https:\/\/para-pharmacity.tn\/index.php?rest_route=%2Fwp%2Fv2%2Fproduct_cat&post=22391"},{"taxonomy":"product_tag","embeddable":true,"href":"https:\/\/para-pharmacity.tn\/index.php?rest_route=%2Fwp%2Fv2%2Fproduct_tag&post=22391"}],"curies":[{"name":"wp","href":"https:\/\/api.w.org\/{rel}","templated":true}]}}