{"id":22375,"date":"2024-07-11T10:30:29","date_gmt":"2024-07-11T10:30:29","guid":{"rendered":"https:\/\/para-pharmacity.tn\/?product=test-de-grossesse-medicare-stylo"},"modified":"2025-06-16T11:16:03","modified_gmt":"2025-06-16T11:16:03","slug":"test-de-grossesse-medicare-stylo","status":"publish","type":"product","link":"https:\/\/para-pharmacity.tn\/?product=test-de-grossesse-medicare-stylo","title":{"rendered":"TEST DE GROSSESSE MEDICARE STYLO"},"content":{"rendered":"<p><b>MEDICARE TEST DE GROSSESSE<\/b><\/p>\n<p>MEDICARE TEST DE GROSSESSE\u00a0est un test de grossesse facile \u00e0 utiliser, offrant des r\u00e9sultats rapides et pr\u00e9cis en d\u00e9tectant l\u2019hormone hCG dans l\u2019urine. Simple et fiable pour confirmer une grossesse \u00e0 domicile.<\/p>\n<p><b>Caract\u00e9ristiques<\/b><\/p>\n<ul>\n<li>Facilit\u00e9 d\u2019utilisation : test de type stylo, pratique et facile \u00e0 utiliser.<\/li>\n<li>Pr\u00e9cision rapide : r\u00e9sultat g\u00e9n\u00e9ralement en quelques minutes.<\/li>\n<li>Fiabilit\u00e9 : haute pr\u00e9cision pour confirmer une grossesse.<\/li>\n<\/ul>\n<p><b>Instructions d\u2019utilisation ::\u00a0<\/b><\/p>\n<ul>\n<li>Urinez sur la partie absorbante du test ou plongez-la dans un \u00e9chantillon d\u2019urine, selon les instructions du fabricant.<\/li>\n<li>Attendez quelques minutes pour le r\u00e9sultat.<\/li>\n<li>Un test pratique pour confirmer rapidement une grossesse \u00e0 domicile.<\/li>\n<\/ul>\n","protected":false},"excerpt":{"rendered":"<p>Le test d\u2019autodiagnostic de grossesse \u00e0 usage in vitro. mesure la pr\u00e9sence de l\u2019hormone sp\u00e9cifique de la grossesse dans les urines : l\u2019hormone gonadotrophine chorionique (HCG) avec une forte sensibilit\u00e9 et fiabilit\u00e9.<\/p>\n","protected":false},"featured_media":26807,"comment_status":"open","ping_status":"closed","template":"","meta":[],"product_cat":[230],"product_tag":[],"class_list":{"0":"post-22375","1":"product","2":"type-product","3":"status-publish","4":"has-post-thumbnail","6":"product_cat-hygiene","8":"first","9":"instock","10":"shipping-taxable","11":"purchasable","12":"product-type-simple"},"jetpack_sharing_enabled":true,"_links":{"self":[{"href":"https:\/\/para-pharmacity.tn\/index.php?rest_route=\/wp\/v2\/product\/22375","targetHints":{"allow":["GET"]}}],"collection":[{"href":"https:\/\/para-pharmacity.tn\/index.php?rest_route=\/wp\/v2\/product"}],"about":[{"href":"https:\/\/para-pharmacity.tn\/index.php?rest_route=\/wp\/v2\/types\/product"}],"replies":[{"embeddable":true,"href":"https:\/\/para-pharmacity.tn\/index.php?rest_route=%2Fwp%2Fv2%2Fcomments&post=22375"}],"version-history":[{"count":2,"href":"https:\/\/para-pharmacity.tn\/index.php?rest_route=\/wp\/v2\/product\/22375\/revisions"}],"predecessor-version":[{"id":26805,"href":"https:\/\/para-pharmacity.tn\/index.php?rest_route=\/wp\/v2\/product\/22375\/revisions\/26805"}],"wp:featuredmedia":[{"embeddable":true,"href":"https:\/\/para-pharmacity.tn\/index.php?rest_route=\/wp\/v2\/media\/26807"}],"wp:attachment":[{"href":"https:\/\/para-pharmacity.tn\/index.php?rest_route=%2Fwp%2Fv2%2Fmedia&parent=22375"}],"wp:term":[{"taxonomy":"product_cat","embeddable":true,"href":"https:\/\/para-pharmacity.tn\/index.php?rest_route=%2Fwp%2Fv2%2Fproduct_cat&post=22375"},{"taxonomy":"product_tag","embeddable":true,"href":"https:\/\/para-pharmacity.tn\/index.php?rest_route=%2Fwp%2Fv2%2Fproduct_tag&post=22375"}],"curies":[{"name":"wp","href":"https:\/\/api.w.org\/{rel}","templated":true}]}}