{"id":22366,"date":"2024-07-11T10:30:26","date_gmt":"2024-07-11T10:30:26","guid":{"rendered":"https:\/\/para-pharmacity.tn\/?product=vital-plantexil-toux-seche-150-ml"},"modified":"2025-05-13T14:49:14","modified_gmt":"2025-05-13T14:49:14","slug":"vital-plantexil-toux-seche-150-ml","status":"publish","type":"product","link":"https:\/\/para-pharmacity.tn\/?product=vital-plantexil-toux-seche-150-ml","title":{"rendered":"VITAL PLANTEXIL TOUX SECHE 150 ML"},"content":{"rendered":"<p><strong>Plantexil<\/strong>\u00a0est une formule sp\u00e9cialement con\u00e7ue pour les adultes, visant \u00e0 apaiser les voies respiratoires et calmer la toux s\u00e8che.<\/p>\n<p>Avec\u00a0<strong>Sant\u00e9 VITAL<\/strong>, vous trouverez une solution adapt\u00e9e \u00e0 chacun de vos besoins.<br \/>\nLes sympt\u00f4mes de la toux peuvent se manifester fr\u00e9quemment lors des changements de saison.<\/p>\n<p>\u2705 Disponible sous forme de\u00a0<strong>Sirop<\/strong>\u00a0et\u00a0<strong>G\u00e9lules<\/strong>.<br \/>\n\u2705 Formul\u00e9 \u00e0 base d\u2019extraits secs de plantes, de miel et de propolis pour aider \u00e0 soulager les voies respiratoires.<\/p>\n<p><strong>CONSEILS D&rsquo;UTILISATION<\/strong><br \/>\nSirop : 1 cuill\u00e8re \u00e0 soupe (10 ml) deux fois par jour.<\/p>\n<p>&nbsp;<\/p>\n<p><strong>COMPOSITION<\/strong><br \/>\nSirop : Plantain, Tilleul, Romarin, Miel, Propolis.<\/p>\n","protected":false},"excerpt":{"rendered":"<p><strong>Plantexil<\/strong>\u00a0est une formule sp\u00e9cialement con\u00e7ue pour les adultes, visant \u00e0 apaiser les voies respiratoires et calmer la toux s\u00e8che.<\/p>\n","protected":false},"featured_media":26071,"comment_status":"open","ping_status":"closed","template":"","meta":[],"product_cat":[286],"product_tag":[],"class_list":{"0":"post-22366","1":"product","2":"type-product","3":"status-publish","4":"has-post-thumbnail","6":"product_cat-complement-alimentaire","8":"first","9":"instock","10":"shipping-taxable","11":"purchasable","12":"product-type-simple"},"jetpack_sharing_enabled":true,"_links":{"self":[{"href":"https:\/\/para-pharmacity.tn\/index.php?rest_route=\/wp\/v2\/product\/22366","targetHints":{"allow":["GET"]}}],"collection":[{"href":"https:\/\/para-pharmacity.tn\/index.php?rest_route=\/wp\/v2\/product"}],"about":[{"href":"https:\/\/para-pharmacity.tn\/index.php?rest_route=\/wp\/v2\/types\/product"}],"replies":[{"embeddable":true,"href":"https:\/\/para-pharmacity.tn\/index.php?rest_route=%2Fwp%2Fv2%2Fcomments&post=22366"}],"version-history":[{"count":2,"href":"https:\/\/para-pharmacity.tn\/index.php?rest_route=\/wp\/v2\/product\/22366\/revisions"}],"predecessor-version":[{"id":26074,"href":"https:\/\/para-pharmacity.tn\/index.php?rest_route=\/wp\/v2\/product\/22366\/revisions\/26074"}],"wp:featuredmedia":[{"embeddable":true,"href":"https:\/\/para-pharmacity.tn\/index.php?rest_route=\/wp\/v2\/media\/26071"}],"wp:attachment":[{"href":"https:\/\/para-pharmacity.tn\/index.php?rest_route=%2Fwp%2Fv2%2Fmedia&parent=22366"}],"wp:term":[{"taxonomy":"product_cat","embeddable":true,"href":"https:\/\/para-pharmacity.tn\/index.php?rest_route=%2Fwp%2Fv2%2Fproduct_cat&post=22366"},{"taxonomy":"product_tag","embeddable":true,"href":"https:\/\/para-pharmacity.tn\/index.php?rest_route=%2Fwp%2Fv2%2Fproduct_tag&post=22366"}],"curies":[{"name":"wp","href":"https:\/\/api.w.org\/{rel}","templated":true}]}}