{"id":22360,"date":"2024-07-11T10:30:23","date_gmt":"2024-07-11T10:30:23","guid":{"rendered":"https:\/\/para-pharmacity.tn\/?product=vital-planthiol-b15-gellules"},"modified":"2025-05-13T14:15:17","modified_gmt":"2025-05-13T14:15:17","slug":"vital-planthiol-b15-gellules","status":"publish","type":"product","link":"https:\/\/para-pharmacity.tn\/?product=vital-planthiol-b15-gellules","title":{"rendered":"VITAL PLANTHIOL B15 GELLULES"},"content":{"rendered":"<p>Le produit VITAL PHYTOTHERA PLANTHIOL est un compl\u00e9ment alimentaire \u00e0 base de plantes, sp\u00e9cialement con\u00e7u pour vous aider \u00e0 retrouver une forme physique et mentale optimale. Chaque g\u00e9lule contient un concentr\u00e9 de plantes aux vertus tonifiantes, revitalisantes et r\u00e9g\u00e9n\u00e9rantes, pour vous aider \u00e0 lutter contre la fatigue et le stress du quotidien. Gr\u00e2ce \u00e0 sa formule naturelle et efficace, ce produit vous permettra de retrouver \u00e9nergie, vitalit\u00e9 et bien-\u00eatre. Les g\u00e9lules VITAL PHYTOTHERA PLANTHIOL sont faciles \u00e0 prendre et peuvent \u00eatre int\u00e9gr\u00e9es facilement dans votre routine quotidienne. Offrez-vous un v\u00e9ritable coup de boost avec ce compl\u00e9ment alimentaire de qualit\u00e9 !<br \/>\n&#8211; Plantain extract<br \/>\n&#8211; Antioxidants<br \/>\n&#8211; Vitamin C<br \/>\n&#8211; Vitamin E<br \/>\n&#8211; Zinc<br \/>\n&#8211; Gelatin<br \/>\n&#8211; Glycerin<br \/>\n&#8211; Water<\/p>\n<p>(Attention: veuillez toujours consulter un professionnel de la sant\u00e9 avant de commencer tout nouveau traitement ou de prendre tout nouveau suppl\u00e9ment.)<br \/>\nConseils d&rsquo;utilisation du produit VITAL PHYTOTHERA PLANTHIOL, 15 GELULES :<\/p>\n<p>1. Prendre 1 g\u00e9lule par jour avec un grand verre d&rsquo;eau.<br \/>\n2. Ne pas d\u00e9passer la dose recommand\u00e9e.<br \/>\n3. Conserver hors de la port\u00e9e des enfants.<br \/>\n4. Ne pas utiliser en cas de grossesse ou d&rsquo;allaitement sans l&rsquo;avis d&rsquo;un professionnel de sant\u00e9.<br \/>\n5. En cas de doute, consultez un professionnel de sant\u00e9 avant de commencer la prise de ce produit.<br \/>\n6. Ce produit n&rsquo;est pas un substitut \u00e0 une alimentation vari\u00e9e et \u00e9quilibr\u00e9e.<br \/>\n7. Conserver dans un endroit frais et sec, \u00e0 l&rsquo;abri de la lumi\u00e8re.<br \/>\n8. Tenir compte de la date de p\u00e9remption indiqu\u00e9e sur l&#8217;emballage.<br \/>\n9. En cas de r\u00e9action allergique, cessez l&rsquo;utilisation et consultez un professionnel de sant\u00e9.<br \/>\n10. Pour de meilleurs r\u00e9sultats, associez la prise de ce produit \u00e0 une hygi\u00e8ne de vie saine incluant une alimentation \u00e9quilibr\u00e9e et de l&rsquo;exercice r\u00e9gulier.<\/p>\n<p>Pour toute question ou plus d&rsquo;informations sur ce produit, n&rsquo;h\u00e9sitez pas \u00e0 contacter notre \u00e9quipe de professionnels de la parapharmacie.<\/p>\n","protected":false},"excerpt":{"rendered":"<p>Planthiol est un compl\u00e9ment alimentaire compos\u00e9 de 100% d&rsquo;actifs naturels: Plantain, Thym, eucalyptus, cassis. Conseill\u00e9 pour calmer les voies respiratoires chez l&rsquo;adulte. PLANTHIOL est conseill\u00e9 pour aider les adultes \u00e0 d\u00e9gager les voies respiratoires.<\/p>\n","protected":false},"featured_media":26068,"comment_status":"open","ping_status":"closed","template":"","meta":[],"product_cat":[286],"product_tag":[],"class_list":{"0":"post-22360","1":"product","2":"type-product","3":"status-publish","4":"has-post-thumbnail","6":"product_cat-complement-alimentaire","8":"first","9":"instock","10":"shipping-taxable","11":"purchasable","12":"product-type-simple"},"jetpack_sharing_enabled":true,"_links":{"self":[{"href":"https:\/\/para-pharmacity.tn\/index.php?rest_route=\/wp\/v2\/product\/22360","targetHints":{"allow":["GET"]}}],"collection":[{"href":"https:\/\/para-pharmacity.tn\/index.php?rest_route=\/wp\/v2\/product"}],"about":[{"href":"https:\/\/para-pharmacity.tn\/index.php?rest_route=\/wp\/v2\/types\/product"}],"replies":[{"embeddable":true,"href":"https:\/\/para-pharmacity.tn\/index.php?rest_route=%2Fwp%2Fv2%2Fcomments&post=22360"}],"version-history":[{"count":2,"href":"https:\/\/para-pharmacity.tn\/index.php?rest_route=\/wp\/v2\/product\/22360\/revisions"}],"predecessor-version":[{"id":26069,"href":"https:\/\/para-pharmacity.tn\/index.php?rest_route=\/wp\/v2\/product\/22360\/revisions\/26069"}],"wp:featuredmedia":[{"embeddable":true,"href":"https:\/\/para-pharmacity.tn\/index.php?rest_route=\/wp\/v2\/media\/26068"}],"wp:attachment":[{"href":"https:\/\/para-pharmacity.tn\/index.php?rest_route=%2Fwp%2Fv2%2Fmedia&parent=22360"}],"wp:term":[{"taxonomy":"product_cat","embeddable":true,"href":"https:\/\/para-pharmacity.tn\/index.php?rest_route=%2Fwp%2Fv2%2Fproduct_cat&post=22360"},{"taxonomy":"product_tag","embeddable":true,"href":"https:\/\/para-pharmacity.tn\/index.php?rest_route=%2Fwp%2Fv2%2Fproduct_tag&post=22360"}],"curies":[{"name":"wp","href":"https:\/\/api.w.org\/{rel}","templated":true}]}}