{"id":22356,"date":"2024-07-11T10:30:22","date_gmt":"2024-07-11T10:30:22","guid":{"rendered":"https:\/\/para-pharmacity.tn\/?product=vital-pedia-coligaz-30-ml"},"modified":"2025-05-16T15:10:21","modified_gmt":"2025-05-16T15:10:21","slug":"vital-pedia-coligaz-30-ml","status":"publish","type":"product","link":"https:\/\/para-pharmacity.tn\/?product=vital-pedia-coligaz-30-ml","title":{"rendered":"VITAL PEDIA COLIGAZ 30 ML"},"content":{"rendered":"<div id=\"content-wrapper\">\n<section id=\"main\">\n<div class=\"tabs\">\n<div id=\"tab-content\" class=\"tab-content\">\n<div id=\"description\" class=\"tab-pane fade in active\" role=\"tabpanel\">\n<div class=\"product-description\">\n<p>PEDIAKIDS COLIGAZ est un compl\u00e9ment alimentaire qui aide \u00e0 soulager votre b\u00e9b\u00e9 des coliques et des gaz. Il permet de supprimer les douleurs abdominales, de faciliter la digestion et de permettre ainsi un meilleur sommeil.<\/p>\n<p><strong>Conseil d&rsquo;utilisation:<\/strong><\/p>\n<p>2 gouttes \/ Kg 3 fois par jour<\/p>\n<p><strong>Composition:<\/strong><\/p>\n<p>L&rsquo;huile essentielle de Carvi : Elle favorise l&rsquo;\u00e9limination des gaz, calme et neutralise les contractions involontaires couramment appel\u00e9es crampes ou spasmes. Elle soulage les troubles digestifs. L&rsquo;huile de germe de bl\u00e9 : Elle est riche en vitamines E, A<\/p>\n<\/div>\n<\/div>\n<\/div>\n<\/div>\n<\/section>\n<\/div>\n<section>\n<h2 class=\"recommandation\"><\/h2>\n<\/section>\n","protected":false},"excerpt":{"rendered":"<p>Soulage les coliques et gaz du b\u00e9b\u00e9<br \/>\n\u2013 Antispasmodique naturel<br \/>\n\u2013 Facilite le transit intestinal<br \/>\n\u2013 Colopathie fonctionnelle<\/p>\n","protected":false},"featured_media":26167,"comment_status":"open","ping_status":"closed","template":"","meta":[],"product_cat":[286],"product_tag":[],"class_list":{"0":"post-22356","1":"product","2":"type-product","3":"status-publish","4":"has-post-thumbnail","6":"product_cat-complement-alimentaire","8":"first","9":"instock","10":"shipping-taxable","11":"purchasable","12":"product-type-simple"},"jetpack_sharing_enabled":true,"_links":{"self":[{"href":"https:\/\/para-pharmacity.tn\/index.php?rest_route=\/wp\/v2\/product\/22356","targetHints":{"allow":["GET"]}}],"collection":[{"href":"https:\/\/para-pharmacity.tn\/index.php?rest_route=\/wp\/v2\/product"}],"about":[{"href":"https:\/\/para-pharmacity.tn\/index.php?rest_route=\/wp\/v2\/types\/product"}],"replies":[{"embeddable":true,"href":"https:\/\/para-pharmacity.tn\/index.php?rest_route=%2Fwp%2Fv2%2Fcomments&post=22356"}],"version-history":[{"count":2,"href":"https:\/\/para-pharmacity.tn\/index.php?rest_route=\/wp\/v2\/product\/22356\/revisions"}],"predecessor-version":[{"id":26168,"href":"https:\/\/para-pharmacity.tn\/index.php?rest_route=\/wp\/v2\/product\/22356\/revisions\/26168"}],"wp:featuredmedia":[{"embeddable":true,"href":"https:\/\/para-pharmacity.tn\/index.php?rest_route=\/wp\/v2\/media\/26167"}],"wp:attachment":[{"href":"https:\/\/para-pharmacity.tn\/index.php?rest_route=%2Fwp%2Fv2%2Fmedia&parent=22356"}],"wp:term":[{"taxonomy":"product_cat","embeddable":true,"href":"https:\/\/para-pharmacity.tn\/index.php?rest_route=%2Fwp%2Fv2%2Fproduct_cat&post=22356"},{"taxonomy":"product_tag","embeddable":true,"href":"https:\/\/para-pharmacity.tn\/index.php?rest_route=%2Fwp%2Fv2%2Fproduct_tag&post=22356"}],"curies":[{"name":"wp","href":"https:\/\/api.w.org\/{rel}","templated":true}]}}