{"id":22347,"date":"2024-07-11T10:30:16","date_gmt":"2024-07-11T10:30:16","guid":{"rendered":"https:\/\/para-pharmacity.tn\/?product=aleonat-quintux"},"modified":"2025-04-15T10:21:51","modified_gmt":"2025-04-15T10:21:51","slug":"aleonat-quintux","status":"publish","type":"product","link":"https:\/\/para-pharmacity.tn\/?product=aleonat-quintux","title":{"rendered":"ALEONAT QUINTUX"},"content":{"rendered":"<p class=\"\" data-start=\"358\" data-end=\"705\"><strong data-start=\"358\" data-end=\"378\">Aleonat Quintux7<\/strong> est un compl\u00e9ment formul\u00e9 \u00e0 base de <strong data-start=\"415\" data-end=\"440\">7 extraits de plantes<\/strong> aux vertus reconnues pour la <strong data-start=\"470\" data-end=\"492\">sant\u00e9 respiratoire<\/strong>. Il aide \u00e0 calmer les <strong data-start=\"515\" data-end=\"535\">toux irritatives<\/strong> ou <strong data-start=\"539\" data-end=\"554\">productives<\/strong>, favorise l\u2019<strong data-start=\"567\" data-end=\"590\">expectorant naturel<\/strong> et apaise les <strong data-start=\"605\" data-end=\"642\">muqueuses des voies respiratoires<\/strong>. Id\u00e9al en p\u00e9riode hivernale ou lors d\u2019encombrement bronchique.<\/p>\n<p class=\"\" data-start=\"709\" data-end=\"748\">Contient un <strong data-start=\"721\" data-end=\"746\">complexe de 7 plantes<\/strong><\/p>\n<p class=\"\" data-start=\"751\" data-end=\"807\">Apaise la <strong data-start=\"761\" data-end=\"778\">gorge irrit\u00e9e<\/strong> et d\u00e9gage les <strong data-start=\"793\" data-end=\"805\">bronches<\/strong><\/p>\n<p class=\"\" data-start=\"810\" data-end=\"850\">Favorise le <strong data-start=\"822\" data-end=\"848\">bien-\u00eatre respiratoire<\/strong><\/p>\n<p class=\"\" data-start=\"853\" data-end=\"903\">Convient pour adultes et enfants (selon posologie)<\/p>\n","protected":false},"excerpt":{"rendered":"<p class=\"\" data-start=\"114\" data-end=\"239\"><strong data-start=\"114\" data-end=\"134\">Aleonat Quintux7<\/strong><br data-start=\"134\" data-end=\"137\" \/>Compl\u00e9ment naturel pour soutenir les <strong data-start=\"174\" data-end=\"197\">voies respiratoires<\/strong> et apaiser la <strong data-start=\"212\" data-end=\"236\">toux s\u00e8che ou grasse<\/strong>.<\/p>\n<ul data-start=\"240\" data-end=\"318\">\n<li class=\"\" data-start=\"240\" data-end=\"277\">\n<p class=\"\" data-start=\"242\" data-end=\"277\">\u00c0 base de <strong data-start=\"252\" data-end=\"275\">plantes m\u00e9dicinales<\/strong><\/p>\n<\/li>\n<li class=\"\" data-start=\"278\" data-end=\"318\">\n<p class=\"\" data-start=\"280\" data-end=\"318\">Soulage et facilite la <strong data-start=\"303\" data-end=\"318\">respiration<\/strong><\/p>\n<\/li>\n<\/ul>\n","protected":false},"featured_media":25060,"comment_status":"open","ping_status":"closed","template":"","meta":[],"product_cat":[204],"product_tag":[],"class_list":{"0":"post-22347","1":"product","2":"type-product","3":"status-publish","4":"has-post-thumbnail","6":"product_cat-complement","8":"first","9":"instock","10":"shipping-taxable","11":"purchasable","12":"product-type-simple"},"jetpack_sharing_enabled":true,"_links":{"self":[{"href":"https:\/\/para-pharmacity.tn\/index.php?rest_route=\/wp\/v2\/product\/22347","targetHints":{"allow":["GET"]}}],"collection":[{"href":"https:\/\/para-pharmacity.tn\/index.php?rest_route=\/wp\/v2\/product"}],"about":[{"href":"https:\/\/para-pharmacity.tn\/index.php?rest_route=\/wp\/v2\/types\/product"}],"replies":[{"embeddable":true,"href":"https:\/\/para-pharmacity.tn\/index.php?rest_route=%2Fwp%2Fv2%2Fcomments&post=22347"}],"version-history":[{"count":2,"href":"https:\/\/para-pharmacity.tn\/index.php?rest_route=\/wp\/v2\/product\/22347\/revisions"}],"predecessor-version":[{"id":25061,"href":"https:\/\/para-pharmacity.tn\/index.php?rest_route=\/wp\/v2\/product\/22347\/revisions\/25061"}],"wp:featuredmedia":[{"embeddable":true,"href":"https:\/\/para-pharmacity.tn\/index.php?rest_route=\/wp\/v2\/media\/25060"}],"wp:attachment":[{"href":"https:\/\/para-pharmacity.tn\/index.php?rest_route=%2Fwp%2Fv2%2Fmedia&parent=22347"}],"wp:term":[{"taxonomy":"product_cat","embeddable":true,"href":"https:\/\/para-pharmacity.tn\/index.php?rest_route=%2Fwp%2Fv2%2Fproduct_cat&post=22347"},{"taxonomy":"product_tag","embeddable":true,"href":"https:\/\/para-pharmacity.tn\/index.php?rest_route=%2Fwp%2Fv2%2Fproduct_tag&post=22347"}],"curies":[{"name":"wp","href":"https:\/\/api.w.org\/{rel}","templated":true}]}}