{"id":22343,"date":"2024-07-11T10:30:14","date_gmt":"2024-07-11T10:30:14","guid":{"rendered":"https:\/\/para-pharmacity.tn\/?product=vital-dermasoufre-savon-100g"},"modified":"2025-05-22T15:49:40","modified_gmt":"2025-05-22T15:49:40","slug":"vital-dermasoufre-savon-100g","status":"publish","type":"product","link":"https:\/\/para-pharmacity.tn\/?product=vital-dermasoufre-savon-100g","title":{"rendered":"VITAL DERMASOUFRE SAVON 100G"},"content":{"rendered":"<p style=\"font-weight: 400;\">Peaux grasses \u00e0 tendance acn\u00e9ique.<\/p>\n<p style=\"font-weight: 400;\">Le Soufre est reconnu pour son action cicatrisante, anti-acn\u00e9ique, antiseptique, antifongique.<\/p>\n<p style=\"font-weight: 400;\"><b><strong>Indication\u00a0:<\/strong><\/b><\/p>\n<p style=\"font-weight: 400;\">Hygi\u00e8ne des peaux grasses \u00e0 tendance acn\u00e9ique<\/p>\n<p style=\"font-weight: 400;\"><b><strong>Conseils d&rsquo;utilisation :<\/strong><\/b><\/p>\n<p style=\"font-weight: 400;\">Lavage quotidien du visage. Appliquer sur la peau humide, laisser quelques minutes.<\/p>\n<p style=\"font-weight: 400;\">Rincer soigneusement et \u00e9viter le contact avec les yeux.<\/p>\n<p style=\"font-weight: 400;\"><b><strong>Composition\u00a0:<\/strong><\/b><\/p>\n<p style=\"font-weight: 400;\">Soufre, Huile de paraffine<\/p>\n<p style=\"font-weight: 400;\">Contre-indication\u00a0:<\/p>\n<p style=\"font-weight: 400;\">Aucune<\/p>\n<p style=\"font-weight: 400;\"><b><strong>Forme\u00a0:<\/strong><\/b><\/p>\n<p style=\"font-weight: 400;\">Savon<\/p>\n","protected":false},"excerpt":{"rendered":"<div id=\"product-description-short-2885\" class=\"product-description\">\n<div id=\"tab-Indications\" class=\"panel entry-content\">\n<div class=\"content\">\n<p>Peaux grasses \u00e0 tendance acn\u00e9ique.<br \/>\nLe Soufre est reconnu pour son action cicatrisante, anti-acn\u00e9ique, antiseptique, antifongique.<\/p>\n<\/div>\n<\/div>\n<\/div>\n<div class=\"product-actions\">\n<form id=\"add-to-cart-or-refresh\" action=\"https:\/\/pharma-shop.tn\/panier\" method=\"post\">\n<div class=\"product-variants\"><\/div>\n<section class=\"product-discounts\"><\/section>\n<div class=\"product-add-to-cart\"><\/div>\n<\/form>\n<\/div>\n","protected":false},"featured_media":26300,"comment_status":"open","ping_status":"closed","template":"","meta":[],"product_cat":[213],"product_tag":[],"class_list":{"0":"post-22343","1":"product","2":"type-product","3":"status-publish","4":"has-post-thumbnail","6":"product_cat-visage","8":"first","9":"instock","10":"shipping-taxable","11":"purchasable","12":"product-type-simple"},"jetpack_sharing_enabled":true,"_links":{"self":[{"href":"https:\/\/para-pharmacity.tn\/index.php?rest_route=\/wp\/v2\/product\/22343","targetHints":{"allow":["GET"]}}],"collection":[{"href":"https:\/\/para-pharmacity.tn\/index.php?rest_route=\/wp\/v2\/product"}],"about":[{"href":"https:\/\/para-pharmacity.tn\/index.php?rest_route=\/wp\/v2\/types\/product"}],"replies":[{"embeddable":true,"href":"https:\/\/para-pharmacity.tn\/index.php?rest_route=%2Fwp%2Fv2%2Fcomments&post=22343"}],"version-history":[{"count":2,"href":"https:\/\/para-pharmacity.tn\/index.php?rest_route=\/wp\/v2\/product\/22343\/revisions"}],"predecessor-version":[{"id":26301,"href":"https:\/\/para-pharmacity.tn\/index.php?rest_route=\/wp\/v2\/product\/22343\/revisions\/26301"}],"wp:featuredmedia":[{"embeddable":true,"href":"https:\/\/para-pharmacity.tn\/index.php?rest_route=\/wp\/v2\/media\/26300"}],"wp:attachment":[{"href":"https:\/\/para-pharmacity.tn\/index.php?rest_route=%2Fwp%2Fv2%2Fmedia&parent=22343"}],"wp:term":[{"taxonomy":"product_cat","embeddable":true,"href":"https:\/\/para-pharmacity.tn\/index.php?rest_route=%2Fwp%2Fv2%2Fproduct_cat&post=22343"},{"taxonomy":"product_tag","embeddable":true,"href":"https:\/\/para-pharmacity.tn\/index.php?rest_route=%2Fwp%2Fv2%2Fproduct_tag&post=22343"}],"curies":[{"name":"wp","href":"https:\/\/api.w.org\/{rel}","templated":true}]}}