{"id":22335,"date":"2024-07-11T10:30:11","date_gmt":"2024-07-11T10:30:11","guid":{"rendered":"https:\/\/para-pharmacity.tn\/?product=baby-n-bib-250mlanses"},"modified":"2025-04-21T10:20:08","modified_gmt":"2025-04-21T10:20:08","slug":"baby-n-bib-250mlanses","status":"publish","type":"product","link":"https:\/\/para-pharmacity.tn\/?product=baby-n-bib-250mlanses","title":{"rendered":"BABY N.BIB 250ML+ANSES"},"content":{"rendered":"<p class=\"\" data-start=\"318\" data-end=\"579\">Le <strong data-start=\"321\" data-end=\"354\">BABY N. BIB 250 ml avec anses<\/strong> est con\u00e7u pour accompagner votre b\u00e9b\u00e9 dans ses premiers gestes d\u2019autonomie. Gr\u00e2ce \u00e0 ses <strong data-start=\"443\" data-end=\"467\">deux anses lat\u00e9rales<\/strong>, il est facile \u00e0 tenir pour les petites mains, favorisant ainsi la transition vers l&rsquo;alimentation ind\u00e9pendante.<\/p>\n<p class=\"\" data-start=\"581\" data-end=\"813\">Sa <strong data-start=\"584\" data-end=\"613\">t\u00e9tine en silicone souple<\/strong> imite la forme naturelle du sein, garantissant un confort optimal lors de la t\u00e9t\u00e9e. Fabriqu\u00e9 en <strong data-start=\"710\" data-end=\"736\">polypropyl\u00e8ne sans BPA<\/strong>, ce biberon est s\u00fbr, hygi\u00e9nique et compatible avec la st\u00e9rilisation \u00e0 chaud.<\/p>\n<p class=\"\" data-start=\"815\" data-end=\"949\">Parfait pour un usage quotidien, ce biberon est aussi pratique que ludique, souvent d\u00e9clin\u00e9 en plusieurs coloris et motifs attrayants.<\/p>\n","protected":false},"excerpt":{"rendered":"<p class=\"\" data-start=\"137\" data-end=\"281\">Biberon 250\u202fml avec anses ergonomiques, id\u00e9al pour favoriser l\u2019autonomie du b\u00e9b\u00e9. T\u00e9tine en silicone souple, sans BPA, facile \u00e0 prendre en main.<\/p>\n","protected":false},"featured_media":25377,"comment_status":"open","ping_status":"closed","template":"","meta":[],"product_cat":[243],"product_tag":[],"class_list":{"0":"post-22335","1":"product","2":"type-product","3":"status-publish","4":"has-post-thumbnail","6":"product_cat-bebe-et-maman","8":"first","9":"instock","10":"shipping-taxable","11":"purchasable","12":"product-type-simple"},"jetpack_sharing_enabled":true,"_links":{"self":[{"href":"https:\/\/para-pharmacity.tn\/index.php?rest_route=\/wp\/v2\/product\/22335","targetHints":{"allow":["GET"]}}],"collection":[{"href":"https:\/\/para-pharmacity.tn\/index.php?rest_route=\/wp\/v2\/product"}],"about":[{"href":"https:\/\/para-pharmacity.tn\/index.php?rest_route=\/wp\/v2\/types\/product"}],"replies":[{"embeddable":true,"href":"https:\/\/para-pharmacity.tn\/index.php?rest_route=%2Fwp%2Fv2%2Fcomments&post=22335"}],"version-history":[{"count":2,"href":"https:\/\/para-pharmacity.tn\/index.php?rest_route=\/wp\/v2\/product\/22335\/revisions"}],"predecessor-version":[{"id":25378,"href":"https:\/\/para-pharmacity.tn\/index.php?rest_route=\/wp\/v2\/product\/22335\/revisions\/25378"}],"wp:featuredmedia":[{"embeddable":true,"href":"https:\/\/para-pharmacity.tn\/index.php?rest_route=\/wp\/v2\/media\/25377"}],"wp:attachment":[{"href":"https:\/\/para-pharmacity.tn\/index.php?rest_route=%2Fwp%2Fv2%2Fmedia&parent=22335"}],"wp:term":[{"taxonomy":"product_cat","embeddable":true,"href":"https:\/\/para-pharmacity.tn\/index.php?rest_route=%2Fwp%2Fv2%2Fproduct_cat&post=22335"},{"taxonomy":"product_tag","embeddable":true,"href":"https:\/\/para-pharmacity.tn\/index.php?rest_route=%2Fwp%2Fv2%2Fproduct_tag&post=22335"}],"curies":[{"name":"wp","href":"https:\/\/api.w.org\/{rel}","templated":true}]}}