{"id":22331,"date":"2024-07-11T10:30:09","date_gmt":"2024-07-11T10:30:09","guid":{"rendered":"https:\/\/para-pharmacity.tn\/?product=vital-fersang-sirop-150-ml"},"modified":"2025-05-21T12:56:21","modified_gmt":"2025-05-21T12:56:21","slug":"vital-fersang-sirop-150-ml","status":"publish","type":"product","link":"https:\/\/para-pharmacity.tn\/?product=vital-fersang-sirop-150-ml","title":{"rendered":"VITAL FERSANG SIROP 150 ML"},"content":{"rendered":"<p>Le sirop VITAL FERSANG est un produit innovant sp\u00e9cialement con\u00e7u pour am\u00e9liorer la circulation sanguine et favoriser une meilleure sant\u00e9 cardiovasculaire. Compos\u00e9 d&rsquo;extraits naturels de plantes comme le marron d&rsquo;Inde et la vigne rouge, il stimule la circulation du sang dans les veines et les art\u00e8res, r\u00e9duisant ainsi les risques de thrombose et d&rsquo;insuffisance veineuse. Ce sirop est \u00e9galement enrichi en vitamines et min\u00e9raux essentiels qui renforcent les parois des vaisseaux sanguins et permettent une meilleure oxyg\u00e9nation des tissus. Facile \u00e0 prendre, le sirop VITAL FERSANG est un alli\u00e9 de choix pour pr\u00e9venir les probl\u00e8mes de circulation et retrouver des jambes l\u00e9g\u00e8res et en pleine sant\u00e9.<br \/>\n&#8211; Pr\u00eale des champs<br \/>\n&#8211; Olivier<br \/>\n&#8211; Vigne rouge<br \/>\n&#8211; Fragon<br \/>\n&#8211; Cassis<br \/>\n&#8211; Goji<br \/>\n&#8211; M\u00e9lilot<br \/>\n&#8211; Prunellier<br \/>\n&#8211; Marronnier d&rsquo;Inde<br \/>\n&#8211; Gingko Biloba<br \/>\n&#8211; Myrtille<br \/>\n&#8211; Vitamine C<br \/>\nConseils d&rsquo;utilisation du produit de Circulation sanguine VITAL FERSANG Sirop 150ML:<\/p>\n<p>&#8211; Agitez bien le flacon avant utilisation.<br \/>\n&#8211; Prenez 10 ml de sirop 2 \u00e0 3 fois par jour, de pr\u00e9f\u00e9rence avant les repas.<br \/>\n&#8211; Pour une meilleure efficacit\u00e9, il est recommand\u00e9 de prendre le sirop r\u00e9guli\u00e8rement et sur une dur\u00e9e prolong\u00e9e.<br \/>\n&#8211; Ne pas d\u00e9passer la dose journali\u00e8re recommand\u00e9e.<br \/>\n&#8211; Ce produit est d\u00e9conseill\u00e9 aux femmes enceintes et allaitantes, ainsi qu&rsquo;aux enfants de moins de 12 ans.<br \/>\n&#8211; En cas de doute, demandez l&rsquo;avis de votre m\u00e9decin ou pharmacien.<br \/>\n&#8211; Conservez le sirop dans un endroit frais et sec, \u00e0 l&rsquo;abri de la lumi\u00e8re.<br \/>\n&#8211; Tenir hors de port\u00e9e des enfants.<\/p>\n<p>Pour plus d&rsquo;informations sur l&rsquo;utilisation de ce produit de Circulation sanguine VITAL FERSANG Sirop 150ML, n&rsquo;h\u00e9sitez pas \u00e0 consulter la notice d&rsquo;utilisation ou \u00e0 contacter notre service client\u00e8le.<\/p>\n","protected":false},"excerpt":{"rendered":"<div id=\"product-description-short-7439\" class=\"hit_description_short\">\n<p>Pour fortifier le sang et pr\u00e9venir les carences en fer<\/p>\n<p>DLC 11\/2024<\/p>\n<\/div>\n","protected":false},"featured_media":26279,"comment_status":"open","ping_status":"closed","template":"","meta":[],"product_cat":[286],"product_tag":[],"class_list":{"0":"post-22331","1":"product","2":"type-product","3":"status-publish","4":"has-post-thumbnail","6":"product_cat-complement-alimentaire","8":"first","9":"instock","10":"shipping-taxable","11":"purchasable","12":"product-type-simple"},"jetpack_sharing_enabled":true,"_links":{"self":[{"href":"https:\/\/para-pharmacity.tn\/index.php?rest_route=\/wp\/v2\/product\/22331","targetHints":{"allow":["GET"]}}],"collection":[{"href":"https:\/\/para-pharmacity.tn\/index.php?rest_route=\/wp\/v2\/product"}],"about":[{"href":"https:\/\/para-pharmacity.tn\/index.php?rest_route=\/wp\/v2\/types\/product"}],"replies":[{"embeddable":true,"href":"https:\/\/para-pharmacity.tn\/index.php?rest_route=%2Fwp%2Fv2%2Fcomments&post=22331"}],"version-history":[{"count":2,"href":"https:\/\/para-pharmacity.tn\/index.php?rest_route=\/wp\/v2\/product\/22331\/revisions"}],"predecessor-version":[{"id":26280,"href":"https:\/\/para-pharmacity.tn\/index.php?rest_route=\/wp\/v2\/product\/22331\/revisions\/26280"}],"wp:featuredmedia":[{"embeddable":true,"href":"https:\/\/para-pharmacity.tn\/index.php?rest_route=\/wp\/v2\/media\/26279"}],"wp:attachment":[{"href":"https:\/\/para-pharmacity.tn\/index.php?rest_route=%2Fwp%2Fv2%2Fmedia&parent=22331"}],"wp:term":[{"taxonomy":"product_cat","embeddable":true,"href":"https:\/\/para-pharmacity.tn\/index.php?rest_route=%2Fwp%2Fv2%2Fproduct_cat&post=22331"},{"taxonomy":"product_tag","embeddable":true,"href":"https:\/\/para-pharmacity.tn\/index.php?rest_route=%2Fwp%2Fv2%2Fproduct_tag&post=22331"}],"curies":[{"name":"wp","href":"https:\/\/api.w.org\/{rel}","templated":true}]}}