{"id":22327,"date":"2024-07-11T10:30:07","date_gmt":"2024-07-11T10:30:07","guid":{"rendered":"https:\/\/para-pharmacity.tn\/?product=vital-angiplant-plantherapie-20ml"},"modified":"2025-05-23T14:05:19","modified_gmt":"2025-05-23T14:05:19","slug":"vital-angiplant-plantherapie-20ml","status":"publish","type":"product","link":"https:\/\/para-pharmacity.tn\/?product=vital-angiplant-plantherapie-20ml","title":{"rendered":"VITAL ANGIPLANT PLANTHERAPIE 20ML"},"content":{"rendered":"<p><strong>Planth\u00e9rapie Angiplant<\/strong>\u00a0est un produit \u00e0 base d\u2019actifs naturels qui aident \u00e0 adoucir la gorge et \u00e0 apaiser les voies respiratoires.<\/p>\n<h2><b>INDICATIONS<\/b><\/h2>\n<ul>\n<li>Triple action: Antiseptique, anti-inflammatoire et cicatrisante de la gorge<\/li>\n<li>Apaise, adoucit et assainit la gorge<\/li>\n<\/ul>\n<h2><b>COMPOSITION POUR 20 ML<\/b><\/h2>\n<ul>\n<li>160 mg d\u2019Extrait sec de Thym (Thumus vulgaris)<\/li>\n<li>160 mg d\u2019Extrait sec de Plantain (Plantago lanceolata)<\/li>\n<li>160 mg de Miel<\/li>\n<li>132 mg de Propolis<\/li>\n<li>66,7 mg de Huile essentielle de Menthe poivr\u00e9e (f\u2019v1entha piperita)<\/li>\n<li>46,7 mg de Huile essentielle de Girofle (Syzygium aromaticum)<\/li>\n<\/ul>\n<h2><b>CONSEILS D\u2019UTILISATION ANGIPLANT GORGE<\/b><\/h2>\n<p>3 pulv\u00e9risations au niveau de la gorge, 3 \u00e0 4 fois par jour<\/p>\n<h2>Description courte<\/h2>\n<ul>\n<li>A base d\u2019actifs naturels<\/li>\n<li>Adoucit la gorge<\/li>\n<li>anti inflammatoire et antiseptique<\/li>\n<li>3 pulv\u00e9risations 4 fois par jour<\/li>\n<li>contient 20 ml<\/li>\n<\/ul>\n","protected":false},"excerpt":{"rendered":"<p>Compl\u00e9ment alimentaire pour tous types d&rsquo;allergies, particuli\u00e8rement asthmes et rhinites allergiques, action anti-inflammatoire, aide \u00e0 r\u00e9duire l&rsquo;inflammation et d\u00e9gager les voies respiratoires de l&rsquo;adulte.<\/p>\n","protected":false},"featured_media":26345,"comment_status":"open","ping_status":"closed","template":"","meta":[],"product_cat":[345],"product_tag":[],"class_list":{"0":"post-22327","1":"product","2":"type-product","3":"status-publish","4":"has-post-thumbnail","6":"product_cat-gorge","8":"first","9":"instock","10":"shipping-taxable","11":"purchasable","12":"product-type-simple"},"jetpack_sharing_enabled":true,"_links":{"self":[{"href":"https:\/\/para-pharmacity.tn\/index.php?rest_route=\/wp\/v2\/product\/22327","targetHints":{"allow":["GET"]}}],"collection":[{"href":"https:\/\/para-pharmacity.tn\/index.php?rest_route=\/wp\/v2\/product"}],"about":[{"href":"https:\/\/para-pharmacity.tn\/index.php?rest_route=\/wp\/v2\/types\/product"}],"replies":[{"embeddable":true,"href":"https:\/\/para-pharmacity.tn\/index.php?rest_route=%2Fwp%2Fv2%2Fcomments&post=22327"}],"version-history":[{"count":2,"href":"https:\/\/para-pharmacity.tn\/index.php?rest_route=\/wp\/v2\/product\/22327\/revisions"}],"predecessor-version":[{"id":26344,"href":"https:\/\/para-pharmacity.tn\/index.php?rest_route=\/wp\/v2\/product\/22327\/revisions\/26344"}],"wp:featuredmedia":[{"embeddable":true,"href":"https:\/\/para-pharmacity.tn\/index.php?rest_route=\/wp\/v2\/media\/26345"}],"wp:attachment":[{"href":"https:\/\/para-pharmacity.tn\/index.php?rest_route=%2Fwp%2Fv2%2Fmedia&parent=22327"}],"wp:term":[{"taxonomy":"product_cat","embeddable":true,"href":"https:\/\/para-pharmacity.tn\/index.php?rest_route=%2Fwp%2Fv2%2Fproduct_cat&post=22327"},{"taxonomy":"product_tag","embeddable":true,"href":"https:\/\/para-pharmacity.tn\/index.php?rest_route=%2Fwp%2Fv2%2Fproduct_tag&post=22327"}],"curies":[{"name":"wp","href":"https:\/\/api.w.org\/{rel}","templated":true}]}}