{"id":22325,"date":"2024-07-11T10:30:06","date_gmt":"2024-07-11T10:30:06","guid":{"rendered":"https:\/\/para-pharmacity.tn\/?product=vital-fersang-30g"},"modified":"2025-05-22T14:22:08","modified_gmt":"2025-05-22T14:22:08","slug":"vital-fersang-30g","status":"publish","type":"product","link":"https:\/\/para-pharmacity.tn\/?product=vital-fersang-30g","title":{"rendered":"VITAL FERSANG 30G"},"content":{"rendered":"<p style=\"font-weight: 400;\">Fersang est un compl\u00e9ment alimentaire qui apporte \u00e0 l&rsquo;organisme les \u00e9l\u00e9ments essentiels pour la formation des globules rouges.<\/p>\n<p style=\"font-weight: 400;\"><b><strong>Indication :<\/strong><\/b><\/p>\n<p>\u2013 Pr\u00e9vention de la carence martiale<\/p>\n<p>\u2013 Traitement de l\u2019an\u00e9mie chez l\u2019adulte, l\u2019enfant et la femme enceinte<\/p>\n<p>\u2013 Restitution des r\u00e9serves en fer<\/p>\n<p>\u2013 Fortifie le sang<\/p>\n<p>\u2013 Faible risque de constipation<\/p>\n","protected":false},"excerpt":{"rendered":"<p><strong>Fersang<\/strong>\u00a0est un compl\u00e9ment alimentaire qui aide \u00e0 la formation des globules rouges, pr\u00e9vient les carences en fer et traite l&rsquo;an\u00e9mie, tout en fortifiant le sang.<\/p>\n","protected":false},"featured_media":26288,"comment_status":"open","ping_status":"closed","template":"","meta":[],"product_cat":[286],"product_tag":[],"class_list":{"0":"post-22325","1":"product","2":"type-product","3":"status-publish","4":"has-post-thumbnail","6":"product_cat-complement-alimentaire","8":"first","9":"instock","10":"shipping-taxable","11":"purchasable","12":"product-type-simple"},"jetpack_sharing_enabled":true,"_links":{"self":[{"href":"https:\/\/para-pharmacity.tn\/index.php?rest_route=\/wp\/v2\/product\/22325","targetHints":{"allow":["GET"]}}],"collection":[{"href":"https:\/\/para-pharmacity.tn\/index.php?rest_route=\/wp\/v2\/product"}],"about":[{"href":"https:\/\/para-pharmacity.tn\/index.php?rest_route=\/wp\/v2\/types\/product"}],"replies":[{"embeddable":true,"href":"https:\/\/para-pharmacity.tn\/index.php?rest_route=%2Fwp%2Fv2%2Fcomments&post=22325"}],"version-history":[{"count":2,"href":"https:\/\/para-pharmacity.tn\/index.php?rest_route=\/wp\/v2\/product\/22325\/revisions"}],"predecessor-version":[{"id":26289,"href":"https:\/\/para-pharmacity.tn\/index.php?rest_route=\/wp\/v2\/product\/22325\/revisions\/26289"}],"wp:featuredmedia":[{"embeddable":true,"href":"https:\/\/para-pharmacity.tn\/index.php?rest_route=\/wp\/v2\/media\/26288"}],"wp:attachment":[{"href":"https:\/\/para-pharmacity.tn\/index.php?rest_route=%2Fwp%2Fv2%2Fmedia&parent=22325"}],"wp:term":[{"taxonomy":"product_cat","embeddable":true,"href":"https:\/\/para-pharmacity.tn\/index.php?rest_route=%2Fwp%2Fv2%2Fproduct_cat&post=22325"},{"taxonomy":"product_tag","embeddable":true,"href":"https:\/\/para-pharmacity.tn\/index.php?rest_route=%2Fwp%2Fv2%2Fproduct_tag&post=22325"}],"curies":[{"name":"wp","href":"https:\/\/api.w.org\/{rel}","templated":true}]}}