{"id":22321,"date":"2024-07-11T10:30:01","date_gmt":"2024-07-11T10:30:01","guid":{"rendered":"https:\/\/para-pharmacity.tn\/?product=xen-adolor-creme-gel"},"modified":"2025-05-06T16:59:03","modified_gmt":"2025-05-06T16:59:03","slug":"xen-adolor-creme-gel","status":"publish","type":"product","link":"https:\/\/para-pharmacity.tn\/?product=xen-adolor-creme-gel","title":{"rendered":"XEN ADOLOR CREME GEL"},"content":{"rendered":"<p><strong>Description :<\/strong><\/p>\n<p>Anti-inflammatoires<br \/>\nAntalgiques<br \/>\nAnti-raideurs<br \/>\nMyorelaxantes<\/p>\n<p>ADOLOR Soulage rapidement les douleurs musculaires, articulaires et post-traumatiques.<\/p>\n<p><strong>INDICATIONS :<\/strong><\/p>\n<p>Douleurs musculaires<br \/>\nDouleurs articulaires<br \/>\nDouleurs post-traumatiques<\/p>\n<p><strong>Conseils d&rsquo;utilisation :<\/strong><\/p>\n<p>Appliquer ADOLOR cr\u00e8me-gel 2 \u00e0 3 fois par jour, par un massage doux et circulaire sur les zones douloureuses. Se laver les mains apr\u00e8s chaque utilisation.<\/p>\n<p><strong>Composition :<\/strong><\/p>\n<p>Salicylate de m\u00e9thyle &#8211; Menthol cristallis\u00e9 &#8211; Harpagophytum. Huiles essentielles : HE de romarin \u00e0 cin\u00e9ole &#8211; HE de giroflier- HE de lavande &#8211; HE de verveine exotique .<\/p>\n","protected":false},"excerpt":{"rendered":"<p><strong data-start=\"0\" data-end=\"24\">Xen Adolor Cr\u00e8me-Gel<\/strong> soulage rapidement les douleurs musculaires, articulaires et post-traumatiques.<br data-start=\"104\" data-end=\"107\" data-is-only-node=\"\" \/>Sa formule antalgique et anti-raideurs est id\u00e9ale en cas de traumatismes ou d\u2019inconfort articulaire.<\/p>\n","protected":false},"featured_media":25906,"comment_status":"open","ping_status":"closed","template":"","meta":[],"product_cat":[235],"product_tag":[],"class_list":{"0":"post-22321","1":"product","2":"type-product","3":"status-publish","4":"has-post-thumbnail","6":"product_cat-corps","8":"first","9":"instock","10":"shipping-taxable","11":"purchasable","12":"product-type-simple"},"jetpack_sharing_enabled":true,"_links":{"self":[{"href":"https:\/\/para-pharmacity.tn\/index.php?rest_route=\/wp\/v2\/product\/22321","targetHints":{"allow":["GET"]}}],"collection":[{"href":"https:\/\/para-pharmacity.tn\/index.php?rest_route=\/wp\/v2\/product"}],"about":[{"href":"https:\/\/para-pharmacity.tn\/index.php?rest_route=\/wp\/v2\/types\/product"}],"replies":[{"embeddable":true,"href":"https:\/\/para-pharmacity.tn\/index.php?rest_route=%2Fwp%2Fv2%2Fcomments&post=22321"}],"version-history":[{"count":2,"href":"https:\/\/para-pharmacity.tn\/index.php?rest_route=\/wp\/v2\/product\/22321\/revisions"}],"predecessor-version":[{"id":25907,"href":"https:\/\/para-pharmacity.tn\/index.php?rest_route=\/wp\/v2\/product\/22321\/revisions\/25907"}],"wp:featuredmedia":[{"embeddable":true,"href":"https:\/\/para-pharmacity.tn\/index.php?rest_route=\/wp\/v2\/media\/25906"}],"wp:attachment":[{"href":"https:\/\/para-pharmacity.tn\/index.php?rest_route=%2Fwp%2Fv2%2Fmedia&parent=22321"}],"wp:term":[{"taxonomy":"product_cat","embeddable":true,"href":"https:\/\/para-pharmacity.tn\/index.php?rest_route=%2Fwp%2Fv2%2Fproduct_cat&post=22321"},{"taxonomy":"product_tag","embeddable":true,"href":"https:\/\/para-pharmacity.tn\/index.php?rest_route=%2Fwp%2Fv2%2Fproduct_tag&post=22321"}],"curies":[{"name":"wp","href":"https:\/\/api.w.org\/{rel}","templated":true}]}}