{"id":22302,"date":"2024-07-11T10:29:52","date_gmt":"2024-07-11T10:29:52","guid":{"rendered":"https:\/\/para-pharmacity.tn\/?product=vital-tc-2000-savon"},"modified":"2025-05-12T15:35:16","modified_gmt":"2025-05-12T15:35:16","slug":"vital-tc-2000-savon","status":"publish","type":"product","link":"https:\/\/para-pharmacity.tn\/?product=vital-tc-2000-savon","title":{"rendered":"VITAL TC 2000 SAVON"},"content":{"rendered":"<h3><strong>TC 2000 Savon 100 gr :<\/strong><\/h3>\n<p>Il provoque un gommage doux gr\u00e2ce \u00e0 l\u2019harmonie du v\u00e9g\u00e9tal et du min\u00e9ral. Compos\u00e9 de feuilles de romarin et d\u2019argile brune, il \u00e9limine en douceur les cellules mortes tout en nettoyant. L\u2019action d\u00e9pigmentante est assur\u00e9e par la Busserole(arbutine). Le teint devient clair et lumineux,la peau douce et mieux pr\u00e9par\u00e9e \u00e0 l\u2019application des produits de la gamme TC 2000.<\/p>\n<h5 class=\"tab-title\"><strong>INDICATIONS<\/strong><\/h5>\n<div class=\"tab-content\">\n<p>Inhibe la synth\u00e8se de la m\u00e9lanine,<br \/>\nExfoliant, Antiradicalaire<\/p>\n<\/div>\n<div class=\"tab\">\n<h5 class=\"tab-title\"><strong>COMPOSITIONS<\/strong><\/h5>\n<div class=\"tab-content\">Arbutine, romarain, argile, huile d\u2019olive<\/div>\n<\/div>\n<div class=\"tab\">\n<h5 class=\"tab-title\">FORME<\/h5>\n<div class=\"tab-content\"><strong>Savon<\/strong><\/div>\n<\/div>\n<div class=\"tab\">\n<h5 class=\"tab-title\">INFOS SUR LE PRODUIT<\/h5>\n<div class=\"tab-content\">\n<p>Savon 90 gr<\/p>\n<\/div>\n<\/div>\n<div class=\"tab\">\n<h5 class=\"tab-title\"><strong>Conseils d\u2019utilisation<\/strong><\/h5>\n<div class=\"tab-content\">\n<p>1 application 2 fois par jour<\/p>\n<\/div>\n<\/div>\n","protected":false},"excerpt":{"rendered":"<p>Le savon Vital TC 2000 est id\u00e9al pour une peau propre et fra\u00eeche. Format de 100g, adapt\u00e9 \u00e0 tous types de peau.<\/p>\n","protected":false},"featured_media":26029,"comment_status":"open","ping_status":"closed","template":"","meta":[],"product_cat":[235,213],"product_tag":[],"class_list":{"0":"post-22302","1":"product","2":"type-product","3":"status-publish","4":"has-post-thumbnail","6":"product_cat-corps","7":"product_cat-visage","9":"first","10":"instock","11":"shipping-taxable","12":"purchasable","13":"product-type-simple"},"jetpack_sharing_enabled":true,"_links":{"self":[{"href":"https:\/\/para-pharmacity.tn\/index.php?rest_route=\/wp\/v2\/product\/22302","targetHints":{"allow":["GET"]}}],"collection":[{"href":"https:\/\/para-pharmacity.tn\/index.php?rest_route=\/wp\/v2\/product"}],"about":[{"href":"https:\/\/para-pharmacity.tn\/index.php?rest_route=\/wp\/v2\/types\/product"}],"replies":[{"embeddable":true,"href":"https:\/\/para-pharmacity.tn\/index.php?rest_route=%2Fwp%2Fv2%2Fcomments&post=22302"}],"version-history":[{"count":2,"href":"https:\/\/para-pharmacity.tn\/index.php?rest_route=\/wp\/v2\/product\/22302\/revisions"}],"predecessor-version":[{"id":26030,"href":"https:\/\/para-pharmacity.tn\/index.php?rest_route=\/wp\/v2\/product\/22302\/revisions\/26030"}],"wp:featuredmedia":[{"embeddable":true,"href":"https:\/\/para-pharmacity.tn\/index.php?rest_route=\/wp\/v2\/media\/26029"}],"wp:attachment":[{"href":"https:\/\/para-pharmacity.tn\/index.php?rest_route=%2Fwp%2Fv2%2Fmedia&parent=22302"}],"wp:term":[{"taxonomy":"product_cat","embeddable":true,"href":"https:\/\/para-pharmacity.tn\/index.php?rest_route=%2Fwp%2Fv2%2Fproduct_cat&post=22302"},{"taxonomy":"product_tag","embeddable":true,"href":"https:\/\/para-pharmacity.tn\/index.php?rest_route=%2Fwp%2Fv2%2Fproduct_tag&post=22302"}],"curies":[{"name":"wp","href":"https:\/\/api.w.org\/{rel}","templated":true}]}}