{"id":22301,"date":"2024-07-11T10:29:52","date_gmt":"2024-07-11T10:29:52","guid":{"rendered":"https:\/\/para-pharmacity.tn\/?product=vital-pediakids-apitou-n2-toux-sec"},"modified":"2025-05-15T10:47:15","modified_gmt":"2025-05-15T10:47:15","slug":"vital-pediakids-apitou-n2-toux-sec","status":"publish","type":"product","link":"https:\/\/para-pharmacity.tn\/?product=vital-pediakids-apitou-n2-toux-sec","title":{"rendered":"VITAL PEDIAKIDS APITOU N\u00b02 TOUX SEC"},"content":{"rendered":"<p>Pediakids apitou n2 toux s\u00e8che est la pour soulager votre enfant\u00a0<strong>d\u00e8s la naissance<\/strong>\u00a0avec cette solution sp\u00e9cialis\u00e9e et naturelle.<\/p>\n<h2><b>INDICATIONS<\/b><\/h2>\n<ul>\n<li>Calme la toux s\u00e8che<\/li>\n<li>Apaise l\u2019irritation de la gorge<\/li>\n<\/ul>\n<h2><b>COMPOSITION POUR 5 ML<\/b><\/h2>\n<ul>\n<li>20 mg d\u2019Extrait sec de Tilleul (Tilia cordata)<\/li>\n<li>20 mg d\u2019extrait sec de Plantain (Plantago lanceolata)<\/li>\n<li>20 mg d\u2019extrait sec de Romarin (Rosmarinus officinalis)<\/li>\n<li>1 mg de Propolis<\/li>\n<li>1 mg de Miel<\/li>\n<\/ul>\n","protected":false},"excerpt":{"rendered":"<p>Calme la toux s\u00e8che et les voies respiratoires.\u00a0P\u00e9diakids APITOU n\u00b02 est une formule sp\u00e9cialement adapt\u00e9e aux enfants, aromatis\u00e9e et \u00e9dulcor\u00e9e pour les calmer.<\/p>\n","protected":false},"featured_media":26141,"comment_status":"open","ping_status":"closed","template":"","meta":[],"product_cat":[286],"product_tag":[],"class_list":{"0":"post-22301","1":"product","2":"type-product","3":"status-publish","4":"has-post-thumbnail","6":"product_cat-complement-alimentaire","8":"first","9":"instock","10":"shipping-taxable","11":"purchasable","12":"product-type-simple"},"jetpack_sharing_enabled":true,"_links":{"self":[{"href":"https:\/\/para-pharmacity.tn\/index.php?rest_route=\/wp\/v2\/product\/22301","targetHints":{"allow":["GET"]}}],"collection":[{"href":"https:\/\/para-pharmacity.tn\/index.php?rest_route=\/wp\/v2\/product"}],"about":[{"href":"https:\/\/para-pharmacity.tn\/index.php?rest_route=\/wp\/v2\/types\/product"}],"replies":[{"embeddable":true,"href":"https:\/\/para-pharmacity.tn\/index.php?rest_route=%2Fwp%2Fv2%2Fcomments&post=22301"}],"version-history":[{"count":2,"href":"https:\/\/para-pharmacity.tn\/index.php?rest_route=\/wp\/v2\/product\/22301\/revisions"}],"predecessor-version":[{"id":26142,"href":"https:\/\/para-pharmacity.tn\/index.php?rest_route=\/wp\/v2\/product\/22301\/revisions\/26142"}],"wp:featuredmedia":[{"embeddable":true,"href":"https:\/\/para-pharmacity.tn\/index.php?rest_route=\/wp\/v2\/media\/26141"}],"wp:attachment":[{"href":"https:\/\/para-pharmacity.tn\/index.php?rest_route=%2Fwp%2Fv2%2Fmedia&parent=22301"}],"wp:term":[{"taxonomy":"product_cat","embeddable":true,"href":"https:\/\/para-pharmacity.tn\/index.php?rest_route=%2Fwp%2Fv2%2Fproduct_cat&post=22301"},{"taxonomy":"product_tag","embeddable":true,"href":"https:\/\/para-pharmacity.tn\/index.php?rest_route=%2Fwp%2Fv2%2Fproduct_tag&post=22301"}],"curies":[{"name":"wp","href":"https:\/\/api.w.org\/{rel}","templated":true}]}}