{"id":22300,"date":"2024-07-11T10:29:51","date_gmt":"2024-07-11T10:29:51","guid":{"rendered":"https:\/\/para-pharmacity.tn\/?product=vital-dermacne-savon-100g"},"modified":"2025-05-23T09:31:18","modified_gmt":"2025-05-23T09:31:18","slug":"vital-dermacne-savon-100g","status":"publish","type":"product","link":"https:\/\/para-pharmacity.tn\/?product=vital-dermacne-savon-100g","title":{"rendered":"VITAL DERMACNE SAVON 100G"},"content":{"rendered":"<p><b>VITAL DERMACNE SAVON 90GR<\/b><\/p>\n<p>VITAL DERMACNE SAVON\u00a0est un savon sp\u00e9cialement formul\u00e9 pour les peaux acn\u00e9iques. Il nettoie en profondeur tout en \u00e9liminant les imperfections cutan\u00e9es dues \u00e0 l\u2019acn\u00e9. Gr\u00e2ce \u00e0 sa composition unique, ce savon aide \u00e0 purifier la peau, r\u00e9guler l&rsquo;exc\u00e8s de s\u00e9bum et pr\u00e9venir l\u2019apparition de nouveaux boutons. Utilis\u00e9 quotidiennement, il laisse la peau propre, fra\u00eeche et visiblement plus nette, tout en offrant un soin doux et respectueux de l&rsquo;\u00e9piderme.<\/p>\n<p><b>Composition :\u00a0<\/b><\/p>\n<ul>\n<li>Romarin : A des propri\u00e9t\u00e9s purifiantes et antibact\u00e9riennes qui aident \u00e0 assainir la peau, r\u00e9duisant les imperfections et les inflammations.<\/li>\n<li>Huile de paraffine : Hydrate et prot\u00e8ge la peau en la nourrissant en profondeur, tout en r\u00e9gulant l&rsquo;exc\u00e8s de s\u00e9bum.<\/li>\n<li>Huile essentielle d&rsquo;Arbre \u00e0 Th\u00e9 : R\u00e9put\u00e9e pour ses vertus purifiantes et antibact\u00e9riennes, elle aide \u00e0 lutter contre les bact\u00e9ries responsables de l&rsquo;acn\u00e9 et apaise les inflammations.<\/li>\n<li>Acide Salicylique : Exfolie en douceur et nettoie les pores, ce qui permet de r\u00e9duire l\u2019apparition de boutons et de points noirs, tout en r\u00e9gulant le s\u00e9bum.<\/li>\n<\/ul>\n<p><b>Conseils d\u2019utilisation :<\/b><\/p>\n<ul>\n<li>Utilisez le savon quotidiennement, matin et soir, sur une peau humide.<\/li>\n<li>Faites mousser le savon dans vos mains, puis appliquez-le sur le visage en massant doucement.<\/li>\n<li>Rincez abondamment \u00e0 l&rsquo;eau ti\u00e8de.<\/li>\n<li>Pour de meilleurs r\u00e9sultats, suivez l&rsquo;application avec un soin adapt\u00e9 \u00e0 votre type de pea<\/li>\n<\/ul>\n","protected":false},"excerpt":{"rendered":"<article class=\"text-token-text-primary w-full\" dir=\"auto\" data-testid=\"conversation-turn-46\" data-scroll-anchor=\"true\">\n<div class=\"text-base my-auto mx-auto py-5 [--thread-content-margin:--spacing(4)] @[37rem]:[--thread-content-margin:--spacing(6)] @[72rem]:[--thread-content-margin:--spacing(16)] px-(--thread-content-margin)\">\n<div class=\"[--thread-content-max-width:32rem] @[34rem]:[--thread-content-max-width:40rem] @[64rem]:[--thread-content-max-width:48rem] mx-auto flex max-w-(--thread-content-max-width) flex-1 text-base gap-4 md:gap-5 lg:gap-6 group\/turn-messages focus-visible:outline-hidden\" tabindex=\"-1\">\n<div class=\"group\/conversation-turn relative flex w-full min-w-0 flex-col agent-turn\">\n<div class=\"relative flex-col gap-1 md:gap-3\">\n<div class=\"flex max-w-full flex-col grow\">\n<div class=\"min-h-8 text-message relative flex w-full flex-col items-end gap-2 text-start break-words whitespace-normal [.text-message+&amp;]:mt-5\" dir=\"auto\" data-message-author-role=\"assistant\" data-message-id=\"74bfd5a7-1681-4e13-b3e7-02a7d2e7dd70\" data-message-model-slug=\"gpt-4o\">\n<div class=\"flex w-full flex-col gap-1 empty:hidden first:pt-[3px]\">\n<div class=\"markdown prose dark:prose-invert w-full break-words dark\">\n<p data-start=\"0\" data-end=\"207\" data-is-last-node=\"\" data-is-only-node=\"\">VITAL DERMACNE SAVON nettoie en profondeur les peaux acn\u00e9iques, \u00e9limine les imperfections et r\u00e9gule l&rsquo;exc\u00e8s de s\u00e9bum. Utilis\u00e9 chaque jour, il purifie la peau tout en la laissant douce, fra\u00eeche et plus nette.<\/p>\n<\/div>\n<\/div>\n<\/div>\n<\/div>\n<\/div>\n<div class=\"absolute\">\n<div class=\"flex items-center justify-center\"><\/div>\n<\/div>\n<\/div>\n<\/div>\n<\/div>\n<\/article>\n<div class=\"pointer-events-none h-px w-px\" aria-hidden=\"true\" data-edge=\"true\"><\/div>\n","protected":false},"featured_media":26309,"comment_status":"open","ping_status":"closed","template":"","meta":[],"product_cat":[213],"product_tag":[],"class_list":{"0":"post-22300","1":"product","2":"type-product","3":"status-publish","4":"has-post-thumbnail","6":"product_cat-visage","8":"first","9":"instock","10":"shipping-taxable","11":"purchasable","12":"product-type-simple"},"jetpack_sharing_enabled":true,"_links":{"self":[{"href":"https:\/\/para-pharmacity.tn\/index.php?rest_route=\/wp\/v2\/product\/22300","targetHints":{"allow":["GET"]}}],"collection":[{"href":"https:\/\/para-pharmacity.tn\/index.php?rest_route=\/wp\/v2\/product"}],"about":[{"href":"https:\/\/para-pharmacity.tn\/index.php?rest_route=\/wp\/v2\/types\/product"}],"replies":[{"embeddable":true,"href":"https:\/\/para-pharmacity.tn\/index.php?rest_route=%2Fwp%2Fv2%2Fcomments&post=22300"}],"version-history":[{"count":2,"href":"https:\/\/para-pharmacity.tn\/index.php?rest_route=\/wp\/v2\/product\/22300\/revisions"}],"predecessor-version":[{"id":26310,"href":"https:\/\/para-pharmacity.tn\/index.php?rest_route=\/wp\/v2\/product\/22300\/revisions\/26310"}],"wp:featuredmedia":[{"embeddable":true,"href":"https:\/\/para-pharmacity.tn\/index.php?rest_route=\/wp\/v2\/media\/26309"}],"wp:attachment":[{"href":"https:\/\/para-pharmacity.tn\/index.php?rest_route=%2Fwp%2Fv2%2Fmedia&parent=22300"}],"wp:term":[{"taxonomy":"product_cat","embeddable":true,"href":"https:\/\/para-pharmacity.tn\/index.php?rest_route=%2Fwp%2Fv2%2Fproduct_cat&post=22300"},{"taxonomy":"product_tag","embeddable":true,"href":"https:\/\/para-pharmacity.tn\/index.php?rest_route=%2Fwp%2Fv2%2Fproduct_tag&post=22300"}],"curies":[{"name":"wp","href":"https:\/\/api.w.org\/{rel}","templated":true}]}}