{"id":22286,"date":"2024-07-11T10:29:43","date_gmt":"2024-07-11T10:29:43","guid":{"rendered":"https:\/\/para-pharmacity.tn\/?product=vital-pedia-appetit-croissance-150m"},"modified":"2025-05-16T15:15:11","modified_gmt":"2025-05-16T15:15:11","slug":"vital-pedia-appetit-croissance-150m","status":"publish","type":"product","link":"https:\/\/para-pharmacity.tn\/?product=vital-pedia-appetit-croissance-150m","title":{"rendered":"VITAL PEDIA APPETIT CROISSANCE 150M"},"content":{"rendered":"<p>P\u00e9diakids App\u00e9tit croissance est une suspension buvable alliant des actifs naturels fortifiants\u00a0 \u00e0 des actifs digestifs (gingembre et curcuma). Une formule sp\u00e9cialement adapt\u00e9e aux enfants, aromatis\u00e9e et \u00e9dulcor\u00e9e pour stimuler l&rsquo;app\u00e9tit et favoriser la croissance.<\/p>\n<h5 class=\"tab-title\">INDICATIONS<\/h5>\n<div class=\"tab-content\">\n<p>Stimule l\u2019app\u00e9tit.<br \/>\nStimule le synth\u00e8se Immunitaire.<br \/>\nFavorise la croissance<\/p>\n<\/div>\n<div class=\"tab\">\n<h5 class=\"tab-title\">COMPOSITIONS<\/h5>\n<div class=\"tab-content\">Spiruline, Gingembre, Fenugrec, Curcuma, Vitamine C<\/div>\n<\/div>\n<div class=\"tab\">\n<h5 class=\"tab-title\">CONTRE INDICATIONS<\/h5>\n<div class=\"tab-content\">Aucune<\/div>\n<\/div>\n<div class=\"tab\">\n<h5 class=\"tab-title\">FORME<\/h5>\n<div class=\"tab-content\">Solution buvable<\/div>\n<\/div>\n<div class=\"tab\">\n<h5 class=\"tab-title\">INFOS SUR LE PRODUIT<\/h5>\n<div class=\"tab-content\">\n<p>Flacon de 150 ml<\/p>\n<\/div>\n<\/div>\n","protected":false},"excerpt":{"rendered":"<p style=\"text-align: left;\">P\u00e9diakids App\u00e9tit croissance est une suspension buvable alliant des actifs naturels fortifiants\u00a0 \u00e0 des actifs digestifs (gingembre et curcuma). Une formule sp\u00e9cialement adapt\u00e9e aux enfants, aromatis\u00e9e et \u00e9dulcor\u00e9e pour stimuler l&rsquo;app\u00e9tit et favoriser la croissance.<\/p>\n","protected":false},"featured_media":26170,"comment_status":"open","ping_status":"closed","template":"","meta":[],"product_cat":[286],"product_tag":[],"class_list":{"0":"post-22286","1":"product","2":"type-product","3":"status-publish","4":"has-post-thumbnail","6":"product_cat-complement-alimentaire","8":"first","9":"instock","10":"shipping-taxable","11":"purchasable","12":"product-type-simple"},"jetpack_sharing_enabled":true,"_links":{"self":[{"href":"https:\/\/para-pharmacity.tn\/index.php?rest_route=\/wp\/v2\/product\/22286","targetHints":{"allow":["GET"]}}],"collection":[{"href":"https:\/\/para-pharmacity.tn\/index.php?rest_route=\/wp\/v2\/product"}],"about":[{"href":"https:\/\/para-pharmacity.tn\/index.php?rest_route=\/wp\/v2\/types\/product"}],"replies":[{"embeddable":true,"href":"https:\/\/para-pharmacity.tn\/index.php?rest_route=%2Fwp%2Fv2%2Fcomments&post=22286"}],"version-history":[{"count":2,"href":"https:\/\/para-pharmacity.tn\/index.php?rest_route=\/wp\/v2\/product\/22286\/revisions"}],"predecessor-version":[{"id":26171,"href":"https:\/\/para-pharmacity.tn\/index.php?rest_route=\/wp\/v2\/product\/22286\/revisions\/26171"}],"wp:featuredmedia":[{"embeddable":true,"href":"https:\/\/para-pharmacity.tn\/index.php?rest_route=\/wp\/v2\/media\/26170"}],"wp:attachment":[{"href":"https:\/\/para-pharmacity.tn\/index.php?rest_route=%2Fwp%2Fv2%2Fmedia&parent=22286"}],"wp:term":[{"taxonomy":"product_cat","embeddable":true,"href":"https:\/\/para-pharmacity.tn\/index.php?rest_route=%2Fwp%2Fv2%2Fproduct_cat&post=22286"},{"taxonomy":"product_tag","embeddable":true,"href":"https:\/\/para-pharmacity.tn\/index.php?rest_route=%2Fwp%2Fv2%2Fproduct_tag&post=22286"}],"curies":[{"name":"wp","href":"https:\/\/api.w.org\/{rel}","templated":true}]}}