{"id":22282,"date":"2024-07-11T10:29:42","date_gmt":"2024-07-11T10:29:42","guid":{"rendered":"https:\/\/para-pharmacity.tn\/?product=baumix-sirop-nez-gorge-nourissons-90ml"},"modified":"2025-04-24T10:11:16","modified_gmt":"2025-04-24T10:11:16","slug":"baumix-sirop-nez-gorge-nourissons-90ml","status":"publish","type":"product","link":"https:\/\/para-pharmacity.tn\/?product=baumix-sirop-nez-gorge-nourissons-90ml","title":{"rendered":"BAUMIX SIROP NEZ-GORGE NOURISSONS 90ML"},"content":{"rendered":"<p class=\"\" data-start=\"292\" data-end=\"522\">Le <strong data-start=\"295\" data-end=\"340\">BAUMIX\u00ae Sirop Nez-Gorge Nourrissons 90 ml<\/strong> est sp\u00e9cialement formul\u00e9 pour apaiser les troubles respiratoires chez les b\u00e9b\u00e9s d\u00e8s l&rsquo;\u00e2ge de 6 mois. Gr\u00e2ce \u00e0 une composition douce \u00e0 base d&rsquo;extraits naturels, ce sirop contribue \u00e0 :<\/p>\n<ul data-start=\"524\" data-end=\"679\">\n<li class=\"\" data-start=\"524\" data-end=\"576\">\n<p class=\"\" data-start=\"526\" data-end=\"576\">Soulager efficacement la toux s\u00e8che ou irritative,<\/p>\n<\/li>\n<li class=\"\" data-start=\"577\" data-end=\"604\">\n<p class=\"\" data-start=\"579\" data-end=\"604\">Calmer les maux de gorge,<\/p>\n<\/li>\n<li class=\"\" data-start=\"605\" data-end=\"679\">\n<p class=\"\" data-start=\"607\" data-end=\"679\">R\u00e9duire les inflammations au niveau des voies respiratoires sup\u00e9rieures.<\/p>\n<\/li>\n<\/ul>\n<p class=\"\" data-start=\"681\" data-end=\"776\">Adapt\u00e9 aux nourrissons, il est bien tol\u00e9r\u00e9 et peut \u00eatre utilis\u00e9 en toute s\u00e9curit\u00e9 au quotidien.<\/p>\n<p class=\"\" data-start=\"778\" data-end=\"806\"><strong data-start=\"778\" data-end=\"806\">Conseils d&rsquo;utilisation :<\/strong><\/p>\n<ul data-start=\"807\" data-end=\"905\">\n<li class=\"\" data-start=\"807\" data-end=\"846\">\n<p class=\"\" data-start=\"809\" data-end=\"846\">Donner 5 ml, jusqu&rsquo;\u00e0 3 fois par jour.<\/p>\n<\/li>\n<li class=\"\" data-start=\"847\" data-end=\"877\">\n<p class=\"\" data-start=\"849\" data-end=\"877\">Utiliser la pipette fournie.<\/p>\n<\/li>\n<li class=\"\" data-start=\"878\" data-end=\"905\">\n<p class=\"\" data-start=\"880\" data-end=\"905\">Bien agiter avant emploi.<\/p>\n<\/li>\n<\/ul>\n<p class=\"\" data-start=\"907\" data-end=\"924\"><strong data-start=\"907\" data-end=\"924\">Pr\u00e9cautions :<\/strong><\/p>\n<ul data-start=\"925\" data-end=\"1060\">\n<li class=\"\" data-start=\"925\" data-end=\"962\">\n<p class=\"\" data-start=\"927\" data-end=\"962\">Ne pas d\u00e9passer la dose conseill\u00e9e.<\/p>\n<\/li>\n<li class=\"\" data-start=\"963\" data-end=\"1004\">\n<p class=\"\" data-start=\"965\" data-end=\"1004\">\u00c0 utiliser sous surveillance parentale.<\/p>\n<\/li>\n<li class=\"\" data-start=\"1005\" data-end=\"1060\">\n<p class=\"\" data-start=\"1007\" data-end=\"1060\">Conserver dans un endroit sec \u00e0 temp\u00e9rature ambiante.<\/p>\n<\/li>\n<\/ul>\n","protected":false},"excerpt":{"rendered":"<p class=\"\" data-start=\"126\" data-end=\"207\"><span class=\"relative -mx-px my-[-0.2rem] rounded px-px py-[0.2rem] transition-colors duration-100 ease-in-out\">Sirop naturel pour nourrissons, soulage la toux s\u00e8che, les irritations de la gorge et les inflammations des voies respiratoires sup\u00e9rieures.<\/span>\u200b<\/p>\n","protected":false},"featured_media":25573,"comment_status":"open","ping_status":"closed","template":"","meta":[],"product_cat":[204],"product_tag":[],"class_list":{"0":"post-22282","1":"product","2":"type-product","3":"status-publish","4":"has-post-thumbnail","6":"product_cat-complement","8":"first","9":"instock","10":"shipping-taxable","11":"purchasable","12":"product-type-simple"},"jetpack_sharing_enabled":true,"_links":{"self":[{"href":"https:\/\/para-pharmacity.tn\/index.php?rest_route=\/wp\/v2\/product\/22282","targetHints":{"allow":["GET"]}}],"collection":[{"href":"https:\/\/para-pharmacity.tn\/index.php?rest_route=\/wp\/v2\/product"}],"about":[{"href":"https:\/\/para-pharmacity.tn\/index.php?rest_route=\/wp\/v2\/types\/product"}],"replies":[{"embeddable":true,"href":"https:\/\/para-pharmacity.tn\/index.php?rest_route=%2Fwp%2Fv2%2Fcomments&post=22282"}],"version-history":[{"count":2,"href":"https:\/\/para-pharmacity.tn\/index.php?rest_route=\/wp\/v2\/product\/22282\/revisions"}],"predecessor-version":[{"id":25575,"href":"https:\/\/para-pharmacity.tn\/index.php?rest_route=\/wp\/v2\/product\/22282\/revisions\/25575"}],"wp:featuredmedia":[{"embeddable":true,"href":"https:\/\/para-pharmacity.tn\/index.php?rest_route=\/wp\/v2\/media\/25573"}],"wp:attachment":[{"href":"https:\/\/para-pharmacity.tn\/index.php?rest_route=%2Fwp%2Fv2%2Fmedia&parent=22282"}],"wp:term":[{"taxonomy":"product_cat","embeddable":true,"href":"https:\/\/para-pharmacity.tn\/index.php?rest_route=%2Fwp%2Fv2%2Fproduct_cat&post=22282"},{"taxonomy":"product_tag","embeddable":true,"href":"https:\/\/para-pharmacity.tn\/index.php?rest_route=%2Fwp%2Fv2%2Fproduct_tag&post=22282"}],"curies":[{"name":"wp","href":"https:\/\/api.w.org\/{rel}","templated":true}]}}