{"id":22274,"date":"2024-07-11T10:29:39","date_gmt":"2024-07-11T10:29:39","guid":{"rendered":"https:\/\/para-pharmacity.tn\/?product=vital-pedia-gelee-royale-pollen"},"modified":"2025-05-16T14:53:29","modified_gmt":"2025-05-16T14:53:29","slug":"vital-pedia-gelee-royale-pollen","status":"publish","type":"product","link":"https:\/\/para-pharmacity.tn\/?product=vital-pedia-gelee-royale-pollen","title":{"rendered":"VITAL PEDIA GELEE ROYALE POLLEN"},"content":{"rendered":"<p>La Gel\u00e9e Royale est l&rsquo;aliment de la reine des abeilles qui vie 5 fois plus longtemps et est 5 fois plus volumineuse que les autres abeilles. Elle constitue un concentr\u00e9 nutritif naturel tr\u00e9s riche qui permet une meilleure croissance et qui augmente la r\u00e9sistance de l&rsquo;organisme en g\u00e9n\u00e9ral.C&rsquo;est aussi un excelent fortifiant Le Pollen est recueilli par les abeilles en butinant les fleurs.<\/p>\n<h5 class=\"tab-title\">INDICATIONS<\/h5>\n<div class=\"tab-content\">\n<p>Immunostimulant.<br \/>\nStimule la croissance.<br \/>\nAm\u00e9liore le rendement physique et intellectuel.<br \/>\nRenforce le corps contre les allergies, la grippe.<br \/>\nLutte contre l\u2019an\u00e9mie, la perte d\u2019app\u00e9tit et l\u2019amaigrissement.<br \/>\nStimule la m\u00e9moire, lutte contre l\u2019anxi\u00e9t\u00e9 et le stress.<\/p>\n<\/div>\n<div class=\"tab\">\n<h5 class=\"tab-title\">COMPOSITIONS<\/h5>\n<div class=\"tab-content\">Gel\u00e9e royale Lyophilis\u00e9e, Pollen, Extrait de propolis, Extrait d&rsquo;\u00e9chinac\u00e9e, Vitamine C.<\/div>\n<\/div>\n<div class=\"tab\">\n<h5 class=\"tab-title\">CONTRE INDICATIONS<\/h5>\n<div class=\"tab-content\">Aucune<\/div>\n<\/div>\n<div class=\"tab\">\n<h5 class=\"tab-title\">FORME<\/h5>\n<div class=\"tab-content\">Solution buvable<\/div>\n<\/div>\n<div class=\"tab\">\n<h5 class=\"tab-title\">INFOS SUR LE PRODUIT<\/h5>\n<div class=\"tab-content\">\n<p>Flacon de 150 ml<\/p>\n<\/div>\n<\/div>\n","protected":false},"excerpt":{"rendered":"<p>VITAL Pediakids Gel\u00e9e Royale Pollen Propolis,150ml<\/p>\n<p>Immunostimulant<br \/>\nAm\u00e9liorer le rendement physique<\/p>\n","protected":false},"featured_media":26160,"comment_status":"open","ping_status":"closed","template":"","meta":[],"product_cat":[286],"product_tag":[],"class_list":{"0":"post-22274","1":"product","2":"type-product","3":"status-publish","4":"has-post-thumbnail","6":"product_cat-complement-alimentaire","8":"first","9":"instock","10":"shipping-taxable","11":"purchasable","12":"product-type-simple"},"jetpack_sharing_enabled":true,"_links":{"self":[{"href":"https:\/\/para-pharmacity.tn\/index.php?rest_route=\/wp\/v2\/product\/22274","targetHints":{"allow":["GET"]}}],"collection":[{"href":"https:\/\/para-pharmacity.tn\/index.php?rest_route=\/wp\/v2\/product"}],"about":[{"href":"https:\/\/para-pharmacity.tn\/index.php?rest_route=\/wp\/v2\/types\/product"}],"replies":[{"embeddable":true,"href":"https:\/\/para-pharmacity.tn\/index.php?rest_route=%2Fwp%2Fv2%2Fcomments&post=22274"}],"version-history":[{"count":3,"href":"https:\/\/para-pharmacity.tn\/index.php?rest_route=\/wp\/v2\/product\/22274\/revisions"}],"predecessor-version":[{"id":26159,"href":"https:\/\/para-pharmacity.tn\/index.php?rest_route=\/wp\/v2\/product\/22274\/revisions\/26159"}],"wp:featuredmedia":[{"embeddable":true,"href":"https:\/\/para-pharmacity.tn\/index.php?rest_route=\/wp\/v2\/media\/26160"}],"wp:attachment":[{"href":"https:\/\/para-pharmacity.tn\/index.php?rest_route=%2Fwp%2Fv2%2Fmedia&parent=22274"}],"wp:term":[{"taxonomy":"product_cat","embeddable":true,"href":"https:\/\/para-pharmacity.tn\/index.php?rest_route=%2Fwp%2Fv2%2Fproduct_cat&post=22274"},{"taxonomy":"product_tag","embeddable":true,"href":"https:\/\/para-pharmacity.tn\/index.php?rest_route=%2Fwp%2Fv2%2Fproduct_tag&post=22274"}],"curies":[{"name":"wp","href":"https:\/\/api.w.org\/{rel}","templated":true}]}}