{"id":22267,"date":"2024-07-11T10:29:36","date_gmt":"2024-07-11T10:29:36","guid":{"rendered":"https:\/\/para-pharmacity.tn\/?product=bambini-suc-ortho-daisy-1age-432"},"modified":"2025-04-21T15:36:56","modified_gmt":"2025-04-21T15:36:56","slug":"bambini-suc-ortho-daisy-1age-432","status":"publish","type":"product","link":"https:\/\/para-pharmacity.tn\/?product=bambini-suc-ortho-daisy-1age-432","title":{"rendered":"BAMBINI SUC ORTHO DAISY 1\u00b0AGE 432"},"content":{"rendered":"<p><span class=\"relative -mx-px my-[-0.2rem] rounded px-px py-[0.2rem] transition-colors duration-100 ease-in-out\">La <strong data-start=\"3\" data-end=\"53\">BAMBINI Sucette Ortho Daisy 1er \u00c2ge (R\u00e9f. 432)<\/strong> est sp\u00e9cialement con\u00e7ue pour r\u00e9pondre aux besoins des nourrissons d\u00e8s la naissance.<\/span> <span class=\"relative -mx-px my-[-0.2rem] rounded px-px py-[0.2rem] transition-colors duration-100 ease-in-out\">Son embout rond en silicone souple imite la forme du sein maternel, offrant une sensation naturelle et r\u00e9confortante pour b\u00e9b\u00e9.<\/span> <span class=\"relative -mx-px my-[-0.2rem] rounded px-px py-[0.2rem] transition-colors duration-100 ease-in-out\">La collerette ergonomique est \u00e9quip\u00e9e de trous d&rsquo;a\u00e9ration, permettant une meilleure circulation de l&rsquo;air et r\u00e9duisant ainsi les risques d&rsquo;irritation de la peau d\u00e9licate de b\u00e9b\u00e9.<\/span> <span class=\"relative -mx-px my-[-0.2rem] rounded px-px py-[0.2rem] transition-colors duration-100 ease-in-out\">Fabriqu\u00e9e sans BPA, cette sucette garantit une utilisation sans danger pour la sant\u00e9 de votre enfant.<\/span> <span class=\"relative -mx-px my-[-0.2rem] rounded px-px py-[0.2rem] transition-colors duration-100 ease-in-out\">Elle est disponible en plusieurs coloris attrayants, tels que le bleu, le rose et le vert, pour plaire \u00e0 tous les go\u00fbts.<\/span><\/p>\n","protected":false},"excerpt":{"rendered":"<p><span class=\"relative -mx-px my-[-0.2rem] rounded px-px py-[0.2rem] transition-colors duration-100 ease-in-out\">La sucette BAMBINI Ortho Daisy 1er \u00c2ge (R\u00e9f. 432) est con\u00e7ue pour les nourrissons d\u00e8s la naissance.<\/span> <span class=\"relative -mx-px my-[-0.2rem] rounded px-px py-[0.2rem] transition-colors duration-100 ease-in-out\">Elle dispose d&rsquo;un embout rond en silicone souple, imitant la forme du sein maternel, et d&rsquo;une collerette ergonomique avec des trous d&rsquo;a\u00e9ration pour \u00e9viter les irritations cutan\u00e9es.<\/span> <span class=\"relative -mx-px my-[-0.2rem] rounded px-px py-[0.2rem] transition-colors duration-100 ease-in-out\">Sans BPA, elle est disponible en plusieurs coloris attrayants.<\/span><\/p>\n","protected":false},"featured_media":25503,"comment_status":"open","ping_status":"closed","template":"","meta":[],"product_cat":[243],"product_tag":[],"class_list":{"0":"post-22267","1":"product","2":"type-product","3":"status-publish","4":"has-post-thumbnail","6":"product_cat-bebe-et-maman","8":"first","9":"instock","10":"shipping-taxable","11":"purchasable","12":"product-type-simple"},"jetpack_sharing_enabled":true,"_links":{"self":[{"href":"https:\/\/para-pharmacity.tn\/index.php?rest_route=\/wp\/v2\/product\/22267","targetHints":{"allow":["GET"]}}],"collection":[{"href":"https:\/\/para-pharmacity.tn\/index.php?rest_route=\/wp\/v2\/product"}],"about":[{"href":"https:\/\/para-pharmacity.tn\/index.php?rest_route=\/wp\/v2\/types\/product"}],"replies":[{"embeddable":true,"href":"https:\/\/para-pharmacity.tn\/index.php?rest_route=%2Fwp%2Fv2%2Fcomments&post=22267"}],"version-history":[{"count":2,"href":"https:\/\/para-pharmacity.tn\/index.php?rest_route=\/wp\/v2\/product\/22267\/revisions"}],"predecessor-version":[{"id":25504,"href":"https:\/\/para-pharmacity.tn\/index.php?rest_route=\/wp\/v2\/product\/22267\/revisions\/25504"}],"wp:featuredmedia":[{"embeddable":true,"href":"https:\/\/para-pharmacity.tn\/index.php?rest_route=\/wp\/v2\/media\/25503"}],"wp:attachment":[{"href":"https:\/\/para-pharmacity.tn\/index.php?rest_route=%2Fwp%2Fv2%2Fmedia&parent=22267"}],"wp:term":[{"taxonomy":"product_cat","embeddable":true,"href":"https:\/\/para-pharmacity.tn\/index.php?rest_route=%2Fwp%2Fv2%2Fproduct_cat&post=22267"},{"taxonomy":"product_tag","embeddable":true,"href":"https:\/\/para-pharmacity.tn\/index.php?rest_route=%2Fwp%2Fv2%2Fproduct_tag&post=22267"}],"curies":[{"name":"wp","href":"https:\/\/api.w.org\/{rel}","templated":true}]}}