{"id":22266,"date":"2024-07-11T10:29:35","date_gmt":"2024-07-11T10:29:35","guid":{"rendered":"https:\/\/para-pharmacity.tn\/?product=veet-creme-depilatoire-bleue"},"modified":"2025-05-30T13:57:37","modified_gmt":"2025-05-30T13:57:37","slug":"veet-creme-depilatoire-bleue","status":"publish","type":"product","link":"https:\/\/para-pharmacity.tn\/?product=veet-creme-depilatoire-bleue","title":{"rendered":"VEET CREME DEPILATOIRE BLEUE"},"content":{"rendered":"<div class=\"row\">\n<div id=\"content-wrapper\" class=\"col-xs-12\">\n<section id=\"main\">\n<div class=\"row\">\n<div class=\"col-xs-12\">\n<div class=\"tabs \">\n<div id=\"tab-content\" class=\"tab-content\">\n<div id=\"description\" class=\"tab-pane in active\" role=\"tabpanel\">\n<div class=\"product-description\">\n<p>La cr\u00e8me d\u00e9pilatoire VEET vous apporte une peau douce, soyeuse et d\u00e9licieusement parfum\u00e9e, elle hydrate votre peau jusqu&rsquo;\u00e0 24 heures*, et vous offre une nouvelle technologie de parfum sp\u00e9cialement con\u00e7ue pour qu&rsquo;il ne subsiste aucune mauvaise odeur de cr\u00e8me. La cr\u00e8me d\u00e9pilaoire VEET permet une hydratation des couches sup\u00e9rieures de l&rsquo;\u00e9piderme NB : Assurez-vous que votre peau est propre et s\u00e8che avant utilisation. Ayez \u00e0 port\u00e9e de main votre cr\u00e8me Veet, une montre, une \u00e9ponge ou une spatule, une serviette, de l&rsquo;eau et du savon avant de commencer votre \u00e9pilation. Cet \u00e9tui contient Un tube de 100ml de cr\u00e8me d\u00e9pilatoire 1 spatule<\/p>\n<\/div>\n<\/div>\n<\/div>\n<\/div>\n<\/div>\n<\/div>\n<footer class=\"page-footer\"><\/footer>\n<\/section>\n<\/div>\n<\/div>\n<section class=\"categoryproducts clearfix\">\n<div class=\"pos_title\"><\/div>\n<\/section>\n","protected":false},"excerpt":{"rendered":"<p>Offrez \u00e0 votre peau sensible une \u00e9pilation tout en douceur gr\u00e2ce \u00e0 la Cr\u00e8me D\u00e9pilatoire VEET Peau Sensible 100ML, disponible sur MLpara.tn. Sp\u00e9cialement con\u00e7ue pour respecter les peaux d\u00e9licates, elle \u00e9limine efficacement les poils tout en laissant votre peau douce, hydrat\u00e9e et d\u00e9licatement parfum\u00e9e.<\/p>\n","protected":false},"featured_media":26452,"comment_status":"open","ping_status":"closed","template":"","meta":[],"product_cat":[230],"product_tag":[],"class_list":{"0":"post-22266","1":"product","2":"type-product","3":"status-publish","4":"has-post-thumbnail","6":"product_cat-hygiene","8":"first","9":"instock","10":"shipping-taxable","11":"purchasable","12":"product-type-simple"},"jetpack_sharing_enabled":true,"_links":{"self":[{"href":"https:\/\/para-pharmacity.tn\/index.php?rest_route=\/wp\/v2\/product\/22266","targetHints":{"allow":["GET"]}}],"collection":[{"href":"https:\/\/para-pharmacity.tn\/index.php?rest_route=\/wp\/v2\/product"}],"about":[{"href":"https:\/\/para-pharmacity.tn\/index.php?rest_route=\/wp\/v2\/types\/product"}],"replies":[{"embeddable":true,"href":"https:\/\/para-pharmacity.tn\/index.php?rest_route=%2Fwp%2Fv2%2Fcomments&post=22266"}],"version-history":[{"count":2,"href":"https:\/\/para-pharmacity.tn\/index.php?rest_route=\/wp\/v2\/product\/22266\/revisions"}],"predecessor-version":[{"id":26447,"href":"https:\/\/para-pharmacity.tn\/index.php?rest_route=\/wp\/v2\/product\/22266\/revisions\/26447"}],"wp:featuredmedia":[{"embeddable":true,"href":"https:\/\/para-pharmacity.tn\/index.php?rest_route=\/wp\/v2\/media\/26452"}],"wp:attachment":[{"href":"https:\/\/para-pharmacity.tn\/index.php?rest_route=%2Fwp%2Fv2%2Fmedia&parent=22266"}],"wp:term":[{"taxonomy":"product_cat","embeddable":true,"href":"https:\/\/para-pharmacity.tn\/index.php?rest_route=%2Fwp%2Fv2%2Fproduct_cat&post=22266"},{"taxonomy":"product_tag","embeddable":true,"href":"https:\/\/para-pharmacity.tn\/index.php?rest_route=%2Fwp%2Fv2%2Fproduct_tag&post=22266"}],"curies":[{"name":"wp","href":"https:\/\/api.w.org\/{rel}","templated":true}]}}