{"id":22263,"date":"2024-07-11T10:29:33","date_gmt":"2024-07-11T10:29:33","guid":{"rendered":"https:\/\/para-pharmacity.tn\/?product=babirose-eau-de-toillette-200ml"},"modified":"2025-04-18T15:35:23","modified_gmt":"2025-04-18T15:35:23","slug":"babirose-eau-de-toillette-200ml","status":"publish","type":"product","link":"https:\/\/para-pharmacity.tn\/?product=babirose-eau-de-toillette-200ml","title":{"rendered":"BABIROSE EAU DE TOILLETTE 200ML"},"content":{"rendered":"<p class=\"\" data-start=\"245\" data-end=\"440\"><span class=\"relative -mx-px my-[-0.2rem] rounded px-px py-[0.2rem] transition-colors duration-100 ease-in-out\">La <strong data-start=\"3\" data-end=\"38\">Babirose Eau de Toilette 250\u202fml<\/strong> est sp\u00e9cialement formul\u00e9e pour respecter la peau sensible des nourrissons.<\/span> <span class=\"relative -mx-px my-[-0.2rem] rounded px-px py-[0.2rem] transition-colors duration-100 ease-in-out\">Sans alcool, elle parfume d\u00e9licatement votre b\u00e9b\u00e9 tout en assurant une tol\u00e9rance optimale.<\/span> <span class=\"relative -mx-px my-[-0.2rem] rounded px-px py-[0.2rem] transition-colors duration-100 ease-in-out\">Disponible en versions <strong data-start=\"23\" data-end=\"31\">rose<\/strong> et <strong data-start=\"35\" data-end=\"44\">bleue<\/strong>, elle convient aussi bien aux filles qu\u2019aux gar\u00e7ons.<\/span> <span class=\"relative -mx-px my-[-0.2rem] rounded px-px py-[0.2rem] transition-colors duration-100 ease-in-out\">Son parfum l\u00e9ger en fait \u00e9galement une excellente id\u00e9e de cadeau de naissance.<\/span>\u200b<\/p>\n","protected":false},"excerpt":{"rendered":"<p>L\u2019eau de toilette Babirose 250\u202fml offre une fragrance d\u00e9licate et sans alcool, id\u00e9ale pour parfumer b\u00e9b\u00e9 en toute s\u00e9curit\u00e9 d\u00e8s la naissance.<\/p>\n","protected":false},"featured_media":25352,"comment_status":"open","ping_status":"closed","template":"","meta":[],"product_cat":[243],"product_tag":[],"class_list":{"0":"post-22263","1":"product","2":"type-product","3":"status-publish","4":"has-post-thumbnail","6":"product_cat-bebe-et-maman","8":"first","9":"instock","10":"shipping-taxable","11":"purchasable","12":"product-type-simple"},"jetpack_sharing_enabled":true,"_links":{"self":[{"href":"https:\/\/para-pharmacity.tn\/index.php?rest_route=\/wp\/v2\/product\/22263","targetHints":{"allow":["GET"]}}],"collection":[{"href":"https:\/\/para-pharmacity.tn\/index.php?rest_route=\/wp\/v2\/product"}],"about":[{"href":"https:\/\/para-pharmacity.tn\/index.php?rest_route=\/wp\/v2\/types\/product"}],"replies":[{"embeddable":true,"href":"https:\/\/para-pharmacity.tn\/index.php?rest_route=%2Fwp%2Fv2%2Fcomments&post=22263"}],"version-history":[{"count":2,"href":"https:\/\/para-pharmacity.tn\/index.php?rest_route=\/wp\/v2\/product\/22263\/revisions"}],"predecessor-version":[{"id":25353,"href":"https:\/\/para-pharmacity.tn\/index.php?rest_route=\/wp\/v2\/product\/22263\/revisions\/25353"}],"wp:featuredmedia":[{"embeddable":true,"href":"https:\/\/para-pharmacity.tn\/index.php?rest_route=\/wp\/v2\/media\/25352"}],"wp:attachment":[{"href":"https:\/\/para-pharmacity.tn\/index.php?rest_route=%2Fwp%2Fv2%2Fmedia&parent=22263"}],"wp:term":[{"taxonomy":"product_cat","embeddable":true,"href":"https:\/\/para-pharmacity.tn\/index.php?rest_route=%2Fwp%2Fv2%2Fproduct_cat&post=22263"},{"taxonomy":"product_tag","embeddable":true,"href":"https:\/\/para-pharmacity.tn\/index.php?rest_route=%2Fwp%2Fv2%2Fproduct_tag&post=22263"}],"curies":[{"name":"wp","href":"https:\/\/api.w.org\/{rel}","templated":true}]}}