{"id":22261,"date":"2024-07-11T10:29:29","date_gmt":"2024-07-11T10:29:29","guid":{"rendered":"https:\/\/para-pharmacity.tn\/?product=vital-planthiol-toux-grasse-150-ml"},"modified":"2025-05-13T13:23:31","modified_gmt":"2025-05-13T13:23:31","slug":"vital-planthiol-toux-grasse-150-ml","status":"publish","type":"product","link":"https:\/\/para-pharmacity.tn\/?product=vital-planthiol-toux-grasse-150-ml","title":{"rendered":"VITAL PLANTHIOL TOUX GRASSE 150 ML"},"content":{"rendered":"<h1 class=\"product-title product_title entry-title\">Planthiol Sirop Toux Grasse 150 ml<\/h1>\n<p><strong>Planthiol<\/strong>\u00a0est une formule sp\u00e9cialement adapt\u00e9e aux adultes pour soulager les voies respiratoires et calmer\u00a0<strong>la toux Grasse<\/strong>.<\/p>\n<p>Avec \u0301 , chacun de vos besoins aura sa solution<br \/>\nLes sympt\u00f4mes de la toux peuvent \u00eatre r\u00e9currents lors des changements de saison.<\/p>\n<p>\u2705 Existe sous forme de et \u0301 .<br \/>\n\u2705 Un m\u00e9lange d\u2019extraits sec de plantes, de miel et de propolis pour aider le corps \u00e0 soulager les voies respiratoires.<\/p>\n<h5 class=\"tab-title\"><em><strong>CONSEILS D\u2019UTILISATION<\/strong><\/em><\/h5>\n<p><strong>Sirop :\u00a01<\/strong>\u00a0cuill\u00e8re \u00e0 soupe\u00a0<strong>2<\/strong>\u00a0fois \/jour<em>\u00a0( 10ml )\u00a0<\/em><\/p>\n","protected":false},"excerpt":{"rendered":"<p>Calme la toux grasse<\/p>\n<p>Expectorant<\/p>\n<p>D\u00e9gage les voies respiratoires<\/p>\n","protected":false},"featured_media":26061,"comment_status":"open","ping_status":"closed","template":"","meta":[],"product_cat":[286],"product_tag":[],"class_list":{"0":"post-22261","1":"product","2":"type-product","3":"status-publish","4":"has-post-thumbnail","6":"product_cat-complement-alimentaire","8":"first","9":"instock","10":"shipping-taxable","11":"purchasable","12":"product-type-simple"},"jetpack_sharing_enabled":true,"_links":{"self":[{"href":"https:\/\/para-pharmacity.tn\/index.php?rest_route=\/wp\/v2\/product\/22261","targetHints":{"allow":["GET"]}}],"collection":[{"href":"https:\/\/para-pharmacity.tn\/index.php?rest_route=\/wp\/v2\/product"}],"about":[{"href":"https:\/\/para-pharmacity.tn\/index.php?rest_route=\/wp\/v2\/types\/product"}],"replies":[{"embeddable":true,"href":"https:\/\/para-pharmacity.tn\/index.php?rest_route=%2Fwp%2Fv2%2Fcomments&post=22261"}],"version-history":[{"count":2,"href":"https:\/\/para-pharmacity.tn\/index.php?rest_route=\/wp\/v2\/product\/22261\/revisions"}],"predecessor-version":[{"id":26063,"href":"https:\/\/para-pharmacity.tn\/index.php?rest_route=\/wp\/v2\/product\/22261\/revisions\/26063"}],"wp:featuredmedia":[{"embeddable":true,"href":"https:\/\/para-pharmacity.tn\/index.php?rest_route=\/wp\/v2\/media\/26061"}],"wp:attachment":[{"href":"https:\/\/para-pharmacity.tn\/index.php?rest_route=%2Fwp%2Fv2%2Fmedia&parent=22261"}],"wp:term":[{"taxonomy":"product_cat","embeddable":true,"href":"https:\/\/para-pharmacity.tn\/index.php?rest_route=%2Fwp%2Fv2%2Fproduct_cat&post=22261"},{"taxonomy":"product_tag","embeddable":true,"href":"https:\/\/para-pharmacity.tn\/index.php?rest_route=%2Fwp%2Fv2%2Fproduct_tag&post=22261"}],"curies":[{"name":"wp","href":"https:\/\/api.w.org\/{rel}","templated":true}]}}