{"id":22260,"date":"2024-07-11T10:29:29","date_gmt":"2024-07-11T10:29:29","guid":{"rendered":"https:\/\/para-pharmacity.tn\/?product=vital-pedia-apigrip-150ml"},"modified":"2025-05-16T16:03:37","modified_gmt":"2025-05-16T16:03:37","slug":"vital-pedia-apigrip-150ml","status":"publish","type":"product","link":"https:\/\/para-pharmacity.tn\/?product=vital-pedia-apigrip-150ml","title":{"rendered":"VITAL PEDIA APIGRIP 150ML"},"content":{"rendered":"<div class=\"tab\">\n<h5 class=\"tab-title\">\u00a0INDICATIONS<\/h5>\n<div class=\"tab-content\">\n<p>\u2013 Anti-grippal<br \/>\n\u2013 R\u00e9duit les signes inflammatoires du rhume<br \/>\n\u2013 Traitement curatif et pr\u00e9ventif, pour soulager le nez et la gorge<\/p>\n<\/div>\n<\/div>\n<div class=\"tab\">\n<h5 class=\"tab-title\">\u00a0COMPOSITIONS<\/h5>\n<div class=\"tab-content\">Extrait sec d&rsquo;acerola, extrait sec d&rsquo;\u00e9chinac\u00e9e, extrait sec de camomille, extrait sec de noyer, extrait sec de cassis, miel, propolis,<\/div>\n<div class=\"tab-content\"><\/div>\n<div class=\"tab-content\">\n<h5 class=\"tab-title\">\u00a0CONSEILS D&rsquo;UTILISATION<\/h5>\n<div class=\"tab-content\">\n<p>\u2013 0 \u00e0 5 ans : 5ml 2 fois par jour<br \/>\n\u2013 Plus de 5 ans : 10ml 2 fois par jour<\/p>\n<\/div>\n<\/div>\n<\/div>\n","protected":false},"excerpt":{"rendered":"<p>P\u00e9diakids APIGRIP est une formule sp\u00e9cialement adapt\u00e9e aux enfants, aromatis\u00e9e et \u00e9dulcor\u00e9e pour soulager le nez et la gorge.<\/p>\n","protected":false},"featured_media":26173,"comment_status":"open","ping_status":"closed","template":"","meta":[],"product_cat":[286],"product_tag":[],"class_list":{"0":"post-22260","1":"product","2":"type-product","3":"status-publish","4":"has-post-thumbnail","6":"product_cat-complement-alimentaire","8":"first","9":"instock","10":"shipping-taxable","11":"purchasable","12":"product-type-simple"},"jetpack_sharing_enabled":true,"_links":{"self":[{"href":"https:\/\/para-pharmacity.tn\/index.php?rest_route=\/wp\/v2\/product\/22260","targetHints":{"allow":["GET"]}}],"collection":[{"href":"https:\/\/para-pharmacity.tn\/index.php?rest_route=\/wp\/v2\/product"}],"about":[{"href":"https:\/\/para-pharmacity.tn\/index.php?rest_route=\/wp\/v2\/types\/product"}],"replies":[{"embeddable":true,"href":"https:\/\/para-pharmacity.tn\/index.php?rest_route=%2Fwp%2Fv2%2Fcomments&post=22260"}],"version-history":[{"count":2,"href":"https:\/\/para-pharmacity.tn\/index.php?rest_route=\/wp\/v2\/product\/22260\/revisions"}],"predecessor-version":[{"id":26174,"href":"https:\/\/para-pharmacity.tn\/index.php?rest_route=\/wp\/v2\/product\/22260\/revisions\/26174"}],"wp:featuredmedia":[{"embeddable":true,"href":"https:\/\/para-pharmacity.tn\/index.php?rest_route=\/wp\/v2\/media\/26173"}],"wp:attachment":[{"href":"https:\/\/para-pharmacity.tn\/index.php?rest_route=%2Fwp%2Fv2%2Fmedia&parent=22260"}],"wp:term":[{"taxonomy":"product_cat","embeddable":true,"href":"https:\/\/para-pharmacity.tn\/index.php?rest_route=%2Fwp%2Fv2%2Fproduct_cat&post=22260"},{"taxonomy":"product_tag","embeddable":true,"href":"https:\/\/para-pharmacity.tn\/index.php?rest_route=%2Fwp%2Fv2%2Fproduct_tag&post=22260"}],"curies":[{"name":"wp","href":"https:\/\/api.w.org\/{rel}","templated":true}]}}