{"id":22234,"date":"2024-07-11T10:29:18","date_gmt":"2024-07-11T10:29:18","guid":{"rendered":"https:\/\/para-pharmacity.tn\/?product=bambini-coussinet-d-allaitement-30p"},"modified":"2025-04-21T14:51:26","modified_gmt":"2025-04-21T14:51:26","slug":"bambini-coussinet-d-allaitement-30p","status":"publish","type":"product","link":"https:\/\/para-pharmacity.tn\/?product=bambini-coussinet-d-allaitement-30p","title":{"rendered":"BAMBINI COUSSINET D ALLAITEMENT 30P"},"content":{"rendered":"<p><span class=\"relative -mx-px my-[-0.2rem] rounded px-px py-[0.2rem] transition-colors duration-100 ease-in-out\">Les <strong data-start=\"4\" data-end=\"40\">coussinets d\u2019allaitement BAMBINI<\/strong> sont con\u00e7us pour r\u00e9pondre aux besoins des mamans allaitantes en offrant une protection efficace contre les fuites de lait.<\/span> <span class=\"relative -mx-px my-[-0.2rem] rounded px-px py-[0.2rem] transition-colors duration-100 ease-in-out\">Dot\u00e9s d&rsquo;une doublure multicouche avec une r\u00e9tention d\u2019humidit\u00e9 \u00e0 long terme, ils sont extr\u00eamement absorbants.<\/span> <span class=\"relative -mx-px my-[-0.2rem] rounded px-px py-[0.2rem] transition-colors duration-100 ease-in-out\">Leur couche ext\u00e9rieure perm\u00e9able \u00e0 l\u2019air permet \u00e0 l\u2019air de circuler, r\u00e9duisant ainsi le risque d\u2019irritations de la peau.<\/span> <span class=\"relative -mx-px my-[-0.2rem] rounded px-px py-[0.2rem] transition-colors duration-100 ease-in-out\">Le diam\u00e8tre accru du coussinet \u00e9pouse parfaitement la forme de la poitrine et est difficilement visible sous les v\u00eatements.<\/span> <span class=\"relative -mx-px my-[-0.2rem] rounded px-px py-[0.2rem] transition-colors duration-100 ease-in-out\">Avec un tissu int\u00e9rieur tr\u00e8s doux, les coussinets d\u2019allaitement sont doux pour la peau et ne collent pas \u00e0 la poitrine.<\/span> <span class=\"relative -mx-px my-[-0.2rem] rounded px-px py-[0.2rem] transition-colors duration-100 ease-in-out\">Les bandes de fixation BAMBINI maintiennent les coussinets en place.<\/span><\/p>\n","protected":false},"excerpt":{"rendered":"<p><span class=\"relative -mx-px my-[-0.2rem] rounded px-px py-[0.2rem] bg-[#FCECC1] dark:bg-[#64572A] transition-colors duration-100 ease-in-out\">Les coussinets d\u2019allaitement BAMBINI offrent une protection discr\u00e8te et confortable contre les fuites de lait.<\/span> <span class=\"relative -mx-px my-[-0.2rem] rounded px-px py-[0.2rem] transition-colors duration-100 ease-in-out\">Ultra-absorbants, doux pour la peau et dot\u00e9s d\u2019un ajustement parfait, ils assurent un allaitement serein au quotidien.<\/span>\u200b<\/p>\n","protected":false},"featured_media":25473,"comment_status":"open","ping_status":"closed","template":"","meta":[],"product_cat":[243],"product_tag":[],"class_list":{"0":"post-22234","1":"product","2":"type-product","3":"status-publish","4":"has-post-thumbnail","6":"product_cat-bebe-et-maman","8":"first","9":"instock","10":"shipping-taxable","11":"purchasable","12":"product-type-simple"},"jetpack_sharing_enabled":true,"_links":{"self":[{"href":"https:\/\/para-pharmacity.tn\/index.php?rest_route=\/wp\/v2\/product\/22234","targetHints":{"allow":["GET"]}}],"collection":[{"href":"https:\/\/para-pharmacity.tn\/index.php?rest_route=\/wp\/v2\/product"}],"about":[{"href":"https:\/\/para-pharmacity.tn\/index.php?rest_route=\/wp\/v2\/types\/product"}],"replies":[{"embeddable":true,"href":"https:\/\/para-pharmacity.tn\/index.php?rest_route=%2Fwp%2Fv2%2Fcomments&post=22234"}],"version-history":[{"count":2,"href":"https:\/\/para-pharmacity.tn\/index.php?rest_route=\/wp\/v2\/product\/22234\/revisions"}],"predecessor-version":[{"id":25474,"href":"https:\/\/para-pharmacity.tn\/index.php?rest_route=\/wp\/v2\/product\/22234\/revisions\/25474"}],"wp:featuredmedia":[{"embeddable":true,"href":"https:\/\/para-pharmacity.tn\/index.php?rest_route=\/wp\/v2\/media\/25473"}],"wp:attachment":[{"href":"https:\/\/para-pharmacity.tn\/index.php?rest_route=%2Fwp%2Fv2%2Fmedia&parent=22234"}],"wp:term":[{"taxonomy":"product_cat","embeddable":true,"href":"https:\/\/para-pharmacity.tn\/index.php?rest_route=%2Fwp%2Fv2%2Fproduct_cat&post=22234"},{"taxonomy":"product_tag","embeddable":true,"href":"https:\/\/para-pharmacity.tn\/index.php?rest_route=%2Fwp%2Fv2%2Fproduct_tag&post=22234"}],"curies":[{"name":"wp","href":"https:\/\/api.w.org\/{rel}","templated":true}]}}