{"id":22233,"date":"2024-07-11T10:29:17","date_gmt":"2024-07-11T10:29:17","guid":{"rendered":"https:\/\/para-pharmacity.tn\/?product=vital-plantexil-sans-sucre-150ml"},"modified":"2025-05-14T10:53:05","modified_gmt":"2025-05-14T10:53:05","slug":"vital-plantexil-sans-sucre-150ml","status":"publish","type":"product","link":"https:\/\/para-pharmacity.tn\/?product=vital-plantexil-sans-sucre-150ml","title":{"rendered":"VITAL PLANTEXIL SANS SUCRE 150ML"},"content":{"rendered":"<p><b>Plantherapie Plantexil Sirop Sans Sucre 150ML <\/b><\/p>\n<p>Plantherapie Plantexil Sirop Sans Sucre est con\u00e7u pour calmer les voies respiratoires et soulager la toux s\u00e8che. Sa formule naturelle en fait un choix id\u00e9al pour ceux qui souhaitent \u00e9viter le sucre tout en b\u00e9n\u00e9ficiant des propri\u00e9t\u00e9s apaisantes des plantes.<\/p>\n","protected":false},"excerpt":{"rendered":"<div id=\"product-description-short-10077\" class=\"rte-content product-description\">\n<div class=\"tab\">\n<div class=\"tab-content\">\n<div class=\"tab\">\n<div class=\"tab-content\">\n<div class=\"tab\">\n<div class=\"tab-content\">\n<div class=\"tab\">\n<div class=\"tab-content\">\n<div class=\"tab\">\n<div class=\"tab-content\">\n<div class=\"tab\">\n<div class=\"tab-content\">\n<div class=\"tab\">\n<div class=\"tab-content\">\n<div class=\"tab\">\n<div class=\"tab-content\">\n<div class=\"tab\">\n<div class=\"tab-content\">\n<p>Plantexil est une formule sp\u00e9cialement adapt\u00e9e aux adultes pour soulager les voies respiratoires et calmer la toux s\u00e8che.<\/p>\n<\/div>\n<\/div>\n<\/div>\n<\/div>\n<\/div>\n<\/div>\n<\/div>\n<\/div>\n<\/div>\n<\/div>\n<\/div>\n<\/div>\n<\/div>\n<\/div>\n<\/div>\n<\/div>\n<\/div>\n<\/div>\n<\/div>\n","protected":false},"featured_media":26077,"comment_status":"open","ping_status":"closed","template":"","meta":[],"product_cat":[286],"product_tag":[],"class_list":{"0":"post-22233","1":"product","2":"type-product","3":"status-publish","4":"has-post-thumbnail","6":"product_cat-complement-alimentaire","8":"first","9":"instock","10":"shipping-taxable","11":"purchasable","12":"product-type-simple"},"jetpack_sharing_enabled":true,"_links":{"self":[{"href":"https:\/\/para-pharmacity.tn\/index.php?rest_route=\/wp\/v2\/product\/22233","targetHints":{"allow":["GET"]}}],"collection":[{"href":"https:\/\/para-pharmacity.tn\/index.php?rest_route=\/wp\/v2\/product"}],"about":[{"href":"https:\/\/para-pharmacity.tn\/index.php?rest_route=\/wp\/v2\/types\/product"}],"replies":[{"embeddable":true,"href":"https:\/\/para-pharmacity.tn\/index.php?rest_route=%2Fwp%2Fv2%2Fcomments&post=22233"}],"version-history":[{"count":2,"href":"https:\/\/para-pharmacity.tn\/index.php?rest_route=\/wp\/v2\/product\/22233\/revisions"}],"predecessor-version":[{"id":26076,"href":"https:\/\/para-pharmacity.tn\/index.php?rest_route=\/wp\/v2\/product\/22233\/revisions\/26076"}],"wp:featuredmedia":[{"embeddable":true,"href":"https:\/\/para-pharmacity.tn\/index.php?rest_route=\/wp\/v2\/media\/26077"}],"wp:attachment":[{"href":"https:\/\/para-pharmacity.tn\/index.php?rest_route=%2Fwp%2Fv2%2Fmedia&parent=22233"}],"wp:term":[{"taxonomy":"product_cat","embeddable":true,"href":"https:\/\/para-pharmacity.tn\/index.php?rest_route=%2Fwp%2Fv2%2Fproduct_cat&post=22233"},{"taxonomy":"product_tag","embeddable":true,"href":"https:\/\/para-pharmacity.tn\/index.php?rest_route=%2Fwp%2Fv2%2Fproduct_tag&post=22233"}],"curies":[{"name":"wp","href":"https:\/\/api.w.org\/{rel}","templated":true}]}}